{"id":4836,"date":"2025-10-11T22:09:15","date_gmt":"2025-10-11T22:09:15","guid":{"rendered":"https:\/\/cofestival.si\/2025\/?page_id=4836"},"modified":"2025-11-18T11:47:26","modified_gmt":"2025-11-18T11:47:26","slug":"program","status":"publish","type":"page","link":"https:\/\/cofestival.si\/2025\/program\/","title":{"rendered":"Program"},"content":{"rendered":"<h5><strong>Preddogodek<\/strong><\/h5>\n<h4>\u010cetrtek, 20. november<\/h4>\n<p>Kino \u0160i\u0161ka, Komuna od 16.00 do 20.00<br \/>\n<a href=\"https:\/\/cofestival.si\/2025\/politicna-udelezba-za-vse\/\">Politi\u010dna udele\u017eba za vse \u2013 za Evropo enakopravnih<\/a><br \/>\nskup\u0161\u010dina o politi\u010dni udele\u017ebi migrantov in migrantk v Sloveniji<br \/>\nVstop prost<\/p>\n<h5><strong>Program festivala<\/strong><\/h5>\n<h4>Petek, 21. november<\/h4>\n<p>Kino \u0160i\u0161ka, zgornje preddverje ob 18.00<br \/>\n<a href=\"https:\/\/cofestival.si\/2025\/ann-papoulis\/\/\">Ann Papoulis o delu Mercea Cunninghama<\/a><br \/>\npogovor<br \/>\nVstop prost<\/p>\n<p>Kino \u0160i\u0161ka, Katedrala ob 20.00<br \/>\n<a href=\"https:\/\/cofestival.si\/2025\/sylvain-huc-mathilde-olivares\/\">Sylvain Huc in Mathilde Olivares: Novo \u017eivljenje (2025)<\/a><br \/>\nplesna predstava, otvoritev festivala<br \/>\nVstopnina: <a href=\"https:\/\/cofestival.si\/2025\/vstopnice\/\">8\/10 EUR<\/a><\/p>\n<p>Kino \u0160i\u0161ka, zgornje preddverje od 19.00 do 22.00<br \/>\n<a href=\"https:\/\/cofestival.si\/2025\/slovenski-gledaliski-zalozniki\/\">Slovenski gledali\u0161ki zalo\u017eniki na CoFestivalu<\/a><br \/>\nprodaja knjig<br \/>\nVstop prost<\/p>\n<p>Kino \u0160i\u0161ka, spodnje preddverje, po 21.30<br \/>\n<strong>DJ SUNNYSUN<\/strong><br \/>\nDJ zabava<br \/>\nVstop prost<\/p>\n<h4>Sobota, 22. november<\/h4>\n<p>Viba film, mali atelje ob 18.00<br \/>\n<a href=\"https:\/\/cofestival.si\/2025\/tiran-willemse-blackmilk-2023\/\">Tiran Willemse: blackmilk (2023)<\/a><br \/>\nplesna predstava<br \/>\nVstop prost<\/p>\n<p>Stara mestna elektrarna ob 20.00<br \/>\n<a href=\"https:\/\/cofestival.si\/2025\/andreja-rauch-podrzavnik-milan-tomasik\/\">Andreja Rauch Podrzavnik in Milan Tom\u00e1\u0161ik: Cage Open. Tovornjak, ki se pelje mimo glasbene \u0161ole (2025)<\/a><br \/>\npremiera plesne predstave z glasbo v \u017eivo<br \/>\nVstopnina: <a href=\"https:\/\/cofestival.si\/2025\/vstopnice\/\">8\/10 EUR<\/a><\/p>\n<h4>Nedelja, 23. november<\/h4>\n<p>\u0160panski borci, zgornje preddverje ob 19.00<br \/>\n<a href=\"https:\/\/cofestival.si\/2025\/slavco-dimitrov\/\">Slav\u010do Dimitrov: Anarchic Bodies: Corporeal Materialism, Affects and the Political (2025)<\/a><br \/>\npredstavitev knjige<br \/>\nVstop prost<\/p>\n<p>\u0160panski borci, Velika dvorana ob 20.00<br \/>\n<a href=\"https:\/\/cofestival.si\/2025\/sonja-pregrad\/\">Sonja Pregrad: Objekt plesa (2022)<\/a><br \/>\nplesna predstava<br \/>\nVstopnina: <a href=\"https:\/\/cofestival.si\/2025\/vstopnice\/\">8\/10 EUR<\/a><\/p>\n<h4>Ponedeljek, 24. november<\/h4>\n<p>Stara mestna elektrarna ob 18.00<br \/>\n<a href=\"https:\/\/cofestival.si\/2025\/harald-beharie\/\">Harald Beharie: Batty Bwoy (2022)<\/a><br \/>\nplesna predstava in pogovor<br \/>\nVstopnina: <a href=\"https:\/\/cofestival.si\/2025\/vstopnice\/\">8\/10 EUR<\/a><\/p>\n<p>Kino \u0160i\u0161ka, Katedrala ob 21.00<br \/>\n<a href=\"https:\/\/cofestival.si\/2025\/andreja-rauch-podrzavnik\/\">Andreja Rauch Podrzavnik: Guba (2024)<\/a><br \/>\nlikovno uprizoritveni dogodek v treh delih<br \/>\nVstopnina: <a href=\"https:\/\/cofestival.si\/2025\/vstopnice\/\">8\/10 EUR<\/a><\/p>\n<h4>Torek, 25. november<\/h4>\n<p>Lutkovno gledali\u0161\u010de Ljubljana, Oder pod zvezdami in \u0160entjakobski oder ob 19:00<br \/>\n<a href=\"https:\/\/cofestival.si\/2025\/dance-on-ensemble\/\">Dance On Ensemble: Izdelovanje plesov (z deli Mercea Cunninghama, Marthe Graham, Tima Etchellsa in Mathilde Monnier)<\/a><br \/>\nplesne predstave in pogovor; uvodno predavanje v dela M. Cunninghama in M. Graham ob 18.30<br \/>\nVstopnina: <a href=\"https:\/\/cofestival.si\/2025\/vstopnice\/\">8\/10 EUR<\/a><\/p>\n<h4>Sreda, 26. november<\/h4>\n<p>Kino \u0160i\u0161ka, Katedrala ob 17.00<br \/>\n<a href=\"https:\/\/cofestival.si\/2025\/liis-vares-taavet-jansen\/\">Liis Vares in Taavet Jansen: \u0160e vedno se premika (2025)<\/a><br \/>\ninstalacija v navidezni resni\u010dnosti<br \/>\nVstop prost<\/p>\n<p>Stara mestna elektrarna ob 19.30<br \/>\n<a href=\"https:\/\/cofestival.si\/2025\/isabelle-schad\/\">Isabelle Schad: \u0160tudije brezmejnosti #2 \u2013 Golota in krajina (2024)<\/a><br \/>\nplesna predstava; senzori\u010dni uvod v predstavo ob 19.00<br \/>\nVstopnina: <a href=\"https:\/\/cofestival.si\/2025\/vstopnice\/\">8\/10 EUR<\/a><\/p>\n<h4>\u010cetrtek, 27. november<\/h4>\n<p>Stara mestna elektrarna od 11.00 do 15.00<br \/>\n<a href=\"https:\/\/cofestival.si\/2025\/isabelle-schad-workshop\/\">Delavnica Isabelle Schad<\/a><br \/>\nmasterclass za plesalke in plesalce<br \/>\nVstop prost<\/p>\n<p>Kino \u0160i\u0161ka, Komuna od 14.00 do 18.00<br \/>\n<a href=\"https:\/\/cofestival.si\/2025\/ruth-gibson-bruno-martelli\/\">Ruth Gibson in Bruno Martelli: nino (2025)<\/a><br \/>\nplesna instalacija<br \/>\nVstop prost<\/p>\n<p>Plesni Teater Ljubljana ob 19.00<br \/>\n<a href=\"https:\/\/cofestival.si\/2025\/petja-golec-horvat\/\">Petja Golec Horvat: moj privatni lastni* (2025)<\/a><br \/>\nplesna predstava<br \/>\nVstopnina: <a href=\"https:\/\/cofestival.si\/2025\/vstopnice\/\">8\/10 EUR<\/a> (vstopnica velja tudi za predstavo Equilibrium)<\/p>\n<p>Plesni Teater Ljubljana, preddverje ob 20.15<br \/>\n<a href=\"https:\/\/cofestival.si\/2025\/nika-arhar-jasmina-zaloznik\/\">Nika Arhar, Jasmina Zalo\u017enik (ur.): Bodies of Dance: Aspects of Dance as Cultural, Political, and Art Work in Yugoslavia and After (2024)<\/a><br \/>\npredstavitev knjige<br \/>\nVstop prost<\/p>\n<p>Plesni Teater Ljubljana ob 21.00<br \/>\n<a href=\"https:\/\/cofestival.si\/2025\/bor-prokofjev\/\">Bor Prokofjev: Equilibrium (2024)<\/a><br \/>\nplesna predstava<br \/>\nVstopnina: <a href=\"https:\/\/cofestival.si\/2025\/vstopnice\/\">8\/10 EUR<\/a> (vstopnica velja tudi za predstavo moj privatni lastni*)<\/p>\n<h4>Petek, 28. november<\/h4>\n<p>Kino \u0160i\u0161ka, Komuna od 10.00 do 13.00<br \/>\n<a href=\"https:\/\/cofestival.si\/2025\/igor-stromajer-jan-rozman\/\">Igor \u0160tromajer in Jan Rozman: Zgodovinski primeri povezovanja tehnologije s koreografskim delom II<\/a><br \/>\nseminar<br \/>\nVstop prost<\/p>\n<p>Kino \u0160i\u0161ka, Komuna ob 14.00<br \/>\n<a href=\"https:\/\/cofestival.si\/2025\/ples-in-tehnologija\/\">Ples in tehnologija<\/a><br \/>\nseminar<br \/>\nVstop prost<\/p>\n<p>Kino \u0160i\u0161ka, Katedrala ob 20.00<br \/>\n<a href=\"https:\/\/cofestival.si\/2025\/marko-milic-uros-krcadinac\/\">Marko Mili\u0107 in Uro\u0161 Kr\u010dadinac: Brez koraka (2025)<\/a><br \/>\nparticipatorna predstava<br \/>\nVstop prost","protected":false},"excerpt":{"rendered":"<p>Preddogodek \u010cetrtek, 20. november Kino \u0160i\u0161ka, Komuna od 16.00 do 20.00 Politi\u010dna udele\u017eba za vse \u2013 za Evropo enakopravnih skup\u0161\u010dina o politi\u010dni udele\u017ebi migrantov in migrantk v Sloveniji Vstop prost Program festivala Petek, 21. november Kino \u0160i\u0161ka, zgornje preddverje ob 18.00 Ann Papoulis o delu Mercea Cunninghama pogovor Vstop prost Kino \u0160i\u0161ka, Katedrala ob 20.00 [&hellip;]<\/p>\n","protected":false},"author":1,"featured_media":5111,"parent":0,"menu_order":0,"comment_status":"closed","ping_status":"closed","template":"","meta":{"footnotes":""},"class_list":["post-4836","page","type-page","status-publish","format-standard","has-post-thumbnail","hentry"],"_links":{"self":[{"href":"https:\/\/cofestival.si\/2025\/wp-json\/wp\/v2\/pages\/4836","targetHints":{"allow":["GET"]}}],"collection":[{"href":"https:\/\/cofestival.si\/2025\/wp-json\/wp\/v2\/pages"}],"about":[{"href":"https:\/\/cofestival.si\/2025\/wp-json\/wp\/v2\/types\/page"}],"author":[{"embeddable":true,"href":"https:\/\/cofestival.si\/2025\/wp-json\/wp\/v2\/users\/1"}],"replies":[{"embeddable":true,"href":"https:\/\/cofestival.si\/2025\/wp-json\/wp\/v2\/comments?post=4836"}],"version-history":[{"count":25,"href":"https:\/\/cofestival.si\/2025\/wp-json\/wp\/v2\/pages\/4836\/revisions"}],"predecessor-version":[{"id":5091,"href":"https:\/\/cofestival.si\/2025\/wp-json\/wp\/v2\/pages\/4836\/revisions\/5091"}],"wp:featuredmedia":[{"embeddable":true,"href":"https:\/\/cofestival.si\/2025\/wp-json\/wp\/v2\/media\/5111"}],"wp:attachment":[{"href":"https:\/\/cofestival.si\/2025\/wp-json\/wp\/v2\/media?parent=4836"}],"curies":[{"name":"wp","href":"https:\/\/api.w.org\/{rel}","templated":true}]}}