{"id":3047,"date":"2021-11-02T17:01:23","date_gmt":"2021-11-02T17:01:23","guid":{"rendered":"https:\/\/cofestival.si\/2025\/?page_id=3047"},"modified":"2025-11-03T17:28:59","modified_gmt":"2025-11-03T17:28:59","slug":"prizorisca","status":"publish","type":"page","link":"https:\/\/cofestival.si\/2025\/prizorisca\/","title":{"rendered":"Prizori\u0161\u010da"},"content":{"rendered":"<h3 style=\"text-align: left;\">Addresses of the venues of CoFestival 2025<\/h3>\n<p style=\"text-align: left;\"><strong>Center urbane kulture Kino \u0160i\u0161ka<\/strong>, Trg prekomorskih brigad 3, Ljubljana<br \/>\n<strong>Stara mestna elektrarna<\/strong>, Slom\u0161kova ulica 18, Ljubljana<br \/>\n<strong>Plesni Teater Ljubljana<\/strong>, Prijateljeva ulica 2a, Ljubljana<br \/>\n<strong>Center kulture \u0160panski borci<\/strong>, Zalo\u0161ka 61, Ljubljana<br \/>\n<strong>Lutkovno gledali\u0161\u010de Ljubljana<\/strong>, Krekov trg 2, Ljubljana<br \/>\n<strong>Filmski studio Viba film<\/strong>, Stegne 5, Ljubljana<\/p>\n<p>&nbsp;<\/p>\n<p><iframe src=\"https:\/\/www.google.com\/maps\/d\/u\/0\/embed?mid=1QHa7-BfFN7xCrgCL0qGCD0v1TnX8DKc&amp;ehbc=2E312F&amp;noprof=1\" width=\"1100\" height=\"600\"><span data-mce-type=\"bookmark\" style=\"display: inline-block; width: 0px; overflow: hidden; line-height: 0;\" class=\"mce_SELRES_start\">\ufeff<\/span><\/iframe>","protected":false},"excerpt":{"rendered":"<p>Addresses of the venues of CoFestival 2025 Center urbane kulture Kino \u0160i\u0161ka, Trg prekomorskih brigad 3, Ljubljana Stara mestna elektrarna, Slom\u0161kova ulica 18, Ljubljana Plesni Teater Ljubljana, Prijateljeva ulica 2a, Ljubljana Center kulture \u0160panski borci, Zalo\u0161ka 61, Ljubljana Lutkovno gledali\u0161\u010de Ljubljana, Krekov trg 2, Ljubljana Filmski studio Viba film, Stegne 5, Ljubljana &nbsp; \ufeff<\/p>\n","protected":false},"author":1,"featured_media":2752,"parent":0,"menu_order":0,"comment_status":"closed","ping_status":"closed","template":"","meta":{"footnotes":""},"class_list":["post-3047","page","type-page","status-publish","format-standard","has-post-thumbnail","hentry"],"_links":{"self":[{"href":"https:\/\/cofestival.si\/2025\/wp-json\/wp\/v2\/pages\/3047","targetHints":{"allow":["GET"]}}],"collection":[{"href":"https:\/\/cofestival.si\/2025\/wp-json\/wp\/v2\/pages"}],"about":[{"href":"https:\/\/cofestival.si\/2025\/wp-json\/wp\/v2\/types\/page"}],"author":[{"embeddable":true,"href":"https:\/\/cofestival.si\/2025\/wp-json\/wp\/v2\/users\/1"}],"replies":[{"embeddable":true,"href":"https:\/\/cofestival.si\/2025\/wp-json\/wp\/v2\/comments?post=3047"}],"version-history":[{"count":24,"href":"https:\/\/cofestival.si\/2025\/wp-json\/wp\/v2\/pages\/3047\/revisions"}],"predecessor-version":[{"id":5088,"href":"https:\/\/cofestival.si\/2025\/wp-json\/wp\/v2\/pages\/3047\/revisions\/5088"}],"wp:featuredmedia":[{"embeddable":true,"href":"https:\/\/cofestival.si\/2025\/wp-json\/wp\/v2\/media\/2752"}],"wp:attachment":[{"href":"https:\/\/cofestival.si\/2025\/wp-json\/wp\/v2\/media?parent=3047"}],"curies":[{"name":"wp","href":"https:\/\/api.w.org\/{rel}","templated":true}]}}