{"id":3,"date":"2021-08-13T06:20:50","date_gmt":"2021-08-13T06:20:50","guid":{"rendered":"https:\/\/products.wp-ts.com\/merito\/wp\/live-preview\/?page_id=3"},"modified":"2025-10-13T17:26:57","modified_gmt":"2025-10-13T17:26:57","slug":"legal","status":"publish","type":"page","link":"https:\/\/cofestival.si\/2025\/legal\/","title":{"rendered":"Politika zasebnosti in Politika pi\u0161kotkov"},"content":{"rendered":"<!-- Cofestival \u2013 Politika zasebnosti in pi\u0161kotkov (GDPR) --><\/p>\n<div style=\"font-size: 14px; line-height: 1.6;\">\n<p><strong>Politika zasebnosti in Politika pi\u0161kotkov<\/strong><\/p>\n<p>Uvod<br \/>\nTa dokument zdru\u017euje Politiko zasebnosti in Politiko pi\u0161kotkov za spletno stran cofestival.si.<br \/>\nZavezani smo k varstvu va\u0161e zasebnosti in obdelujemo osebne podatke le v obsegu, ki je nujen za delovanje strani in skladno z zakonodajo EU (GDPR) ter zakonodajo RS.<\/p>\n<p><strong>Kateri podatki se zbirajo<\/strong><br \/>\nNe omogo\u010damo registracije, prijave uporabnikov ali oddajanja komentarjev.<br \/>\nNa spletni strani se ne zbirajo osebni podatki uporabnikov, razen podatkov, ki so samodejno obdelani s pomo\u010djo pi\u0161kotkov.<br \/>\nObdelujemo le tehni\u010dne informacije, potrebne za delovanje strani, osnovno statistiko obiskov in za\u0161\u010dito pred zlorabami.<\/p>\n<p><strong>Vrste pi\u0161kotkov<\/strong><br \/>\n&#8211; <em>Nujni<\/em>: potrebni za osnovno delovanje strani (jezik, nastavitve, delovanje WordPressa).<br \/>\n&#8211; <em>Funkcionalni in varnostni<\/em>: omogo\u010dajo prijavo, za\u0161\u010dito strani in osnovne funkcionalnosti (Wordfence, Roundcube).<br \/>\n&#8211; <em>Analiti\u010dni<\/em>: omogo\u010dajo zbiranje statisti\u010dnih podatkov (Google Analytics), uporabljajo se le ob va\u0161i privolitvi.<\/p>\n<p><strong>Seznam pi\u0161kotkov<\/strong><\/p>\n<table border=\"1\" cellspacing=\"0\" cellpadding=\"6\">\n<thead>\n<tr>\n<th>Ime<\/th>\n<th>Ponudnik<\/th>\n<th>Namen<\/th>\n<th>Veljavnost<\/th>\n<th>Vrsta<\/th>\n<\/tr>\n<\/thead>\n<tbody>\n<tr>\n<td>_ga<\/td>\n<td>Google Analytics<\/td>\n<td>Merjenje statistike uporabe<\/td>\n<td>2 leti<\/td>\n<td>Analiti\u010dni<\/td>\n<\/tr>\n<tr>\n<td>_gid<\/td>\n<td>Google Analytics<\/td>\n<td>Bele\u017eenje ogledov strani<\/td>\n<td>1 dan<\/td>\n<td>Analiti\u010dni<\/td>\n<\/tr>\n<tr>\n<td>cookie-notice-accepted<\/td>\n<td>cofestival.si<\/td>\n<td>Shrani odlo\u010ditev o obvestilu o pi\u0161kotkih<\/td>\n<td>1 leto<\/td>\n<td>Nujni<\/td>\n<\/tr>\n<tr>\n<td>wordpress_test_cookie<\/td>\n<td>cofestival.si<\/td>\n<td>Preveri podporo pi\u0161kotkov v brskalniku<\/td>\n<td>Seja<\/td>\n<td>Nujni<\/td>\n<\/tr>\n<tr>\n<td>wp-settings-1, wp-settings-time-1<\/td>\n<td>cofestival.si<\/td>\n<td>Shranjuje uporabni\u0161ke nastavitve WordPressa<\/td>\n<td>1 leto<\/td>\n<td>Nujni<\/td>\n<\/tr>\n<tr>\n<td>wp_lang<\/td>\n<td>cofestival.si<\/td>\n<td>Shranjuje jezik vmesnika<\/td>\n<td>Seja<\/td>\n<td>Nujni<\/td>\n<\/tr>\n<tr>\n<td>qtrans_admin_language, qtrans_front_language<\/td>\n<td>cofestival.si<\/td>\n<td>Izbira jezika (plugin qTranslate)<\/td>\n<td>1 leto<\/td>\n<td>Nujni<\/td>\n<\/tr>\n<tr>\n<td>ucp_tabs<\/td>\n<td>cofestival.si<\/td>\n<td>Nastavitve uporabni\u0161kega vmesnika<\/td>\n<td>1 leto<\/td>\n<td>Nujni<\/td>\n<\/tr>\n<tr>\n<td>roundcube_cookies<\/td>\n<td>cofestival.si<\/td>\n<td>Omogo\u010da delovanje spletne po\u0161te Roundcube<\/td>\n<td>1 leto<\/td>\n<td>Funkcionalni<\/td>\n<\/tr>\n<tr>\n<td>wordpress_logged_in_[hash]<\/td>\n<td>cofestival.si<\/td>\n<td>Ohranja prijavo uporabnika<\/td>\n<td>Seja<\/td>\n<td>Funkcionalni<\/td>\n<\/tr>\n<tr>\n<td>wordpress_sec_[hash]<\/td>\n<td>cofestival.si<\/td>\n<td>Varnost prijave<\/td>\n<td>Seja<\/td>\n<td>Varnostni<\/td>\n<\/tr>\n<tr>\n<td>wfwaf-authcookie-[hash]<\/td>\n<td>cofestival.si<\/td>\n<td>Pi\u0161kotek za za\u0161\u010dito (Wordfence)<\/td>\n<td>Seja<\/td>\n<td>Varnostni<\/td>\n<\/tr>\n<\/tbody>\n<\/table>\n<p><strong>Namen obdelave<\/strong><br \/>\nPodatke obdelujemo za: pravilno delovanje strani, izbolj\u0161anje uporabni\u0161ke izku\u0161nje (jezik, nastavitve),<br \/>\nosnovno statistiko obiska (\u010de podate soglasje), ter za\u0161\u010dito pred zlorabami in napadi.<\/p>\n<p><strong>Pravna podlaga<\/strong><br \/>\n&#8211; nujni, varnostni in funkcionalni pi\u0161kotki: zakoniti interes (\u010dlen 6(1)(f) GDPR),<br \/>\n&#8211; analiti\u010dni pi\u0161kotki (_ga, _gid): privolitev (\u010dlen 6(1)(a) GDPR).<\/p>\n<p><strong>Tretje osebe<\/strong><br \/>\nZa statisti\u010dne namene uporabljamo Google Analytics (Google LLC). Podatki se lahko prena\u0161ajo v ZDA.<br \/>\nUporabljajo se standardne pogodbene klavzule EU. Ve\u010d:<br \/>\n<a href=\"https:\/\/policies.google.com\/privacy\" target=\"_blank\" rel=\"noopener\">Google Privacy Policy<\/a>.<\/p>\n<p><strong>Hramba podatkov<\/strong><br \/>\nPi\u0161kotki se hranijo najve\u010d toliko \u010dasa, kot je navedeno v tabeli zgoraj, oziroma do preklica privolitve za analiti\u010dne pi\u0161kotke.<br \/>\nDruge osebne podatke ne zbiramo in ne hranimo.<\/p>\n<p><strong>Va\u0161e pravice<\/strong><br \/>\nImate pravico do dostopa do osebnih podatkov, popravka, izbrisa, omejitve obdelave,<br \/>\npreklica privolitve (za analiti\u010dne pi\u0161kotke) ter pravico vlo\u017eiti prito\u017ebo pri Informacijskem poobla\u0161\u010dencu RS.<\/p>\n<p><strong>Kontakt<\/strong><br \/>\nUpravljavec spletne strani je Cofestival. Za vpra\u0161anja glede obdelave osebnih podatkov<br \/>\nnas lahko kontaktirate na <a href=\"mailto:info@cofestival.si\">info@cofestival.si<\/a>.<\/p>\n<\/div>","protected":false},"excerpt":{"rendered":"<p>Politika zasebnosti in Politika pi\u0161kotkov Uvod Ta dokument zdru\u017euje Politiko zasebnosti in Politiko pi\u0161kotkov za spletno stran cofestival.si. Zavezani smo k varstvu va\u0161e zasebnosti in obdelujemo osebne podatke le v obsegu, ki je nujen za delovanje strani in skladno z zakonodajo EU (GDPR) ter zakonodajo RS. Kateri podatki se zbirajo Ne omogo\u010damo registracije, prijave uporabnikov [&hellip;]<\/p>\n","protected":false},"author":1,"featured_media":0,"parent":0,"menu_order":0,"comment_status":"closed","ping_status":"open","template":"","meta":{"footnotes":""},"class_list":["post-3","page","type-page","status-publish","format-standard","hentry"],"_links":{"self":[{"href":"https:\/\/cofestival.si\/2025\/wp-json\/wp\/v2\/pages\/3","targetHints":{"allow":["GET"]}}],"collection":[{"href":"https:\/\/cofestival.si\/2025\/wp-json\/wp\/v2\/pages"}],"about":[{"href":"https:\/\/cofestival.si\/2025\/wp-json\/wp\/v2\/types\/page"}],"author":[{"embeddable":true,"href":"https:\/\/cofestival.si\/2025\/wp-json\/wp\/v2\/users\/1"}],"replies":[{"embeddable":true,"href":"https:\/\/cofestival.si\/2025\/wp-json\/wp\/v2\/comments?post=3"}],"version-history":[{"count":8,"href":"https:\/\/cofestival.si\/2025\/wp-json\/wp\/v2\/pages\/3\/revisions"}],"predecessor-version":[{"id":4935,"href":"https:\/\/cofestival.si\/2025\/wp-json\/wp\/v2\/pages\/3\/revisions\/4935"}],"wp:attachment":[{"href":"https:\/\/cofestival.si\/2025\/wp-json\/wp\/v2\/media?parent=3"}],"curies":[{"name":"wp","href":"https:\/\/api.w.org\/{rel}","templated":true}]}}