{"id":2836,"date":"2021-10-29T16:23:46","date_gmt":"2021-10-29T16:23:46","guid":{"rendered":"https:\/\/cofestival.si\/2025\/?page_id=2836"},"modified":"2025-11-04T19:33:53","modified_gmt":"2025-11-04T19:33:53","slug":"vstopnice","status":"publish","type":"page","link":"https:\/\/cofestival.si\/2025\/vstopnice\/","title":{"rendered":"Vstopnice"},"content":{"rendered":"<strong>Nakup vstopnic:<\/strong><br \/>\n<a href=\"http:\/\/www.eventim.si\" target=\"_blank\" rel=\"noopener\">www.eventim.si<\/a> in <a href=\"http:\/\/www.kinosiska.si\" target=\"_blank\" rel=\"noopener\">www.kinosiska.si<\/a><\/p>\n<p><strong>Festivalska vstopnica:<\/strong> <a href=\"https:\/\/www.eventim.si\/artist\/cofestival\/cofestival-2025-3997461\/\" target=\"_blank\" rel=\"noopener\">40 EUR<\/a><\/p>\n<p><strong>Posamezne vstopnice:<\/strong> <a href=\"https:\/\/www.eventim.si\/artist\/cofestival\/\" target=\"_blank\" rel=\"noopener\">8 EUR (predprodaja) 10 EUR (prodaja)<\/a><\/p>\n<p><a href=\"http:\/\/www.eventim.si\/artist\/cofestival\/s-huc-in-m-olivares-novo-zivljenje-4012862\/\" target=\"_blank\" rel=\"noopener\">Sylvain Huc in Mathilde Olivares: Novo \u017eivljenje (2025)<\/a><br \/>\n<a href=\"http:\/\/www.eventim.si\/artist\/cofestival\/cage-open-4014095\/\" target=\"_blank\" rel=\"noopener\">Andreja Rauch Podrzavnik in Milan Tom\u00e1\u0161ik: Cage Open. Tovornjak, ki se pelje mimo glasbene \u0161ole (2025)<\/a><br \/>\n<a href=\"http:\/\/www.eventim.si\/artist\/cofestival\/sonja-pregrad-objekt-plesa-4014121\/\" target=\"_blank\" rel=\"noopener\">Sonja Pregrad: Objekt plesa (2022)<\/a><br \/>\n<a href=\"http:\/\/www.eventim.si\/artist\/cofestival\/harald-beharie-batty-bwoy-4014137\/\" target=\"_blank\" rel=\"noopener\">Harald Beharie: Batty Bwoy (2022)<\/a><br \/>\n<a href=\"http:\/\/www.eventim.si\/artist\/cofestival\/andreja-rauch-podrzavnik-guba-4014147\/\" target=\"_blank\" rel=\"noopener\">Andreja Rauch Podrzavnik: Guba (2024)<\/a><br \/>\n<a href=\"http:\/\/www.eventim.si\/artist\/cofestival\/dance-on-ensemble-izdelovanje-plesov-4014180\/\" target=\"_blank\" rel=\"noopener\">Dance On Ensemble: Izdelovanje plesov (z deli Mercea Cunninghama, Marthe Graham, Tima Etchellsa in Mathilde Monnier)<\/a><br \/>\n<a href=\"http:\/\/www.eventim.si\/artist\/cofestival\/studije-brezmejnosti-2-4014269\/\" target=\"_blank\" rel=\"noopener\">Isabelle Schad: \u0160tudije brezmejnosti #2 \u2013 Golota in krajina (2024)<\/a><br \/>\n<a href=\"http:\/\/www.eventim.si\/artist\/cofestival\/petja-golec-horvat-moj-privatni-lastni-4014283\/\" target=\"_blank\" rel=\"noopener\">Petja Golec Horvat: moj privatni lastni* (2025)<\/a> (vstopnica velja tudi za predstavo Equilibrium)<br \/>\n<a href=\"http:\/\/www.eventim.si\/artist\/cofestival\/bor-prokofjev-equilibrium-4014295\/\" target=\"_blank\" rel=\"noopener\">Bor Prokofjev: Equilibrium (2024)<\/a> (vstopnica velja tudi za predstavo moj privatni lastni*)<\/p>\n<p>Blagajna Kina \u0160i\u0161ka je odprta od ponedeljka do petka od 15. do 20. ure. Na dan dogodka se odpre uro prej. M: 030 310 110; T: 01 500 3000<br \/>\nBlagajna na drugih prizori\u0161\u010dih je odprta uro pred predstavo.<\/p>\n<p><strong>Popusti:<\/strong><br \/>\nDijaki, \u0161tudentje, upokojenci, registrirane brezposelne osebe, registrirane samozaposlene osebe na podro\u010dju kulture in medijev z veljavnim dokazilom o svojem statusu ter skupine nad 5 oseb imajo 25 % popusta pri nakupu vstopnic v predprodaji (ne na dan dogodka) v Kinu \u0160i\u0161ka. Morebitni popusti se ne se\u0161tevajo. Otroci do 12. leta imajo vstop prost. Za gibalno in senzorno ovirane osebe je vstopnica brezpla\u010dna. Prost vstop pripada tudi enemu (1) spremljevalcu.<\/p>\n<p><strong>Informacije:<\/strong><br \/>\ninfo@cofestival.si<\/p>\n<p><strong>Dodatne informacije:<\/strong><br \/>\n<a href=\"http:\/\/www.kinosiska.si\" target=\"_blank\" rel=\"noopener\">www.kinosiska.si<\/a><br \/>\n<a href=\"http:\/\/www.nda.si\" target=\"_blank\" rel=\"noopener\">www.nda.si<\/a>","protected":false},"excerpt":{"rendered":"<p>Nakup vstopnic: www.eventim.si in www.kinosiska.si Festivalska vstopnica: 40 EUR Posamezne vstopnice: 8 EUR (predprodaja) 10 EUR (prodaja) Sylvain Huc in Mathilde Olivares: Novo \u017eivljenje (2025) Andreja Rauch Podrzavnik in Milan Tom\u00e1\u0161ik: Cage Open. Tovornjak, ki se pelje mimo glasbene \u0161ole (2025) Sonja Pregrad: Objekt plesa (2022) Harald Beharie: Batty Bwoy (2022) Andreja Rauch Podrzavnik: Guba [&hellip;]<\/p>\n","protected":false},"author":1,"featured_media":2754,"parent":0,"menu_order":0,"comment_status":"closed","ping_status":"closed","template":"","meta":{"footnotes":""},"class_list":["post-2836","page","type-page","status-publish","format-standard","has-post-thumbnail","hentry"],"_links":{"self":[{"href":"https:\/\/cofestival.si\/2025\/wp-json\/wp\/v2\/pages\/2836","targetHints":{"allow":["GET"]}}],"collection":[{"href":"https:\/\/cofestival.si\/2025\/wp-json\/wp\/v2\/pages"}],"about":[{"href":"https:\/\/cofestival.si\/2025\/wp-json\/wp\/v2\/types\/page"}],"author":[{"embeddable":true,"href":"https:\/\/cofestival.si\/2025\/wp-json\/wp\/v2\/users\/1"}],"replies":[{"embeddable":true,"href":"https:\/\/cofestival.si\/2025\/wp-json\/wp\/v2\/comments?post=2836"}],"version-history":[{"count":57,"href":"https:\/\/cofestival.si\/2025\/wp-json\/wp\/v2\/pages\/2836\/revisions"}],"predecessor-version":[{"id":5107,"href":"https:\/\/cofestival.si\/2025\/wp-json\/wp\/v2\/pages\/2836\/revisions\/5107"}],"wp:featuredmedia":[{"embeddable":true,"href":"https:\/\/cofestival.si\/2025\/wp-json\/wp\/v2\/media\/2754"}],"wp:attachment":[{"href":"https:\/\/cofestival.si\/2025\/wp-json\/wp\/v2\/media?parent=2836"}],"curies":[{"name":"wp","href":"https:\/\/api.w.org\/{rel}","templated":true}]}}