{"id":4836,"date":"2025-10-11T22:09:15","date_gmt":"2025-10-11T22:09:15","guid":{"rendered":"https:\/\/cofestival.si\/2025\/?page_id=4836"},"modified":"2025-11-18T11:47:26","modified_gmt":"2025-11-18T11:47:26","slug":"program","status":"publish","type":"page","link":"https:\/\/cofestival.si\/2025\/en\/program\/","title":{"rendered":"Programme"},"content":{"rendered":"<h5><strong>Pre-festival event<\/strong><\/h5>\n<h4>Thursday, 20 November<\/h4>\n<p>Kino \u0160i\u0161ka, Komuna from 4:00 p.m. to 8:00 p.m.<br \/>\n<a href=\"https:\/\/cofestival.si\/2025\/en\/politicna-udelezba-za-vse\/\">Political Participation for All \u2013 For a Europe of Equals<\/a><br \/>\nassembly on the political participation of migrants in Slovenia<br \/>\nFree entry<\/p>\n<h5><strong>Festival programme<\/strong><\/h5>\n<h4>Friday, 21 November<\/h4>\n<p>Kino \u0160i\u0161ka, upper foyer at 6:00 p.m.<br \/>\n<a href=\"https:\/\/cofestival.si\/2025\/en\/ann-papoulis\/\">Ann Papoulis on the Work of Merce Cunningham<\/a><br \/>\ndiscussion<br \/>\nFree entry<\/p>\n<p>Kino \u0160i\u0161ka, Katedrala at 8:00 p.m.<br \/>\n<a href=\"https:\/\/cofestival.si\/2025\/en\/sylvain-huc-mathilde-olivares\/\">Sylvain Huc and Mathilde Olivares: La Vie nouvelle (2025)<\/a><br \/>\ndance performance, festival opening<br \/>\nEntry: <a href=\"https:\/\/cofestival.si\/2025\/en\/vstopnice\/\">8\/10 EUR<\/a><\/p>\n<p>Kino \u0160i\u0161ka, upper foyer from 7:00 p.m. to 10:00 p.m.<br \/>\n<a href=\"https:\/\/cofestival.si\/2025\/en\/slovenski-gledaliski-zalozniki\/\">Slovenian Theatre Publishers at CoFestival<\/a><br \/>\nbook sale<br \/>\nFree entry<\/p>\n<p>Kino \u0160i\u0161ka, lower foyer, after 21:30<br \/>\n<strong>DJ SUNNYSUN <\/strong><br \/>\nDJ party<br \/>\nFree entry<\/p>\n<h4>Saturday, 22 November<\/h4>\n<p>Viba film, Small Studio at 6:00 p.m.<br \/>\n<a href=\"https:\/\/cofestival.si\/2025\/en\/tiran-willemse-blackmilk-2023\/\">Tiran Willemse: blackmilk (2023)<\/a><br \/>\ndance performance<br \/>\nFree entry<\/p>\n<p>The Old Power Station at 8:00 p.m.<br \/>\n<a href=\"https:\/\/cofestival.si\/2025\/en\/andreja-rauch-podrzavnik-milan-tomasik\/\">Andreja Rauch Podrzavnik and Milan Tom\u00e1\u0161ik: Cage Open. A Truck Passing by a Music School (2025)<\/a><br \/>\ndance performance premiere with live music<br \/>\nEntry: <a href=\"https:\/\/cofestival.si\/2025\/en\/vstopnice\/\">8\/10 EUR<\/a><\/p>\n<h4>Sunday, 23 November<\/h4>\n<p>\u0160panski borci, upper foyer at 7:00 p.m.<br \/>\n<a href=\"https:\/\/cofestival.si\/2025\/en\/slavco-dimitrov\/\">Slavcho Dimitrov: Anarchic Bodies: Corporeal Materialism, Affects and the Political (2025)<\/a><br \/>\nbook presentation<br \/>\nFree entry<\/p>\n<p>\u0160panski borci, Main Hall at 8:00 p.m.<br \/>\n<a href=\"https:\/\/cofestival.si\/2025\/en\/sonja-pregrad\/\">Sonja Pregrad: Object of Dance (2022)<\/a><br \/>\ndance performance<br \/>\nEntry: <a href=\"https:\/\/cofestival.si\/2025\/en\/vstopnice\/\">8\/10 EUR<\/a><\/p>\n<h4>Monday, 24 November<\/h4>\n<p>The Old Power Station at 6:00 p.m.<br \/>\n<a href=\"https:\/\/cofestival.si\/2025\/en\/harald-beharie\/\">Harald Beharie: Batty Bwoy (2022)<\/a><br \/>\ndance performance and after-talk<br \/>\nEntry: <a href=\"https:\/\/cofestival.si\/2025\/en\/vstopnice\/\">8\/10 EUR<\/a><\/p>\n<p>Kino \u0160i\u0161ka, Katedrala at 9:00 p.m.<br \/>\n<a href=\"https:\/\/cofestival.si\/2025\/en\/andreja-rauch-podrzavnik\/\">Andreja Rauch Podrzavnik: Fold (2024)<\/a><br \/>\nartistic performance event in three parts<br \/>\nEntry: <a href=\"https:\/\/cofestival.si\/2025\/en\/vstopnice\/\">8\/10 EUR<\/a><\/p>\n<h4>Tuesday, 25 November<\/h4>\n<p>Ljubljana Puppet Theatre, Stage Under the Stars and \u0160entjakob Stage at 7:00 p.m.<br \/>\n<a href=\"https:\/\/cofestival.si\/2025\/en\/dance-on-ensemble\/\">Dance On Ensemble: Making Dances (with works of Merce Cunningham, Martha Graham, Tim Etchells and Mathilde Monnier)<\/a><br \/>\ndance performances and discussion; introduction to works of M. Cunningham and M. Graham at 6:30 p.m.<br \/>\nEntry: <a href=\"https:\/\/cofestival.si\/2025\/en\/vstopnice\/\">8\/10 EUR<\/a><\/p>\n<h4>Wednesday, 26 November<\/h4>\n<p>Kino \u0160i\u0161ka, Katedrala at 5:00 p.m.<br \/>\n<a href=\"https:\/\/cofestival.si\/2025\/en\/liis-vares-taavet-jansen\/\">Liis Vares and Taavet Jansen: Still Moving (2025)<\/a><br \/>\nVR installation<br \/>\nFree entry<\/p>\n<p>The Old Power Station at 7:30 p.m.<br \/>\n<a href=\"https:\/\/cofestival.si\/2025\/en\/isabelle-schad\/\">Isabelle Schad: Studies on Infinity #2 \u2013 Nudity and Landscape (2024)<\/a><br \/>\ndance performance; sensory introduction to the performance at 7:00 p.m.<br \/>\nEntry: <a href=\"https:\/\/cofestival.si\/2025\/en\/vstopnice\/\">8\/10 EUR<\/a><\/p>\n<h4>Thursday, 27 November<\/h4>\n<p>The Old Power Station from 11:00 a.m. to 3:00 p.m.<br \/>\n<a href=\"https:\/\/cofestival.si\/2025\/en\/isabelle-schad-workshop\/\">Isabelle Schad\u2019s master class<\/a><br \/>\nmaster class for dancers<br \/>\nFree entry<\/p>\n<p>Kino \u0160i\u0161ka, Komuna from 2:00 p.m. to 6:00 p.m.<br \/>\n<a href=\"https:\/\/cofestival.si\/2025\/en\/ruth-gibson-bruno-martelli\/\">Ruth Gibson and Bruno Martelli: nino (2025)<\/a><br \/>\ndance installation<br \/>\nFree entry<\/p>\n<p>Dance Theatre Ljubljana at 7:00 p.m.<br \/>\n<a href=\"https:\/\/cofestival.si\/2025\/en\/petja-golec-horvat\/\">Petja Golec Horvat: my own private* (2025)<\/a><br \/>\ndance performance<br \/>\nEntry: <a href=\"https:\/\/cofestival.si\/2025\/en\/vstopnice\/\">8\/10 EUR<\/a> (This double-bill ticket includes the performance Equilibrium)<\/p>\n<p>Dance Theatre Ljubljana, foyer at 8:15 p.m.<br \/>\n<a href=\"https:\/\/cofestival.si\/2025\/en\/nika-arhar-jasmina-zaloznik\/\">Nika Arhar, Jasmina Zalo\u017enik (eds.): Bodies of Dance: Aspects of Dance as Cultural, Political, and Art Work in Yugoslavia and After (2024)<\/a><br \/>\nbook presentation<br \/>\nFree entry<\/p>\n<p>Dance Theatre Ljubljana at 9:00 p.m.<br \/>\n<a href=\"https:\/\/cofestival.si\/2025\/en\/bor-prokofjev\/\">Bor Prokofjev: Equilibrium (2024)<\/a><br \/>\ndance performance<br \/>\nEntry: <a href=\"https:\/\/cofestival.si\/2025\/en\/vstopnice\/\">8\/10 EUR<\/a> (This double-bill ticket includes the performance my own private*.)<\/p>\n<h4>Friday, 28 November<\/h4>\n<p>Kino \u0160i\u0161ka, Komuna from 10:00 a.m. to 1:00 p.m.<br \/>\n<a href=\"https:\/\/cofestival.si\/2025\/en\/igor-stromajer-jan-rozman\/\">Igor \u0160tromajer and Jan Rozman: Historical Examples Linking Technology with Choreographic Work II<\/a><br \/>\nseminar<br \/>\nFree entry<\/p>\n<p>Kino \u0160i\u0161ka, Komuna at 2:00 p.m.<br \/>\n<a href=\"https:\/\/cofestival.si\/2025\/en\/ples-in-tehnologija\/\">Dance and Technology<\/a><br \/>\nseminar<br \/>\nFree entry<\/p>\n<p>Kino \u0160i\u0161ka, Katedrala at 8:00 p.m.<br \/>\n<a href=\"https:\/\/cofestival.si\/2025\/en\/marko-milic-uros-krcadinac\/\">Marko Mili\u0107 and Uro\u0161 Kr\u010dadinac: Gaitless (2025)<\/a><br \/>\nparticipatory performance<br \/>\nFree entry","protected":false},"excerpt":{"rendered":"<p>Pre-festival event Thursday, 20 November Kino \u0160i\u0161ka, Komuna from 4:00 p.m. to 8:00 p.m. Political Participation for All \u2013 For a Europe of Equals assembly on the political participation of migrants in Slovenia Free entry Festival programme Friday, 21 November Kino \u0160i\u0161ka, upper foyer at 6:00 p.m. Ann Papoulis on the Work of Merce Cunningham [&hellip;]<\/p>\n","protected":false},"author":1,"featured_media":5111,"parent":0,"menu_order":0,"comment_status":"closed","ping_status":"closed","template":"","meta":{"footnotes":""},"class_list":["post-4836","page","type-page","status-publish","format-standard","has-post-thumbnail","hentry"],"_links":{"self":[{"href":"https:\/\/cofestival.si\/2025\/en\/wp-json\/wp\/v2\/pages\/4836","targetHints":{"allow":["GET"]}}],"collection":[{"href":"https:\/\/cofestival.si\/2025\/en\/wp-json\/wp\/v2\/pages"}],"about":[{"href":"https:\/\/cofestival.si\/2025\/en\/wp-json\/wp\/v2\/types\/page"}],"author":[{"embeddable":true,"href":"https:\/\/cofestival.si\/2025\/en\/wp-json\/wp\/v2\/users\/1"}],"replies":[{"embeddable":true,"href":"https:\/\/cofestival.si\/2025\/en\/wp-json\/wp\/v2\/comments?post=4836"}],"version-history":[{"count":25,"href":"https:\/\/cofestival.si\/2025\/en\/wp-json\/wp\/v2\/pages\/4836\/revisions"}],"predecessor-version":[{"id":5091,"href":"https:\/\/cofestival.si\/2025\/en\/wp-json\/wp\/v2\/pages\/4836\/revisions\/5091"}],"wp:featuredmedia":[{"embeddable":true,"href":"https:\/\/cofestival.si\/2025\/en\/wp-json\/wp\/v2\/media\/5111"}],"wp:attachment":[{"href":"https:\/\/cofestival.si\/2025\/en\/wp-json\/wp\/v2\/media?parent=4836"}],"curies":[{"name":"wp","href":"https:\/\/api.w.org\/{rel}","templated":true}]}}