{"id":2748,"date":"2021-10-26T20:47:12","date_gmt":"2021-10-26T20:47:12","guid":{"rendered":"https:\/\/cofestival.si\/2025\/?page_id=2748"},"modified":"2025-11-28T13:40:59","modified_gmt":"2025-11-28T13:40:59","slug":"podporniki","status":"publish","type":"page","link":"https:\/\/cofestival.si\/2025\/en\/podporniki\/","title":{"rendered":"Supporters"},"content":{"rendered":"<h3>Production:<\/h3>\n<p><a href=\"http:\/\/kinosiska.si\" target=\"_blank\" rel=\"noopener\"><img decoding=\"async\" class=\"alignnone wp-image-2458 \" src=\"http:\/\/cofestival.si\/2025\/wp-content\/uploads\/sites\/20\/2021\/09\/CoF-KS-e1635893222300.jpeg\" alt=\"\" width=\"187\" height=\"176\" \/><\/a> <a href=\"https:\/\/nda.si\/\" target=\"_blank\" rel=\"noopener\"><img decoding=\"async\" class=\"alignnone wp-image-2459 \" src=\"http:\/\/cofestival.si\/2025\/wp-content\/uploads\/sites\/20\/2021\/09\/nda-slo-300x300-1-e1635893194594.jpeg\" alt=\"\" width=\"182\" height=\"171\" \/><\/a><\/p>\n<h3><strong><br \/>\n<\/strong>With support:<strong><br \/>\n<\/strong><\/h3>\n<p><a href=\"https:\/\/www.ljubljana.si\/\" target=\"_blank\" rel=\"noopener\"><img decoding=\"async\" class=\"alignnone wp-image-3090\" src=\"http:\/\/cofestival.si\/2025\/wp-content\/uploads\/sites\/20\/2021\/11\/mol-e1635892541561-300x95.jpeg\" alt=\"\" width=\"237\" height=\"75\" srcset=\"https:\/\/cofestival.si\/2025\/wp-content\/uploads\/sites\/20\/2021\/11\/mol-e1635892541561-300x95.jpeg 300w, https:\/\/cofestival.si\/2025\/wp-content\/uploads\/sites\/20\/2021\/11\/mol-e1635892541561.jpeg 400w\" sizes=\"(max-width: 237px) 100vw, 237px\" \/><\/a> <img loading=\"lazy\" decoding=\"async\" class=\"alignnone wp-image-3091\" src=\"http:\/\/cofestival.si\/2025\/wp-content\/uploads\/sites\/20\/2021\/11\/ljubljana-zelena-e1635892520163-300x156.jpeg\" alt=\"\" width=\"137\" height=\"71\" srcset=\"https:\/\/cofestival.si\/2025\/wp-content\/uploads\/sites\/20\/2021\/11\/ljubljana-zelena-e1635892520163-300x156.jpeg 300w, https:\/\/cofestival.si\/2025\/wp-content\/uploads\/sites\/20\/2021\/11\/ljubljana-zelena-e1635892520163.jpeg 400w\" sizes=\"(max-width: 137px) 100vw, 137px\" \/><a href=\"https:\/\/en.unesco.org\/\" target=\"_blank\" rel=\"noopener\"><img loading=\"lazy\" decoding=\"async\" class=\"alignnone wp-image-3113 \" src=\"http:\/\/cofestival.si\/2025\/wp-content\/uploads\/sites\/20\/2021\/11\/unesco-300x300-1-e1635961071992.jpeg\" alt=\"\" width=\"149\" height=\"83\" \/><\/a><a href=\"https:\/\/www.gov.si\/drzavni-organi\/ministrstva\/ministrstvo-za-kulturo\/\" target=\"_blank\" rel=\"noopener\"><img loading=\"lazy\" decoding=\"async\" class=\"alignnone wp-image-3114 \" src=\"http:\/\/cofestival.si\/2025\/wp-content\/uploads\/sites\/20\/2021\/11\/rs-kultura-300x300-1-e1635961135575.jpeg\" alt=\"\" width=\"266\" height=\"85\" \/><img loading=\"lazy\" decoding=\"async\" class=\"alignnone size-full wp-image-4980\" src=\"http:\/\/cofestival.si\/2025\/wp-content\/uploads\/sites\/20\/2025\/10\/Screenshot-2025-10-25-203017.png\" alt=\"\" width=\"291\" height=\"78\" \/><\/a><\/p>\n<p><img loading=\"lazy\" decoding=\"async\" class=\"alignnone wp-image-4679 \" src=\"http:\/\/cofestival.si\/2025\/wp-content\/uploads\/sites\/20\/2024\/11\/MODINA-e1730979340432-300x98.png\" alt=\"\" width=\"205\" height=\"67\" srcset=\"https:\/\/cofestival.si\/2025\/wp-content\/uploads\/sites\/20\/2024\/11\/MODINA-e1730979340432-300x98.png 300w, https:\/\/cofestival.si\/2025\/wp-content\/uploads\/sites\/20\/2024\/11\/MODINA-e1730979340432.png 577w\" sizes=\"(max-width: 205px) 100vw, 205px\" \/><img loading=\"lazy\" decoding=\"async\" class=\"alignnone wp-image-4342\" src=\"http:\/\/cofestival.si\/2025\/wp-content\/uploads\/sites\/20\/2023\/11\/Screenshot-2023-11-09-133440-300x116.png\" alt=\"\" width=\"158\" height=\"61\" srcset=\"https:\/\/cofestival.si\/2025\/wp-content\/uploads\/sites\/20\/2023\/11\/Screenshot-2023-11-09-133440-300x116.png 300w, https:\/\/cofestival.si\/2025\/wp-content\/uploads\/sites\/20\/2023\/11\/Screenshot-2023-11-09-133440.png 478w\" sizes=\"(max-width: 158px) 100vw, 158px\" \/> <span style=\"font-weight: 400;\"><img loading=\"lazy\" decoding=\"async\" class=\"alignnone wp-image-4970\" src=\"http:\/\/cofestival.si\/2025\/wp-content\/uploads\/sites\/20\/2025\/10\/citidem-logo-300x130.png\" alt=\"\" width=\"157\" height=\"68\" srcset=\"https:\/\/cofestival.si\/2025\/wp-content\/uploads\/sites\/20\/2025\/10\/citidem-logo-300x130.png 300w, https:\/\/cofestival.si\/2025\/wp-content\/uploads\/sites\/20\/2025\/10\/citidem-logo.png 495w\" sizes=\"(max-width: 157px) 100vw, 157px\" \/><\/span>\u00a0<img loading=\"lazy\" decoding=\"async\" class=\"alignnone size-medium wp-image-4410\" src=\"http:\/\/cofestival.si\/2025\/wp-content\/uploads\/sites\/20\/2023\/11\/EN-Co-Funded-by-the-EU_POS-modified-300x63.png\" alt=\"\" width=\"300\" height=\"63\" srcset=\"https:\/\/cofestival.si\/2025\/wp-content\/uploads\/sites\/20\/2023\/11\/EN-Co-Funded-by-the-EU_POS-modified-300x63.png 300w, https:\/\/cofestival.si\/2025\/wp-content\/uploads\/sites\/20\/2023\/11\/EN-Co-Funded-by-the-EU_POS-modified.png 712w\" sizes=\"(max-width: 300px) 100vw, 300px\" \/><img loading=\"lazy\" decoding=\"async\" class=\"alignnone wp-image-3086\" src=\"http:\/\/cofestival.si\/2025\/wp-content\/uploads\/sites\/20\/2021\/11\/dance-on-pass-on-300x300-1-e1635932942320.jpeg\" alt=\"\" width=\"169\" height=\"72\" \/><\/p>\n<p><img loading=\"lazy\" decoding=\"async\" class=\"alignnone wp-image-4975\" src=\"http:\/\/cofestival.si\/2025\/wp-content\/uploads\/sites\/20\/2025\/10\/Screenshot-2025-10-25-202426-300x87.png\" alt=\"\" width=\"272\" height=\"79\" srcset=\"https:\/\/cofestival.si\/2025\/wp-content\/uploads\/sites\/20\/2025\/10\/Screenshot-2025-10-25-202426-300x87.png 300w, https:\/\/cofestival.si\/2025\/wp-content\/uploads\/sites\/20\/2025\/10\/Screenshot-2025-10-25-202426-768x222.png 768w, https:\/\/cofestival.si\/2025\/wp-content\/uploads\/sites\/20\/2025\/10\/Screenshot-2025-10-25-202426.png 795w\" sizes=\"(max-width: 272px) 100vw, 272px\" \/><img loading=\"lazy\" decoding=\"async\" class=\"alignnone size-medium wp-image-4976\" src=\"http:\/\/cofestival.si\/2025\/wp-content\/uploads\/sites\/20\/2025\/10\/Screenshot-2025-10-25-202506-modified-300x72.png\" alt=\"\" width=\"300\" height=\"72\" srcset=\"https:\/\/cofestival.si\/2025\/wp-content\/uploads\/sites\/20\/2025\/10\/Screenshot-2025-10-25-202506-modified-300x72.png 300w, https:\/\/cofestival.si\/2025\/wp-content\/uploads\/sites\/20\/2025\/10\/Screenshot-2025-10-25-202506-modified-768x183.png 768w, https:\/\/cofestival.si\/2025\/wp-content\/uploads\/sites\/20\/2025\/10\/Screenshot-2025-10-25-202506-modified.png 881w\" sizes=\"(max-width: 300px) 100vw, 300px\" \/><span style=\"font-weight: 400;\">\u00a0<img loading=\"lazy\" decoding=\"async\" class=\"alignnone wp-image-4974\" src=\"http:\/\/cofestival.si\/2025\/wp-content\/uploads\/sites\/20\/2025\/10\/GI_Logo_horizontal_black_sRGB-300x140.jpg\" alt=\"\" width=\"150\" height=\"70\" srcset=\"https:\/\/cofestival.si\/2025\/wp-content\/uploads\/sites\/20\/2025\/10\/GI_Logo_horizontal_black_sRGB-300x140.jpg 300w, https:\/\/cofestival.si\/2025\/wp-content\/uploads\/sites\/20\/2025\/10\/GI_Logo_horizontal_black_sRGB-1024x479.jpg 1024w, https:\/\/cofestival.si\/2025\/wp-content\/uploads\/sites\/20\/2025\/10\/GI_Logo_horizontal_black_sRGB-768x359.jpg 768w, https:\/\/cofestival.si\/2025\/wp-content\/uploads\/sites\/20\/2025\/10\/GI_Logo_horizontal_black_sRGB.jpg 1413w\" sizes=\"(max-width: 150px) 100vw, 150px\" \/>\u00a0 <img loading=\"lazy\" decoding=\"async\" class=\"alignnone wp-image-4977\" src=\"http:\/\/cofestival.si\/2025\/wp-content\/uploads\/sites\/20\/2025\/10\/Screenshot-2025-10-25-202613-300x90.png\" alt=\"\" width=\"243\" height=\"73\" srcset=\"https:\/\/cofestival.si\/2025\/wp-content\/uploads\/sites\/20\/2025\/10\/Screenshot-2025-10-25-202613-300x90.png 300w, https:\/\/cofestival.si\/2025\/wp-content\/uploads\/sites\/20\/2025\/10\/Screenshot-2025-10-25-202613.png 505w\" sizes=\"(max-width: 243px) 100vw, 243px\" \/>\u00a0<\/span><span style=\"font-weight: 400;\"><img loading=\"lazy\" decoding=\"async\" class=\"alignnone wp-image-4978\" src=\"http:\/\/cofestival.si\/2025\/wp-content\/uploads\/sites\/20\/2025\/10\/Screenshot-2025-10-25-202800-300x116.png\" alt=\"\" width=\"225\" height=\"87\" srcset=\"https:\/\/cofestival.si\/2025\/wp-content\/uploads\/sites\/20\/2025\/10\/Screenshot-2025-10-25-202800-300x116.png 300w, https:\/\/cofestival.si\/2025\/wp-content\/uploads\/sites\/20\/2025\/10\/Screenshot-2025-10-25-202800-1024x397.png 1024w, https:\/\/cofestival.si\/2025\/wp-content\/uploads\/sites\/20\/2025\/10\/Screenshot-2025-10-25-202800-768x298.png 768w, https:\/\/cofestival.si\/2025\/wp-content\/uploads\/sites\/20\/2025\/10\/Screenshot-2025-10-25-202800.png 1330w\" sizes=\"(max-width: 225px) 100vw, 225px\" \/><\/span><\/p>\n<p>&nbsp;<\/p>\n<h3>Partners:<\/h3>\n<p>&nbsp;<\/p>\n<p><span style=\"font-weight: 400;\"><img loading=\"lazy\" decoding=\"async\" class=\"alignnone wp-image-5011\" src=\"http:\/\/cofestival.si\/2025\/wp-content\/uploads\/sites\/20\/2025\/10\/246192944_225739422880930_3198024578206289504_n.jpg\" alt=\"\" width=\"87\" height=\"87\" \/>\u00a0 \u00a0 \u00a0 <img loading=\"lazy\" decoding=\"async\" class=\"alignnone wp-image-4973\" src=\"http:\/\/cofestival.si\/2025\/wp-content\/uploads\/sites\/20\/2025\/10\/Screenshot-2025-10-25-202135.png\" alt=\"\" width=\"107\" height=\"90\" \/> \u00a0<a href=\"https:\/\/www.lpp.si\/\" target=\"_blank\" rel=\"noopener\"><img loading=\"lazy\" decoding=\"async\" class=\"alignnone wp-image-3202\" src=\"http:\/\/cofestival.si\/2025\/wp-content\/uploads\/sites\/20\/2021\/11\/Lpp-300x139.jpg\" alt=\"\" width=\"194\" height=\"90\" srcset=\"https:\/\/cofestival.si\/2025\/wp-content\/uploads\/sites\/20\/2021\/11\/Lpp-300x139.jpg 300w, https:\/\/cofestival.si\/2025\/wp-content\/uploads\/sites\/20\/2021\/11\/Lpp-768x356.jpg 768w, https:\/\/cofestival.si\/2025\/wp-content\/uploads\/sites\/20\/2021\/11\/Lpp.jpg 858w\" sizes=\"(max-width: 194px) 100vw, 194px\" \/><\/a> \u00a0<a href=\"http:\/\/www.cirkulacija2.org\/\" target=\"_blank\" rel=\"noopener\"><img loading=\"lazy\" decoding=\"async\" class=\"alignnone size-medium wp-image-3894\" src=\"http:\/\/cofestival.si\/2025\/wp-content\/uploads\/sites\/20\/2022\/11\/bunker-elektrarna-ConvertImage-300x83.png\" alt=\"\" width=\"300\" height=\"83\" srcset=\"https:\/\/cofestival.si\/2025\/wp-content\/uploads\/sites\/20\/2022\/11\/bunker-elektrarna-ConvertImage-300x83.png 300w, https:\/\/cofestival.si\/2025\/wp-content\/uploads\/sites\/20\/2022\/11\/bunker-elektrarna-ConvertImage-1024x284.png 1024w, https:\/\/cofestival.si\/2025\/wp-content\/uploads\/sites\/20\/2022\/11\/bunker-elektrarna-ConvertImage-768x213.png 768w, https:\/\/cofestival.si\/2025\/wp-content\/uploads\/sites\/20\/2022\/11\/bunker-elektrarna-ConvertImage-1536x427.png 1536w, https:\/\/cofestival.si\/2025\/wp-content\/uploads\/sites\/20\/2022\/11\/bunker-elektrarna-ConvertImage.png 1962w\" sizes=\"(max-width: 300px) 100vw, 300px\" \/><\/a> \u00a0<a href=\"https:\/\/www.bunker.si\/o-stari-elektrarni\/\" target=\"_blank\" rel=\"noopener\"><img loading=\"lazy\" decoding=\"async\" class=\"alignnone wp-image-4218\" src=\"http:\/\/cofestival.si\/2025\/wp-content\/uploads\/sites\/20\/2023\/11\/image-2-300x151-1.png\" alt=\"\" width=\"185\" height=\"93\" \/><img loading=\"lazy\" decoding=\"async\" class=\"alignnone wp-image-3119\" src=\"http:\/\/cofestival.si\/2025\/wp-content\/uploads\/sites\/20\/2021\/11\/lgl-e1635961858930-300x245.jpg\" alt=\"\" width=\"119\" height=\"97\" srcset=\"https:\/\/cofestival.si\/2025\/wp-content\/uploads\/sites\/20\/2021\/11\/lgl-e1635961858930-300x245.jpg 300w, https:\/\/cofestival.si\/2025\/wp-content\/uploads\/sites\/20\/2021\/11\/lgl-e1635961858930.jpg 450w\" sizes=\"(max-width: 119px) 100vw, 119px\" \/><\/a>\u00a0 \u00a0 \u00a0<img loading=\"lazy\" decoding=\"async\" class=\"alignnone wp-image-4972\" src=\"http:\/\/cofestival.si\/2025\/wp-content\/uploads\/sites\/20\/2025\/10\/Viba_logo-modified-300x277.jpg\" alt=\"\" width=\"102\" height=\"94\" srcset=\"https:\/\/cofestival.si\/2025\/wp-content\/uploads\/sites\/20\/2025\/10\/Viba_logo-modified-300x277.jpg 300w, https:\/\/cofestival.si\/2025\/wp-content\/uploads\/sites\/20\/2025\/10\/Viba_logo-modified.jpg 600w\" sizes=\"(max-width: 102px) 100vw, 102px\" \/><\/span><\/p>\n<p>&nbsp;<\/p>\n<p><span style=\"font-weight: 400;\"><img loading=\"lazy\" decoding=\"async\" class=\"alignnone wp-image-4116\" src=\"http:\/\/cofestival.si\/2025\/wp-content\/uploads\/sites\/20\/2023\/11\/05-LOGO-PLESNI-e1698958944623.png\" alt=\"\" width=\"91\" height=\"106\" \/>\u00a0 \u00a0 <img loading=\"lazy\" decoding=\"async\" class=\"alignnone wp-image-4118\" src=\"http:\/\/cofestival.si\/2025\/wp-content\/uploads\/sites\/20\/2023\/11\/download-1-e1698959192192.png\" alt=\"\" width=\"111\" height=\"78\" \/>\u00a0 \u00a0 <img loading=\"lazy\" decoding=\"async\" class=\"alignnone wp-image-4119\" src=\"http:\/\/cofestival.si\/2025\/wp-content\/uploads\/sites\/20\/2023\/11\/576px-Spanski_borci_Culture_Centre_logo-189x300.png\" alt=\"\" width=\"53\" height=\"84\" srcset=\"https:\/\/cofestival.si\/2025\/wp-content\/uploads\/sites\/20\/2023\/11\/576px-Spanski_borci_Culture_Centre_logo-189x300.png 189w, https:\/\/cofestival.si\/2025\/wp-content\/uploads\/sites\/20\/2023\/11\/576px-Spanski_borci_Culture_Centre_logo.png 576w\" sizes=\"(max-width: 53px) 100vw, 53px\" \/>\u00a0 \u00a0 \u00a0 \u00a0<img loading=\"lazy\" decoding=\"async\" class=\"alignnone size-medium wp-image-4971\" src=\"http:\/\/cofestival.si\/2025\/wp-content\/uploads\/sites\/20\/2025\/10\/Screenshot-2025-10-25-201547-300x77.png\" alt=\"\" width=\"300\" height=\"77\" srcset=\"https:\/\/cofestival.si\/2025\/wp-content\/uploads\/sites\/20\/2025\/10\/Screenshot-2025-10-25-201547-300x77.png 300w, https:\/\/cofestival.si\/2025\/wp-content\/uploads\/sites\/20\/2025\/10\/Screenshot-2025-10-25-201547.png 602w\" sizes=\"(max-width: 300px) 100vw, 300px\" \/>\u00a0 \u00a0\u00a0<\/span><img loading=\"lazy\" decoding=\"async\" class=\"alignnone wp-image-4405\" src=\"http:\/\/cofestival.si\/2025\/wp-content\/uploads\/sites\/20\/2023\/11\/Slovenskigledalis\u030ckizaloz\u030cniki_logo-modified-e1700596072826-300x110.jpg\" alt=\"\" width=\"229\" height=\"84\" srcset=\"https:\/\/cofestival.si\/2025\/wp-content\/uploads\/sites\/20\/2023\/11\/Slovenskigledalis\u030ckizaloz\u030cniki_logo-modified-e1700596072826-300x110.jpg 300w, https:\/\/cofestival.si\/2025\/wp-content\/uploads\/sites\/20\/2023\/11\/Slovenskigledalis\u030ckizaloz\u030cniki_logo-modified-e1700596072826-1024x376.jpg 1024w, https:\/\/cofestival.si\/2025\/wp-content\/uploads\/sites\/20\/2023\/11\/Slovenskigledalis\u030ckizaloz\u030cniki_logo-modified-e1700596072826-768x282.jpg 768w, https:\/\/cofestival.si\/2025\/wp-content\/uploads\/sites\/20\/2023\/11\/Slovenskigledalis\u030ckizaloz\u030cniki_logo-modified-e1700596072826.jpg 1280w\" sizes=\"(max-width: 229px) 100vw, 229px\" \/>\u00a0 \u00a0 <img loading=\"lazy\" decoding=\"async\" class=\"alignnone wp-image-5101\" src=\"http:\/\/cofestival.si\/2025\/wp-content\/uploads\/sites\/20\/2025\/11\/mladinsko-fb-share-300x300.png\" alt=\"\" width=\"100\" height=\"100\" srcset=\"https:\/\/cofestival.si\/2025\/wp-content\/uploads\/sites\/20\/2025\/11\/mladinsko-fb-share-300x300.png 300w, https:\/\/cofestival.si\/2025\/wp-content\/uploads\/sites\/20\/2025\/11\/mladinsko-fb-share-150x150.png 150w, https:\/\/cofestival.si\/2025\/wp-content\/uploads\/sites\/20\/2025\/11\/mladinsko-fb-share.png 360w\" sizes=\"(max-width: 100px) 100vw, 100px\" \/><\/p>\n<p><img loading=\"lazy\" decoding=\"async\" class=\"alignnone  wp-image-5114\" src=\"http:\/\/cofestival.si\/2025\/wp-content\/uploads\/sites\/20\/2025\/11\/Screenshot-2025-11-28-143845-modified-300x209.png\" alt=\"\" width=\"179\" height=\"125\" srcset=\"https:\/\/cofestival.si\/2025\/wp-content\/uploads\/sites\/20\/2025\/11\/Screenshot-2025-11-28-143845-modified-300x209.png 300w, https:\/\/cofestival.si\/2025\/wp-content\/uploads\/sites\/20\/2025\/11\/Screenshot-2025-11-28-143845-modified.png 571w\" sizes=\"(max-width: 179px) 100vw, 179px\" \/><\/p>\n<p>&nbsp;<\/p>\n<p>&nbsp;<\/p>\n<h3>Main sponsor of Kino \u0160i\u0161ka:<\/h3>\n<p><a href=\"https:\/\/www.zav-sava.si\/\" target=\"_blank\" rel=\"noopener\"><img loading=\"lazy\" decoding=\"async\" class=\"alignnone wp-image-4122\" src=\"http:\/\/cofestival.si\/2025\/wp-content\/uploads\/sites\/20\/2023\/11\/zavarovalnica-sava-logo-modified.png\" alt=\"\" width=\"245\" height=\"163\" \/><\/a><\/p>\n<h3>Kino \u0160i\u0161ka is a member of the:<\/h3>\n<p><img loading=\"lazy\" decoding=\"async\" class=\"alignnone wp-image-4355\" src=\"http:\/\/cofestival.si\/2025\/wp-content\/uploads\/sites\/20\/2023\/11\/Screenshot-2023-11-09-203832-300x211.png\" alt=\"\" width=\"115\" height=\"81\" srcset=\"https:\/\/cofestival.si\/2025\/wp-content\/uploads\/sites\/20\/2023\/11\/Screenshot-2023-11-09-203832-300x211.png 300w, https:\/\/cofestival.si\/2025\/wp-content\/uploads\/sites\/20\/2023\/11\/Screenshot-2023-11-09-203832.png 571w\" sizes=\"(max-width: 115px) 100vw, 115px\" \/> <img loading=\"lazy\" decoding=\"async\" class=\"alignnone wp-image-4479\" src=\"http:\/\/cofestival.si\/2025\/wp-content\/uploads\/sites\/20\/2024\/10\/moving-balkans_plain-300x60.png\" alt=\"\" width=\"390\" height=\"78\" srcset=\"https:\/\/cofestival.si\/2025\/wp-content\/uploads\/sites\/20\/2024\/10\/moving-balkans_plain-300x60.png 300w, https:\/\/cofestival.si\/2025\/wp-content\/uploads\/sites\/20\/2024\/10\/moving-balkans_plain-1024x205.png 1024w, https:\/\/cofestival.si\/2025\/wp-content\/uploads\/sites\/20\/2024\/10\/moving-balkans_plain-768x154.png 768w, https:\/\/cofestival.si\/2025\/wp-content\/uploads\/sites\/20\/2024\/10\/moving-balkans_plain.png 1042w\" sizes=\"(max-width: 390px) 100vw, 390px\" \/><img loading=\"lazy\" decoding=\"async\" class=\"alignnone size-medium wp-image-4410\" src=\"http:\/\/cofestival.si\/2025\/wp-content\/uploads\/sites\/20\/2023\/11\/EN-Co-Funded-by-the-EU_POS-modified-300x63.png\" alt=\"\" width=\"300\" height=\"63\" srcset=\"https:\/\/cofestival.si\/2025\/wp-content\/uploads\/sites\/20\/2023\/11\/EN-Co-Funded-by-the-EU_POS-modified-300x63.png 300w, https:\/\/cofestival.si\/2025\/wp-content\/uploads\/sites\/20\/2023\/11\/EN-Co-Funded-by-the-EU_POS-modified.png 712w\" sizes=\"(max-width: 300px) 100vw, 300px\" \/><\/p>\n<p>&nbsp;<\/p>\n<h3>NDA Slovenia is a member of:<\/h3>\n<p><a href=\"https:\/\/dopodo.eu\/\" target=\"_blank\" rel=\"noopener\"><img loading=\"lazy\" decoding=\"async\" class=\"alignnone wp-image-4342\" src=\"http:\/\/cofestival.si\/2025\/wp-content\/uploads\/sites\/20\/2023\/11\/Screenshot-2023-11-09-133440-300x116.png\" alt=\"\" width=\"197\" height=\"76\" srcset=\"https:\/\/cofestival.si\/2025\/wp-content\/uploads\/sites\/20\/2023\/11\/Screenshot-2023-11-09-133440-300x116.png 300w, https:\/\/cofestival.si\/2025\/wp-content\/uploads\/sites\/20\/2023\/11\/Screenshot-2023-11-09-133440.png 478w\" sizes=\"(max-width: 197px) 100vw, 197px\" \/><\/a>\u00a0 \u00a0 \u00a0 \u00a0 <a href=\"https:\/\/dopodo.eu\/\" target=\"_blank\" rel=\"noopener\"><img loading=\"lazy\" decoding=\"async\" class=\"alignnone wp-image-4413\" src=\"http:\/\/cofestival.si\/2025\/wp-content\/uploads\/sites\/20\/2023\/12\/download-300x92.jpg\" alt=\"\" width=\"215\" height=\"66\" srcset=\"https:\/\/cofestival.si\/2025\/wp-content\/uploads\/sites\/20\/2023\/12\/download-300x92.jpg 300w, https:\/\/cofestival.si\/2025\/wp-content\/uploads\/sites\/20\/2023\/12\/download.jpg 406w\" sizes=\"(max-width: 215px) 100vw, 215px\" \/><\/a>\u00a0 \u00a0 \u00a0 <img loading=\"lazy\" decoding=\"async\" class=\"alignnone size-medium wp-image-4410\" src=\"http:\/\/cofestival.si\/2025\/wp-content\/uploads\/sites\/20\/2023\/11\/EN-Co-Funded-by-the-EU_POS-modified-300x63.png\" alt=\"\" width=\"300\" height=\"63\" srcset=\"https:\/\/cofestival.si\/2025\/wp-content\/uploads\/sites\/20\/2023\/11\/EN-Co-Funded-by-the-EU_POS-modified-300x63.png 300w, https:\/\/cofestival.si\/2025\/wp-content\/uploads\/sites\/20\/2023\/11\/EN-Co-Funded-by-the-EU_POS-modified.png 712w\" sizes=\"(max-width: 300px) 100vw, 300px\" \/> \u00a0 \u00a0 \u00a0 \u00a0<img loading=\"lazy\" decoding=\"async\" class=\"alignnone wp-image-5012\" src=\"http:\/\/cofestival.si\/2025\/wp-content\/uploads\/sites\/20\/2025\/10\/image002-300x130.png\" alt=\"\" width=\"207\" height=\"90\" srcset=\"https:\/\/cofestival.si\/2025\/wp-content\/uploads\/sites\/20\/2025\/10\/image002-300x130.png 300w, https:\/\/cofestival.si\/2025\/wp-content\/uploads\/sites\/20\/2025\/10\/image002-1024x444.png 1024w, https:\/\/cofestival.si\/2025\/wp-content\/uploads\/sites\/20\/2025\/10\/image002-768x333.png 768w, https:\/\/cofestival.si\/2025\/wp-content\/uploads\/sites\/20\/2025\/10\/image002.png 1135w\" sizes=\"(max-width: 207px) 100vw, 207px\" \/>\u00a0 \u00a0 <img loading=\"lazy\" decoding=\"async\" class=\"alignnone wp-image-5083\" src=\"http:\/\/cofestival.si\/2025\/wp-content\/uploads\/sites\/20\/2025\/11\/Funded-EU-300x67.png\" alt=\"\" width=\"282\" height=\"63\" srcset=\"https:\/\/cofestival.si\/2025\/wp-content\/uploads\/sites\/20\/2025\/11\/Funded-EU-300x67.png 300w, https:\/\/cofestival.si\/2025\/wp-content\/uploads\/sites\/20\/2025\/11\/Funded-EU-1024x228.png 1024w, https:\/\/cofestival.si\/2025\/wp-content\/uploads\/sites\/20\/2025\/11\/Funded-EU-768x171.png 768w, https:\/\/cofestival.si\/2025\/wp-content\/uploads\/sites\/20\/2025\/11\/Funded-EU-1536x343.png 1536w, https:\/\/cofestival.si\/2025\/wp-content\/uploads\/sites\/20\/2025\/11\/Funded-EU-2048x457.png 2048w\" sizes=\"(max-width: 282px) 100vw, 282px\" \/><\/p>\n<h3><\/h3>\n<h3>Media Sponsors:<\/h3>\n<p><a href=\"https:\/\/www.eventim.si\/\" target=\"_blank\" rel=\"noopener\"><img loading=\"lazy\" decoding=\"async\" class=\"alignnone wp-image-3093\" src=\"http:\/\/cofestival.si\/2025\/wp-content\/uploads\/sites\/20\/2021\/11\/CoF-eventim-300x197-1.jpeg\" alt=\"\" width=\"114\" height=\"75\" \/><\/a> <a href=\"https:\/\/tam-tam.si\/\" target=\"_blank\" rel=\"noopener\"><img loading=\"lazy\" decoding=\"async\" class=\"alignnone wp-image-3100 \" src=\"http:\/\/cofestival.si\/2025\/wp-content\/uploads\/sites\/20\/2021\/11\/21-10101-0225-OTC-Exchange-Confirmation-e1635933330912.jpeg\" alt=\"\" width=\"138\" height=\"95\" \/><\/a><a href=\"https:\/\/mladina.si\/\" target=\"_blank\" rel=\"noopener\"><img loading=\"lazy\" decoding=\"async\" class=\"alignnone wp-image-3094 \" src=\"http:\/\/cofestival.si\/2025\/wp-content\/uploads\/sites\/20\/2021\/11\/mladina-300x300-1-e1635892835307.jpeg\" alt=\"\" width=\"177\" height=\"87\" \/><\/a> <a href=\"https:\/\/radiostudent.si\/\" target=\"_blank\" rel=\"noopener\"><img loading=\"lazy\" decoding=\"async\" class=\"alignnone wp-image-3095 \" src=\"http:\/\/cofestival.si\/2025\/wp-content\/uploads\/sites\/20\/2021\/11\/rs\u030c-300x300-1-e1635892975273.jpeg\" alt=\"\" width=\"110\" height=\"94\" \/><\/a>\u00a0<a href=\"https:\/\/zaslon.si\/\" target=\"_blank\" rel=\"noopener\"><img loading=\"lazy\" decoding=\"async\" class=\"alignnone wp-image-3101\" src=\"http:\/\/cofestival.si\/2025\/wp-content\/uploads\/sites\/20\/2021\/11\/imageedit_10_3682123388-300x251.png\" alt=\"\" width=\"98\" height=\"82\" srcset=\"https:\/\/cofestival.si\/2025\/wp-content\/uploads\/sites\/20\/2021\/11\/imageedit_10_3682123388-300x251.png 300w, https:\/\/cofestival.si\/2025\/wp-content\/uploads\/sites\/20\/2021\/11\/imageedit_10_3682123388-1024x855.png 1024w, https:\/\/cofestival.si\/2025\/wp-content\/uploads\/sites\/20\/2021\/11\/imageedit_10_3682123388-768x641.png 768w, https:\/\/cofestival.si\/2025\/wp-content\/uploads\/sites\/20\/2021\/11\/imageedit_10_3682123388.png 1195w\" sizes=\"(max-width: 98px) 100vw, 98px\" \/><\/a><\/p>\n<p><span style=\"font-weight: 400;\">Funded by the European Union. Views and opinions expressed are however those of the author(s) only and do not necessarily reflect those of the European Union or the European Education and Culture Executive Agency (EACEA). Neither the European Union nor EACEA can be held responsible for them.<\/span><\/p>\n<p>&nbsp;","protected":false},"excerpt":{"rendered":"<p>Production: With support: \u00a0 \u00a0\u00a0 \u00a0 &nbsp; Partners: &nbsp; \u00a0 \u00a0 \u00a0 \u00a0 \u00a0 \u00a0\u00a0 \u00a0 \u00a0 &nbsp; \u00a0 \u00a0 \u00a0 \u00a0 \u00a0 \u00a0 \u00a0 \u00a0\u00a0 \u00a0\u00a0\u00a0 \u00a0 &nbsp; &nbsp; Main sponsor of Kino \u0160i\u0161ka: Kino \u0160i\u0161ka is a member of the: &nbsp; NDA Slovenia is a member of: \u00a0 \u00a0 \u00a0 \u00a0 \u00a0 \u00a0 [&hellip;]<\/p>\n","protected":false},"author":1,"featured_media":6,"parent":0,"menu_order":0,"comment_status":"closed","ping_status":"closed","template":"","meta":{"footnotes":""},"class_list":["post-2748","page","type-page","status-publish","format-standard","has-post-thumbnail","hentry"],"_links":{"self":[{"href":"https:\/\/cofestival.si\/2025\/en\/wp-json\/wp\/v2\/pages\/2748","targetHints":{"allow":["GET"]}}],"collection":[{"href":"https:\/\/cofestival.si\/2025\/en\/wp-json\/wp\/v2\/pages"}],"about":[{"href":"https:\/\/cofestival.si\/2025\/en\/wp-json\/wp\/v2\/types\/page"}],"author":[{"embeddable":true,"href":"https:\/\/cofestival.si\/2025\/en\/wp-json\/wp\/v2\/users\/1"}],"replies":[{"embeddable":true,"href":"https:\/\/cofestival.si\/2025\/en\/wp-json\/wp\/v2\/comments?post=2748"}],"version-history":[{"count":65,"href":"https:\/\/cofestival.si\/2025\/en\/wp-json\/wp\/v2\/pages\/2748\/revisions"}],"predecessor-version":[{"id":5115,"href":"https:\/\/cofestival.si\/2025\/en\/wp-json\/wp\/v2\/pages\/2748\/revisions\/5115"}],"wp:featuredmedia":[{"embeddable":true,"href":"https:\/\/cofestival.si\/2025\/en\/wp-json\/wp\/v2\/media\/6"}],"wp:attachment":[{"href":"https:\/\/cofestival.si\/2025\/en\/wp-json\/wp\/v2\/media?parent=2748"}],"curies":[{"name":"wp","href":"https:\/\/api.w.org\/{rel}","templated":true}]}}