{"id":2502,"date":"2021-09-25T21:12:08","date_gmt":"2021-09-25T21:12:08","guid":{"rendered":"https:\/\/cofestival.si\/2025\/?page_id=2502"},"modified":"2025-11-02T17:07:12","modified_gmt":"2025-11-02T17:07:12","slug":"kolofon","status":"publish","type":"page","link":"https:\/\/cofestival.si\/2025\/en\/kolofon\/","title":{"rendered":"Credits"},"content":{"rendered":"<strong>Artistic board:<\/strong> Dragana Alfirevi\u0107, Mitja Bravhar, Rok Vevar, Jasmina Zalo\u017enik<\/p>\n<p><strong>Production:<\/strong> Dragana Alfirevi\u0107, Mitja Bravhar, Tibor Miheli\u010d Syed, Jasmina Zalo\u017enik<br \/>\n<strong>Organisation:<\/strong> Mitja Bravhar, Jasmina Zalo\u017enik, Dragana Alfirevi\u0107, Irena Sili\u0107, Matic Urbanc, Mojca Pre\u0161ern Levstek<br \/>\n<strong>Public relations:<\/strong> Anja Pia Bi\u0161\u010dak, Ur\u0161ka Comino<br \/>\n<strong>Audience relations:<\/strong> Ur\u0161ka Comino<br \/>\n<strong>Technical director:<\/strong> Matev\u017e Fti\u010dar<br \/>\n<strong>Technical coordinator of MODINA projects:<\/strong> Matej Marin\u010dek<br \/>\n<strong>Executive production assistance:<\/strong> Irena Sili\u0107, Mojca Pre\u0161ern Levstek<\/p>\n<p><strong>Catalogue editor:<\/strong> Nika Arhar<br \/>\n<strong>Texts:<\/strong> Rok Vevar, Lana Zdravkovi\u0107 (Political Participation for All), Gregor Pompe (Cage Open)<br \/>\n<strong>Translation of materials:<\/strong> Urban Belina<br \/>\n<strong>Proofreading of Slovenian materials:<\/strong> Renata Hari<br \/>\n<strong>Proofreading of English materials:<\/strong> Jana Jevtovi\u0107<\/p>\n<p><strong>Social media:<\/strong> Dominika Ma\u0161a Kozar<br \/>\n<strong>Photo documentation:<\/strong> Ur\u0161ka Boljkovac<br \/>\n<strong>Video documentation:<\/strong> Matej Marin\u010dek<br \/>\n<strong>Design:<\/strong> Lealudvik<br \/>\n<strong>Web programming and editing:<\/strong> Matic Lov\u0161in<\/p>\n<p>We reserve the right to change the programme.","protected":false},"excerpt":{"rendered":"<p>Artistic board: Dragana Alfirevi\u0107, Mitja Bravhar, Rok Vevar, Jasmina Zalo\u017enik Production: Dragana Alfirevi\u0107, Mitja Bravhar, Tibor Miheli\u010d Syed, Jasmina Zalo\u017enik Organisation: Mitja Bravhar, Jasmina Zalo\u017enik, Dragana Alfirevi\u0107, Irena Sili\u0107, Matic Urbanc, Mojca Pre\u0161ern Levstek Public relations: Anja Pia Bi\u0161\u010dak, Ur\u0161ka Comino Audience relations: Ur\u0161ka Comino Technical director: Matev\u017e Fti\u010dar Technical coordinator of MODINA projects: Matej [&hellip;]<\/p>\n","protected":false},"author":1,"featured_media":2448,"parent":0,"menu_order":0,"comment_status":"closed","ping_status":"closed","template":"","meta":{"footnotes":""},"class_list":["post-2502","page","type-page","status-publish","format-standard","has-post-thumbnail","hentry"],"_links":{"self":[{"href":"https:\/\/cofestival.si\/2025\/en\/wp-json\/wp\/v2\/pages\/2502","targetHints":{"allow":["GET"]}}],"collection":[{"href":"https:\/\/cofestival.si\/2025\/en\/wp-json\/wp\/v2\/pages"}],"about":[{"href":"https:\/\/cofestival.si\/2025\/en\/wp-json\/wp\/v2\/types\/page"}],"author":[{"embeddable":true,"href":"https:\/\/cofestival.si\/2025\/en\/wp-json\/wp\/v2\/users\/1"}],"replies":[{"embeddable":true,"href":"https:\/\/cofestival.si\/2025\/en\/wp-json\/wp\/v2\/comments?post=2502"}],"version-history":[{"count":21,"href":"https:\/\/cofestival.si\/2025\/en\/wp-json\/wp\/v2\/pages\/2502\/revisions"}],"predecessor-version":[{"id":5071,"href":"https:\/\/cofestival.si\/2025\/en\/wp-json\/wp\/v2\/pages\/2502\/revisions\/5071"}],"wp:featuredmedia":[{"embeddable":true,"href":"https:\/\/cofestival.si\/2025\/en\/wp-json\/wp\/v2\/media\/2448"}],"wp:attachment":[{"href":"https:\/\/cofestival.si\/2025\/en\/wp-json\/wp\/v2\/media?parent=2502"}],"curies":[{"name":"wp","href":"https:\/\/api.w.org\/{rel}","templated":true}]}}