{"id":2836,"date":"2021-10-29T16:23:46","date_gmt":"2021-10-29T16:23:46","guid":{"rendered":"https:\/\/cofestival.si\/2024\/?page_id=2836"},"modified":"2024-11-12T11:31:32","modified_gmt":"2024-11-12T11:31:32","slug":"vstopnice","status":"publish","type":"page","link":"https:\/\/cofestival.si\/2024\/vstopnice\/","title":{"rendered":"Vstopnice"},"content":{"rendered":"<strong>Nakup vstopnic:<\/strong><br \/>\n<a href=\"http:\/\/www.eventim.si\" target=\"_blank\" rel=\"noopener\">www.eventim.si<\/a> in <a href=\"http:\/\/www.kinosiska.si\" target=\"_blank\" rel=\"noopener\">www.kinosiska.si<\/a><\/p>\n<p><a href=\"https:\/\/www.eventim.si\/si\/vstopnice\/cofestival-2024-ljubljana-razlicna-prizorisca-655717\/event.html\" target=\"_blank\" rel=\"noopener\"><strong>Festivalska vstopnica:<\/strong> 40 EUR<\/a><br \/>\n<a href=\"https:\/\/www.eventim.si\/si\/izvajalec\/cofestival-2358\/profile.html\" target=\"_blank\" rel=\"noopener\"><strong>Vstopnica:<\/strong> 8 EUR (predprodaja) 10 EUR (prodaja)<\/a><\/p>\n<p>Blagajna Kina \u0160i\u0161ka je odprta od ponedeljka do petka od 15. do 20. ure. Na dan dogodka se odpre uro prej. M: 030 310 110; T: 01 500 3000<br \/>\nBlagajna na drugih prizori\u0161\u010dih je odprta uro pred predstavo.<\/p>\n<p><strong>Popusti:<\/strong><br \/>\nDijaki, \u0161tudentje, upokojenci, registrirane brezposelne osebe, registrirane samozaposlene osebe na podro\u010dju kulture in medijev, z veljavnim dokazilom o svojem statusu ter skupine nad 5 oseb, imajo 20 % popust pri nakupu vstopnic v predprodaji (ne na dan dogodka) v Kinu \u0160i\u0161ka. Morebitni popusti se ne se\u0161tevajo. Otroci do 6. leta imajo vstop prost. Za gibalno in senzorno ovirane osebe je vstopnica brezpla\u010dna. Prost vstop pripada tudi enemu (1) spremljevalcu.<\/p>\n<p><strong>Informacije:<\/strong><br \/>\ninfo@cofestival.si<\/p>\n<p><strong>Dodatne informacije:<\/strong><br \/>\n<a href=\"http:\/\/www.kinosiska.si\" target=\"_blank\" rel=\"noopener\">www.kinosiska.si<\/a><br \/>\n<a href=\"http:\/\/www.nda.si\" target=\"_blank\" rel=\"noopener\">www.nda.si<\/a>","protected":false},"excerpt":{"rendered":"<p>Nakup vstopnic: www.eventim.si in www.kinosiska.si Festivalska vstopnica: 40 EUR Vstopnica: 8 EUR (predprodaja) 10 EUR (prodaja) Blagajna Kina \u0160i\u0161ka je odprta od ponedeljka do petka od 15. do 20. ure. Na dan dogodka se odpre uro prej. M: 030 310 110; T: 01 500 3000 Blagajna na drugih prizori\u0161\u010dih je odprta uro pred predstavo. Popusti: [&hellip;]<\/p>\n","protected":false},"author":1,"featured_media":2754,"parent":0,"menu_order":0,"comment_status":"closed","ping_status":"closed","template":"","meta":{"footnotes":""},"class_list":["post-2836","page","type-page","status-publish","format-standard","has-post-thumbnail","hentry"],"_links":{"self":[{"href":"https:\/\/cofestival.si\/2024\/wp-json\/wp\/v2\/pages\/2836","targetHints":{"allow":["GET"]}}],"collection":[{"href":"https:\/\/cofestival.si\/2024\/wp-json\/wp\/v2\/pages"}],"about":[{"href":"https:\/\/cofestival.si\/2024\/wp-json\/wp\/v2\/types\/page"}],"author":[{"embeddable":true,"href":"https:\/\/cofestival.si\/2024\/wp-json\/wp\/v2\/users\/1"}],"replies":[{"embeddable":true,"href":"https:\/\/cofestival.si\/2024\/wp-json\/wp\/v2\/comments?post=2836"}],"version-history":[{"count":50,"href":"https:\/\/cofestival.si\/2024\/wp-json\/wp\/v2\/pages\/2836\/revisions"}],"predecessor-version":[{"id":4756,"href":"https:\/\/cofestival.si\/2024\/wp-json\/wp\/v2\/pages\/2836\/revisions\/4756"}],"wp:featuredmedia":[{"embeddable":true,"href":"https:\/\/cofestival.si\/2024\/wp-json\/wp\/v2\/media\/2754"}],"wp:attachment":[{"href":"https:\/\/cofestival.si\/2024\/wp-json\/wp\/v2\/media?parent=2836"}],"curies":[{"name":"wp","href":"https:\/\/api.w.org\/{rel}","templated":true}]}}