{"id":2502,"date":"2021-09-25T21:12:08","date_gmt":"2021-09-25T21:12:08","guid":{"rendered":"https:\/\/cofestival.si\/2024\/?page_id=2502"},"modified":"2024-11-03T20:40:24","modified_gmt":"2024-11-03T20:40:24","slug":"kolofon","status":"publish","type":"page","link":"https:\/\/cofestival.si\/2024\/kolofon\/","title":{"rendered":"Kolofon"},"content":{"rendered":"<strong>Umetni\u0161ki odbor:<\/strong> Dragana Alfirevi\u0107, Mitja Bravhar, Rok Vevar, Jasmina Zalo\u017enik<\/p>\n<p><strong>Produkcija:<\/strong> Dragana Alfirevi\u0107, Mitja Bravhar, Jasmina Zalo\u017enik<br \/>\n<strong>Organizacija:<\/strong> Dragana Alfirevi\u0107, Mitja Bravhar, Andreja Bol\u010dina, Irena Sili\u0107, Jasmina Zalo\u017enik, Mojca Pre\u0161ern Levstek<br \/>\n<strong>Odnosi z javnostmi:<\/strong> Anja Pia Bi\u0161\u010dak, Ur\u0161ka Comino<br \/>\n<strong>Odnosi s publiko:<\/strong> Ur\u0161ka Comino<br \/>\n<strong>Tehni\u010dni vodja:<\/strong> Matej Bobi\u010d<br \/>\n<strong>Tehni\u010dni koordinator MODINA projektov:<\/strong> Matej Marin\u010dek<br \/>\n<strong>Pomo\u010d pri izvr\u0161ni produkciji:<\/strong> Irena Sili\u0107, Mojca Pre\u0161ern Levstek<\/p>\n<p><strong>Urednika kataloga:<\/strong> Rok Vevar, Urban Belina<br \/>\n<strong>Prevod materialov:<\/strong> Urban Belina<br \/>\n<strong>Prevodi dodatnih materialov:<\/strong> Jedrt Male\u017ei\u010d<br \/>\n<strong>Lektura materialov v sloven\u0161\u010dini:<\/strong> Iztok Ilc, Renata Hari<br \/>\n<strong>Lektura materialov v angle\u0161\u010dini:<\/strong> Jana Jevtovi\u0107<\/p>\n<p><strong>Dru\u017ebena omre\u017eja:<\/strong> Dominika Ma\u0161a Kozar<br \/>\n<strong>Fotodokumentacija:<\/strong> Ur\u0161ka Boljkovac<br \/>\n<strong>Videodokumentacija:<\/strong> Matej Marin\u010dek<br \/>\n<strong>Oblikovanje:<\/strong> Lealudvik<br \/>\n<strong>Spletno programiranje in urednikovanje:<\/strong> Matic Lov\u0161in<\/p>\n<p><em><span style=\"font-weight: 400;\">Pridru\u017eujemo si pravico do spremembe programa.<\/span><\/em>","protected":false},"excerpt":{"rendered":"<p>Umetni\u0161ki odbor: Dragana Alfirevi\u0107, Mitja Bravhar, Rok Vevar, Jasmina Zalo\u017enik Produkcija: Dragana Alfirevi\u0107, Mitja Bravhar, Jasmina Zalo\u017enik Organizacija: Dragana Alfirevi\u0107, Mitja Bravhar, Andreja Bol\u010dina, Irena Sili\u0107, Jasmina Zalo\u017enik, Mojca Pre\u0161ern Levstek Odnosi z javnostmi: Anja Pia Bi\u0161\u010dak, Ur\u0161ka Comino Odnosi s publiko: Ur\u0161ka Comino Tehni\u010dni vodja: Matej Bobi\u010d Tehni\u010dni koordinator MODINA projektov: Matej Marin\u010dek Pomo\u010d [&hellip;]<\/p>\n","protected":false},"author":1,"featured_media":2448,"parent":0,"menu_order":0,"comment_status":"closed","ping_status":"closed","template":"","meta":{"footnotes":""},"class_list":["post-2502","page","type-page","status-publish","format-standard","has-post-thumbnail","hentry"],"_links":{"self":[{"href":"https:\/\/cofestival.si\/2024\/wp-json\/wp\/v2\/pages\/2502","targetHints":{"allow":["GET"]}}],"collection":[{"href":"https:\/\/cofestival.si\/2024\/wp-json\/wp\/v2\/pages"}],"about":[{"href":"https:\/\/cofestival.si\/2024\/wp-json\/wp\/v2\/types\/page"}],"author":[{"embeddable":true,"href":"https:\/\/cofestival.si\/2024\/wp-json\/wp\/v2\/users\/1"}],"replies":[{"embeddable":true,"href":"https:\/\/cofestival.si\/2024\/wp-json\/wp\/v2\/comments?post=2502"}],"version-history":[{"count":19,"href":"https:\/\/cofestival.si\/2024\/wp-json\/wp\/v2\/pages\/2502\/revisions"}],"predecessor-version":[{"id":4619,"href":"https:\/\/cofestival.si\/2024\/wp-json\/wp\/v2\/pages\/2502\/revisions\/4619"}],"wp:featuredmedia":[{"embeddable":true,"href":"https:\/\/cofestival.si\/2024\/wp-json\/wp\/v2\/media\/2448"}],"wp:attachment":[{"href":"https:\/\/cofestival.si\/2024\/wp-json\/wp\/v2\/media?parent=2502"}],"curies":[{"name":"wp","href":"https:\/\/api.w.org\/{rel}","templated":true}]}}