{"id":3047,"date":"2021-11-02T17:01:23","date_gmt":"2021-11-02T17:01:23","guid":{"rendered":"https:\/\/cofestival.si\/2023\/?page_id=3047"},"modified":"2023-11-12T12:54:32","modified_gmt":"2023-11-12T12:54:32","slug":"prizorisca","status":"publish","type":"page","link":"https:\/\/cofestival.si\/2023\/prizorisca\/","title":{"rendered":"Prizori\u0161\u010da"},"content":{"rendered":"<h3 style=\"text-align: left;\">Naslovi prizori\u0161\u010d CoFestivala 2023<\/h3>\n<p><strong>Center urbane kulture Kino \u0160i\u0161ka<\/strong>,\u00a0 Trg prekomorskih brigad 3, Ljubljana<br \/>\n<strong>Lutkovno gledali\u0161\u010de Ljubljana<\/strong>, Krekov trg 2, Ljubljana<br \/>\n<strong>Mestni muzej Ljubljana<\/strong>, Gosposka ulica 15, Ljubljana<br \/>\n<strong>Stara mestna elekrarna,<\/strong>\u00a0Slom\u0161kova 18, Ljubljana<br \/>\n<strong>Plesni Teater Ljubljana<\/strong>, Prijateljeva ulica 2a, Ljubljana<br \/>\n<strong>Cukrarna<\/strong>, Poljanski nasip 14, Ljubljana<br \/>\n<strong>Cirkulacija 2<\/strong>, Podhod Ajdov\u0161\u010dina 2, Ljubljana<br \/>\n<strong>Muzej sodobne umetnosti Metelkova<\/strong>, Maistrova ulica 3, Ljubljana<\/p>\n<p><iframe src=\"https:\/\/www.google.com\/maps\/d\/embed?mid=1W77FQOpTyLng2yXcy56uPc-A8G4od3E&amp;ehbc=2E312F&amp;noprof=1\" width=\"1100\" height=\"480\"><span data-mce-type=\"bookmark\" style=\"display: inline-block; width: 0px; overflow: hidden; line-height: 0;\" class=\"mce_SELRES_start\">\ufeff<\/span><\/iframe><\/p>\n<p>&nbsp;","protected":false},"excerpt":{"rendered":"<p>Naslovi prizori\u0161\u010d CoFestivala 2023 Center urbane kulture Kino \u0160i\u0161ka,\u00a0 Trg prekomorskih brigad 3, Ljubljana Lutkovno gledali\u0161\u010de Ljubljana, Krekov trg 2, Ljubljana Mestni muzej Ljubljana, Gosposka ulica 15, Ljubljana Stara mestna elekrarna,\u00a0Slom\u0161kova 18, Ljubljana Plesni Teater Ljubljana, Prijateljeva ulica 2a, Ljubljana Cukrarna, Poljanski nasip 14, Ljubljana Cirkulacija 2, Podhod Ajdov\u0161\u010dina 2, Ljubljana Muzej sodobne umetnosti Metelkova, [&hellip;]<\/p>\n","protected":false},"author":1,"featured_media":2752,"parent":0,"menu_order":0,"comment_status":"closed","ping_status":"closed","template":"","meta":{"footnotes":""},"class_list":["post-3047","page","type-page","status-publish","format-standard","has-post-thumbnail","hentry"],"_links":{"self":[{"href":"https:\/\/cofestival.si\/2023\/wp-json\/wp\/v2\/pages\/3047","targetHints":{"allow":["GET"]}}],"collection":[{"href":"https:\/\/cofestival.si\/2023\/wp-json\/wp\/v2\/pages"}],"about":[{"href":"https:\/\/cofestival.si\/2023\/wp-json\/wp\/v2\/types\/page"}],"author":[{"embeddable":true,"href":"https:\/\/cofestival.si\/2023\/wp-json\/wp\/v2\/users\/1"}],"replies":[{"embeddable":true,"href":"https:\/\/cofestival.si\/2023\/wp-json\/wp\/v2\/comments?post=3047"}],"version-history":[{"count":20,"href":"https:\/\/cofestival.si\/2023\/wp-json\/wp\/v2\/pages\/3047\/revisions"}],"predecessor-version":[{"id":4371,"href":"https:\/\/cofestival.si\/2023\/wp-json\/wp\/v2\/pages\/3047\/revisions\/4371"}],"wp:featuredmedia":[{"embeddable":true,"href":"https:\/\/cofestival.si\/2023\/wp-json\/wp\/v2\/media\/2752"}],"wp:attachment":[{"href":"https:\/\/cofestival.si\/2023\/wp-json\/wp\/v2\/media?parent=3047"}],"curies":[{"name":"wp","href":"https:\/\/api.w.org\/{rel}","templated":true}]}}