{"id":3,"date":"2021-08-13T06:20:50","date_gmt":"2021-08-13T06:20:50","guid":{"rendered":"https:\/\/products.wp-ts.com\/merito\/wp\/live-preview\/?page_id=3"},"modified":"2025-10-13T18:42:36","modified_gmt":"2025-10-13T18:42:36","slug":"legal","status":"publish","type":"page","link":"https:\/\/cofestival.si\/2023\/legal\/","title":{"rendered":"Politika zasebnosti in pi\u0161kotkov"},"content":{"rendered":"<!-- Cofestival \u2013 Politika zasebnosti in pi\u0161kotkov (GDPR) --><\/p>\n<div style=\"font-size: 14px; line-height: 1.6;\">\n<p><strong>Politika zasebnosti in Politika pi\u0161kotkov<\/strong><\/p>\n<p><strong>Uvod<\/strong><br \/>\nTa dokument zdru\u017euje Politiko zasebnosti in Politiko pi\u0161kotkov za spletno stran cofestival.si.<br \/>\nZavezani smo k varstvu va\u0161e zasebnosti in obdelujemo osebne podatke le v obsegu, ki je nujen za delovanje strani in skladno z zakonodajo EU (GDPR) ter zakonodajo RS.<\/p>\n<p><strong>Kateri podatki se zbirajo<\/strong><br \/>\nNe omogo\u010damo registracije, prijave uporabnikov ali oddajanja komentarjev.<br \/>\nNa spletni strani se ne zbirajo osebni podatki uporabnikov, razen podatkov, ki so samodejno obdelani s pomo\u010djo pi\u0161kotkov.<br \/>\nObdelujemo le tehni\u010dne informacije, potrebne za delovanje strani, osnovno statistiko obiskov in za\u0161\u010dito pred zlorabami.<\/p>\n<p><strong>Vrste pi\u0161kotkov<\/strong><br \/>\n&#8211; <em>Nujni<\/em>: potrebni za osnovno delovanje strani (jezik, nastavitve, delovanje WordPressa).<br \/>\n&#8211; <em>Funkcionalni in varnostni<\/em>: omogo\u010dajo prijavo, za\u0161\u010dito strani in osnovne funkcionalnosti (Wordfence, Roundcube, vdelani predvajalniki).<br \/>\n&#8211; <em>Analiti\u010dni<\/em>: omogo\u010dajo zbiranje statisti\u010dnih podatkov (Google Analytics); uporabljajo se le ob va\u0161i privolitvi.<\/p>\n<p><strong>Seznam pi\u0161kotkov<\/strong><\/p>\n<table border=\"1\" cellspacing=\"0\" cellpadding=\"6\">\n<thead>\n<tr>\n<th>Ime<\/th>\n<th>Ponudnik<\/th>\n<th>Namen<\/th>\n<th>\u010cas do poteka<\/th>\n<th>Vrsta<\/th>\n<\/tr>\n<\/thead>\n<tbody>\n<tr>\n<td>APISID<\/td>\n<td>youtube.com<\/td>\n<td>Pi\u0161kotek storitve YouTube<\/td>\n<td>\u2248 1y 1m 4d<\/td>\n<td>Funkcionalni (tretja oseba)<\/td>\n<\/tr>\n<tr>\n<td>HSID<\/td>\n<td>youtube.com<\/td>\n<td>Varnost za storitve Google\/YouTube<\/td>\n<td>\u2248 1y 1m 4d<\/td>\n<td>Varnostni (tretja oseba)<\/td>\n<\/tr>\n<tr>\n<td>LOGIN_INFO<\/td>\n<td>youtube.com<\/td>\n<td>Nastavitve\/prijava za YouTube<\/td>\n<td>\u2248 26d<\/td>\n<td>Funkcionalni (tretja oseba)<\/td>\n<\/tr>\n<tr>\n<td>PREF<\/td>\n<td>youtube.com<\/td>\n<td>Nastavitve YouTube (npr. jezik\/\u010dasovni pas)<\/td>\n<td>\u2248 1y 1m 4d<\/td>\n<td>Funkcionalni (tretja oseba)<\/td>\n<\/tr>\n<tr>\n<td>SAPISID<\/td>\n<td>youtube.com<\/td>\n<td>Pi\u0161kotek storitve YouTube<\/td>\n<td>\u2248 1y 1m 4d<\/td>\n<td>Funkcionalni (tretja oseba)<\/td>\n<\/tr>\n<tr>\n<td>SID<\/td>\n<td>youtube.com<\/td>\n<td>Varnost ra\u010duna\/seje<\/td>\n<td>\u2248 1y 1m 4d<\/td>\n<td>Varnostni (tretja oseba)<\/td>\n<\/tr>\n<tr>\n<td>SIDCC<\/td>\n<td>youtube.com<\/td>\n<td>Za\u0161\u010dita ra\u010duna\/seje<\/td>\n<td>\u2248 1y<\/td>\n<td>Varnostni (tretja oseba)<\/td>\n<\/tr>\n<tr>\n<td>SSID<\/td>\n<td>youtube.com<\/td>\n<td>Varnost za storitve Google\/YouTube<\/td>\n<td>\u2248 1y 1m 4d<\/td>\n<td>Varnostni (tretja oseba)<\/td>\n<\/tr>\n<tr>\n<td>VISITOR_INFO1_LIVE<\/td>\n<td>youtube.com<\/td>\n<td>Status storitve in nastavitve za vdelane videe<\/td>\n<td>\u2248 5m 29d<\/td>\n<td>Funkcionalni (tretja oseba)<\/td>\n<\/tr>\n<tr>\n<td>VISITOR_PRIVACY_METADATA<\/td>\n<td>youtube.com<\/td>\n<td>Stanje zasebnosti za vdelane videe<\/td>\n<td>\u2248 5m 29d<\/td>\n<td>Funkcionalni (tretja oseba)<\/td>\n<\/tr>\n<tr>\n<td>YSC<\/td>\n<td>youtube.com<\/td>\n<td>ID seje za vdelane videe<\/td>\n<td>Seja<\/td>\n<td>Funkcionalni (tretja oseba)<\/td>\n<\/tr>\n<tr>\n<td>__Secure-1PAPISID<\/td>\n<td>youtube.com<\/td>\n<td>Varne nastavitve YouTube\/Google<\/td>\n<td>\u2248 1y 1m 4d<\/td>\n<td>Varnostni (tretja oseba)<\/td>\n<\/tr>\n<tr>\n<td>__Secure-1PSID<\/td>\n<td>youtube.com<\/td>\n<td>Varna seja\/nastavitve<\/td>\n<td>\u2248 1y 1m 4d<\/td>\n<td>Varnostni (tretja oseba)<\/td>\n<\/tr>\n<tr>\n<td>__Secure-1PSIDCC<\/td>\n<td>youtube.com<\/td>\n<td>Za\u0161\u010dita varne seje<\/td>\n<td>\u2248 1y<\/td>\n<td>Varnostni (tretja oseba)<\/td>\n<\/tr>\n<tr>\n<td>__Secure-1PSIDTS<\/td>\n<td>youtube.com<\/td>\n<td>\u010casovni \u017eig varne seje<\/td>\n<td>\u2248 1y<\/td>\n<td>Varnostni (tretja oseba)<\/td>\n<\/tr>\n<tr>\n<td>__Secure-3PAPISID<\/td>\n<td>youtube.com<\/td>\n<td>Varni med-spletni pi\u0161kotek za storitve Google<\/td>\n<td>\u2248 1y 1m 4d<\/td>\n<td>Varnostni (tretja oseba)<\/td>\n<\/tr>\n<tr>\n<td>__Secure-3PSID<\/td>\n<td>youtube.com<\/td>\n<td>Varna med-spletna seja<\/td>\n<td>\u2248 1y 1m 4d<\/td>\n<td>Varnostni (tretja oseba)<\/td>\n<\/tr>\n<tr>\n<td>__Secure-3PSIDCC<\/td>\n<td>youtube.com<\/td>\n<td>Za\u0161\u010dita varne med-spletne seje<\/td>\n<td>\u2248 1y<\/td>\n<td>Varnostni (tretja oseba)<\/td>\n<\/tr>\n<tr>\n<td>__Secure-3PSIDTS<\/td>\n<td>youtube.com<\/td>\n<td>\u010casovni \u017eig varne med-spletne seje<\/td>\n<td>\u2248 1y<\/td>\n<td>Varnostni (tretja oseba)<\/td>\n<\/tr>\n<tr>\n<td>__Secure-ROLLOUT_TOKEN<\/td>\n<td>youtube.com<\/td>\n<td>Stanje uvajanja funkcij<\/td>\n<td>\u2248 5m 28d<\/td>\n<td>Funkcionalni (tretja oseba)<\/td>\n<\/tr>\n<tr>\n<td>wide<\/td>\n<td>youtube.com<\/td>\n<td>Postavitev predvajalnika<\/td>\n<td>Seja<\/td>\n<td>Funkcionalni (tretja oseba)<\/td>\n<\/tr>\n<tr>\n<td>_ga<\/td>\n<td>.cofestival.si<\/td>\n<td>Merjenje statistike uporabe<\/td>\n<td>\u2248 1y 1m 3d<\/td>\n<td>Analiti\u010dni<\/td>\n<\/tr>\n<tr>\n<td>_gid<\/td>\n<td>.cofestival.si<\/td>\n<td>Bele\u017eenje ogledov strani<\/td>\n<td>\u2248 21h<\/td>\n<td>Analiti\u010dni<\/td>\n<\/tr>\n<tr>\n<td>cmplz_banner-status<\/td>\n<td>cofestival.si<\/td>\n<td>Shrani odlo\u010ditev pasice (Complianz)<\/td>\n<td>\u2248 8m 24d<\/td>\n<td>Nujni<\/td>\n<\/tr>\n<tr>\n<td>cmplz_consented_services<\/td>\n<td>cofestival.si<\/td>\n<td>Shrani odobrene storitve<\/td>\n<td>\u2248 8m 24d<\/td>\n<td>Nujni<\/td>\n<\/tr>\n<tr>\n<td>cmplz_marketing<\/td>\n<td>cofestival.si<\/td>\n<td>Stanje privolitve za marketing<\/td>\n<td>\u2248 8m 24d<\/td>\n<td>Nujni<\/td>\n<\/tr>\n<tr>\n<td>cmplz_policy_id<\/td>\n<td>cofestival.si<\/td>\n<td>Referenca verzije politike<\/td>\n<td>\u2248 8m 24d<\/td>\n<td>Nujni<\/td>\n<\/tr>\n<tr>\n<td>cmplz_preferences<\/td>\n<td>cofestival.si<\/td>\n<td>Stanje privolitve za nastavitve<\/td>\n<td>\u2248 8m 24d<\/td>\n<td>Nujni<\/td>\n<\/tr>\n<tr>\n<td>cmplz_statistics<\/td>\n<td>cofestival.si<\/td>\n<td>Stanje privolitve za statistiko<\/td>\n<td>\u2248 8m 24d<\/td>\n<td>Nujni<\/td>\n<\/tr>\n<tr>\n<td>cookie-notice-accepted<\/td>\n<td>cofestival.si<\/td>\n<td>Shrani odlo\u010ditev o obvestilu o pi\u0161kotkih<\/td>\n<td>\u2248 1y 1m 3d<\/td>\n<td>Nujni<\/td>\n<\/tr>\n<tr>\n<td>moove_gdpr_popup<\/td>\n<td>cofestival.si<\/td>\n<td>Shrani GDPR nastavitve (Moove)<\/td>\n<td>\u2248 1y<\/td>\n<td>Nujni<\/td>\n<\/tr>\n<tr>\n<td>qtrans_admin_language<\/td>\n<td>cofestival.si<\/td>\n<td>Izbira jezika (qTranslate)<\/td>\n<td>\u2248 1y<\/td>\n<td>Nujni<\/td>\n<\/tr>\n<tr>\n<td>qtrans_front_language<\/td>\n<td>cofestival.si<\/td>\n<td>Izbira jezika (qTranslate)<\/td>\n<td>\u2248 1y<\/td>\n<td>Nujni<\/td>\n<\/tr>\n<tr>\n<td>roundcube_cookies<\/td>\n<td>cofestival.si<\/td>\n<td>Omogo\u010da delovanje spletne po\u0161te Roundcube<\/td>\n<td>\u2248 24d<\/td>\n<td>Funkcionalni<\/td>\n<\/tr>\n<tr>\n<td>ucp_tabs<\/td>\n<td>cofestival.si<\/td>\n<td>Nastavitve uporabni\u0161kega vmesnika<\/td>\n<td>\u2248 11m 28d<\/td>\n<td>Nujni<\/td>\n<\/tr>\n<tr>\n<td>wfwaf-authcookie-[hash]<\/td>\n<td>cofestival.si<\/td>\n<td>Varnostni pi\u0161kotek (Wordfence)<\/td>\n<td>\u2248 1d<\/td>\n<td>Varnostni<\/td>\n<\/tr>\n<tr>\n<td>wordpress_logged_in_[hash]<\/td>\n<td>cofestival.si<\/td>\n<td>Ohranja prijavo uporabnika<\/td>\n<td>Seja<\/td>\n<td>Funkcionalni<\/td>\n<\/tr>\n<tr>\n<td>wordpress_sec_[hash]<\/td>\n<td>cofestival.si<\/td>\n<td>Varnost prijave<\/td>\n<td>Seja<\/td>\n<td>Varnostni<\/td>\n<\/tr>\n<tr>\n<td>wordpress_test_cookie<\/td>\n<td>cofestival.si<\/td>\n<td>Preveri podporo pi\u0161kotkov v brskalniku<\/td>\n<td>Seja<\/td>\n<td>Nujni<\/td>\n<\/tr>\n<tr>\n<td>wp-settings-1<\/td>\n<td>cofestival.si<\/td>\n<td>Shranjuje uporabni\u0161ke nastavitve WordPressa<\/td>\n<td>\u2248 1y<\/td>\n<td>Nujni<\/td>\n<\/tr>\n<tr>\n<td>wp-settings-time-1<\/td>\n<td>cofestival.si<\/td>\n<td>\u010casovni \u017eig uporabni\u0161kih nastavitev<\/td>\n<td>\u2248 1y<\/td>\n<td>Nujni<\/td>\n<\/tr>\n<tr>\n<td>wp_lang<\/td>\n<td>cofestival.si<\/td>\n<td>Shranjuje jezik vmesnika<\/td>\n<td>Seja<\/td>\n<td>Nujni<\/td>\n<\/tr>\n<\/tbody>\n<\/table>\n<p><strong>Namen obdelave<\/strong><br \/>\nPodatke obdelujemo za: pravilno delovanje strani, izbolj\u0161anje uporabni\u0161ke izku\u0161nje (jezik, nastavitve),<br \/>\nosnovno statistiko obiska (\u010de podate soglasje) ter za\u0161\u010dito pred zlorabami in napadi.<\/p>\n<p><strong>Pravna podlaga<\/strong><br \/>\n&#8211; nujni, varnostni in funkcionalni pi\u0161kotki: zakoniti interes (\u010dlen 6(1)(f) GDPR),<br \/>\n&#8211; analiti\u010dni pi\u0161kotki (_ga, _gid): privolitev (\u010dlen 6(1)(a) GDPR).<\/p>\n<p><strong>Tretje osebe<\/strong><br \/>\nZa statisti\u010dne namene uporabljamo Google Analytics (Google LLC), vdelani videi YouTube lahko nastavijo pi\u0161kotke tretjih oseb. Podatki se lahko prena\u0161ajo v ZDA.<br \/>\nUporabljajo se standardne pogodbene klavzule EU. Ve\u010d:<br \/>\n<a href=\"https:\/\/policies.google.com\/privacy\" target=\"_blank\" rel=\"noopener\">Google Privacy Policy<\/a>.<\/p>\n<p><strong>Hramba podatkov<\/strong><br \/>\nPi\u0161kotki se hranijo do poteka, kot je navedeno v tabeli zgoraj (\u010das do poteka), oziroma do preklica privolitve za analiti\u010dne pi\u0161kotke.<br \/>\nDruge osebne podatke ne zbiramo in ne hranimo.<\/p>\n<p><strong>Va\u0161e pravice<\/strong><br \/>\nImate pravico do dostopa do osebnih podatkov, popravka, izbrisa, omejitve obdelave,<br \/>\npreklica privolitve (za analiti\u010dne pi\u0161kotke) ter pravico vlo\u017eiti prito\u017ebo pri Informacijskem poobla\u0161\u010dencu RS.<\/p>\n<p><strong>Kontakt<\/strong><br \/>\nUpravljavec spletne strani je Cofestival. Za vpra\u0161anja glede obdelave osebnih podatkov<br \/>\nnas lahko kontaktirate na <a href=\"mailto:info@cofestival.si\">info@cofestival.si<\/a>.<\/p>\n<\/div>","protected":false},"excerpt":{"rendered":"<p>Politika zasebnosti in Politika pi\u0161kotkov Uvod Ta dokument zdru\u017euje Politiko zasebnosti in Politiko pi\u0161kotkov za spletno stran cofestival.si. Zavezani smo k varstvu va\u0161e zasebnosti in obdelujemo osebne podatke le v obsegu, ki je nujen za delovanje strani in skladno z zakonodajo EU (GDPR) ter zakonodajo RS. Kateri podatki se zbirajo Ne omogo\u010damo registracije, prijave uporabnikov [&hellip;]<\/p>\n","protected":false},"author":1,"featured_media":0,"parent":0,"menu_order":0,"comment_status":"closed","ping_status":"open","template":"","meta":{"footnotes":""},"class_list":["post-3","page","type-page","status-publish","format-standard","hentry"],"_links":{"self":[{"href":"https:\/\/cofestival.si\/2023\/wp-json\/wp\/v2\/pages\/3","targetHints":{"allow":["GET"]}}],"collection":[{"href":"https:\/\/cofestival.si\/2023\/wp-json\/wp\/v2\/pages"}],"about":[{"href":"https:\/\/cofestival.si\/2023\/wp-json\/wp\/v2\/types\/page"}],"author":[{"embeddable":true,"href":"https:\/\/cofestival.si\/2023\/wp-json\/wp\/v2\/users\/1"}],"replies":[{"embeddable":true,"href":"https:\/\/cofestival.si\/2023\/wp-json\/wp\/v2\/comments?post=3"}],"version-history":[{"count":7,"href":"https:\/\/cofestival.si\/2023\/wp-json\/wp\/v2\/pages\/3\/revisions"}],"predecessor-version":[{"id":4471,"href":"https:\/\/cofestival.si\/2023\/wp-json\/wp\/v2\/pages\/3\/revisions\/4471"}],"wp:attachment":[{"href":"https:\/\/cofestival.si\/2023\/wp-json\/wp\/v2\/media?parent=3"}],"curies":[{"name":"wp","href":"https:\/\/api.w.org\/{rel}","templated":true}]}}