{"id":2711,"date":"2021-10-25T22:05:30","date_gmt":"2021-10-25T22:05:30","guid":{"rendered":"https:\/\/cofestival.si\/2023\/?page_id=2711"},"modified":"2023-11-20T10:57:55","modified_gmt":"2023-11-20T10:57:55","slug":"cofestival","status":"publish","type":"page","link":"https:\/\/cofestival.si\/2023\/cofestival\/","title":{"rendered":"CoFestival"},"content":{"rendered":"<h3>CoFestival 2023, mednarodni festival sodobnega plesa<\/h3>\n<p>&nbsp;<\/p>\n<p><strong>UVODNIK<\/strong><\/p>\n<p>Program CoFestivala, mednarodnega festivala sodobnega plesa, se v letu 2023 osredoto\u010da na dvoje kuratorskih interesov. S prvim predstavlja izbor umetnikov in umetnic, ki so v zadnjem obdobju v kulturnih kontekstih nekdanje jugoslovanske federacije in Avstrije ustvarili izvrstna, sve\u017ea, sodobna, a hkrati zelo raznolika koreografska dela (Igor Koruga, Viktorija Ilioska, Marko Mi\u017eimakov, Kolektiv Nomad Dance Academy Hrva\u0161ka, Dejan Srhoj, Tatjana Kocmur, Hungry Sharks). Njihova dela se osredoto\u010dajo na konstrukcije potencialnega telesa in urejanje zgodovinskega plesnega korpusa, arhitekturni brutalizem in uli\u010dni ples, distribucijo koreografije med razli\u010dne sodobne medije ter na dru\u017ebeno in medzvrstno, serijsko kompozicijo koreografije in plesa. Potrebno je poudariti, da je na\u0161 izbor zgolj fragment tega, kar na obmo\u010dju nekdanje Jugoslavije in Avstrije vznika kot izjemno intriganten, nov in umetni\u0161ko ploden sodobnoplesni fenomen.<\/p>\n<p>Drugi kuratorski sklop se osredoto\u010da na (odprto) mejo med plesnim ali kineti\u010dnim dejanjem in njegovo zaznavo, ki jo kuratorska ekipa CoFestivala razume kot materialni pogoj \u010dlove\u0161ke empatije, od katere je nenazadnje odvisna na\u0161a prihodnost. Odprte meje teles, geo-politi\u010dnih podro\u010dij ter razli\u010dnih materialnosti \u2013 \u010dlove\u0161ke in ekosistemske \u2013 razumemo kot politi\u010den pogoj sodobnega sobivanja. \u00bbKurja polt\u00ab je oznaka za sinesteti\u010dno ali kinesteti\u010dno izku\u0161njo, v kateri se \u010dutne ali jezikovne informacije pretvarjajo v neposredni materialni, telesni u\u010dinek. Sintagma je zanimiva, ker za \u010dlove\u0161ke, telesne izku\u0161nje uporabi primer, ki sega onstran antropomorfnega: v naravo oziroma \u017eivalski svet. To je meja kot mesto odprte zaznave; preto\u010dnost brez tehni\u010dnih ovir. Na\u0161a sodobna nujnost. Predstave Christosa Papadopoulosa, Thiaga Granata in Sylvaina Huca, Ioanne Paraskevopoulou in Isabelle Schad s svojimi pretanjenimi monta\u017eami telesnih ali materialnih gradiv in stika med tem, kar je z njimi mogo\u010de narediti, da bi odprli pore na\u0161ih gledalskih ko\u017e za telesno mi\u0161ljenje, v svojih umetni\u0161kih delih z znanstveno natan\u010dnostjo urejajo pogoje na\u0161e \u010dutne in miselne \u010duje\u010dnosti. To je utripanje snovi, v katerem ni ni\u010d gotovega, saj telesa tvori njihov razvojni \u010das.<\/p>\n<p>Oba sklopa pre\u010di neko posebno metamodernisti\u010dno zajetje \u010dasa, v katerem se najsodobnej\u0161a plesna dela povezujejo z umetni\u0161kimi te\u017enjami, oblikami, postopki, formati in praksami, ki so si v obdobju plesnega modernizma prizadevali plesu zagotoviti njegovo prakti\u010dno in disciplinarno avtonomijo, v na\u0161i sodobnosti pa jih umetniki na sve\u017ee na\u010dine, pre\u017eete s sodobnimi plesnimi znanji, inovacijami in utele\u0161enji, uporabljajo prav zaradi specifi\u010dne (neiz\u010drpane) potencialnosti, ki lahko na gibek na\u010din obravnava protislovna mesta sodobnih dru\u017ebenih, politi\u010dnih in ekolo\u0161kih kriz ali pa gradiva na sve\u017e na\u010din pove\u017ee s sodobnim \u017eivljenjem. To so koreografije, ki gledalcu ne dajejo navodil na uporabo, ne ukvarjajo se z zagovorni\u0161tvom lastnega po\u010detja, ne prizadevajo si izoblikovati objekta iz dejanja gledalske recepcije, niti si ne domi\u0161ljajo, da so oblike njihovih umetni\u0161kih del in praks brez svojih ideolo\u0161kih implikacij. Materialnosti razporejajo brez dodatnih razlag, ne da pa se zanikati njihovih vezi s preteklim plesnim stoletjem.<\/p>\n<p>Na CoFestivalu 2023 se bomo s konferen\u010dnim programom posvetili tudi vidikom plesnega arhiviranja in zgodovinjenja, predstavili bomo nekaj zadnjih primerkov sodobnoplesne publicistike ter predstavili nekaj zanimivih mednarodnih gostov. Oglejte si na\u0161 program in spremljajte nas, saj boste na CoFestivalu, mednarodnem festivalu sodobnega plesa, zelo dobrodo\u0161li.","protected":false},"excerpt":{"rendered":"<p>CoFestival 2023, mednarodni festival sodobnega plesa &nbsp; UVODNIK Program CoFestivala, mednarodnega festivala sodobnega plesa, se v letu 2023 osredoto\u010da na dvoje kuratorskih interesov. S prvim predstavlja izbor umetnikov in umetnic, ki so v zadnjem obdobju v kulturnih kontekstih nekdanje jugoslovanske federacije in Avstrije ustvarili izvrstna, sve\u017ea, sodobna, a hkrati zelo raznolika koreografska dela (Igor Koruga, [&hellip;]<\/p>\n","protected":false},"author":1,"featured_media":4397,"parent":0,"menu_order":0,"comment_status":"closed","ping_status":"closed","template":"","meta":{"footnotes":""},"class_list":["post-2711","page","type-page","status-publish","format-standard","has-post-thumbnail","hentry"],"_links":{"self":[{"href":"https:\/\/cofestival.si\/2023\/wp-json\/wp\/v2\/pages\/2711","targetHints":{"allow":["GET"]}}],"collection":[{"href":"https:\/\/cofestival.si\/2023\/wp-json\/wp\/v2\/pages"}],"about":[{"href":"https:\/\/cofestival.si\/2023\/wp-json\/wp\/v2\/types\/page"}],"author":[{"embeddable":true,"href":"https:\/\/cofestival.si\/2023\/wp-json\/wp\/v2\/users\/1"}],"replies":[{"embeddable":true,"href":"https:\/\/cofestival.si\/2023\/wp-json\/wp\/v2\/comments?post=2711"}],"version-history":[{"count":18,"href":"https:\/\/cofestival.si\/2023\/wp-json\/wp\/v2\/pages\/2711\/revisions"}],"predecessor-version":[{"id":4338,"href":"https:\/\/cofestival.si\/2023\/wp-json\/wp\/v2\/pages\/2711\/revisions\/4338"}],"wp:featuredmedia":[{"embeddable":true,"href":"https:\/\/cofestival.si\/2023\/wp-json\/wp\/v2\/media\/4397"}],"wp:attachment":[{"href":"https:\/\/cofestival.si\/2023\/wp-json\/wp\/v2\/media?parent=2711"}],"curies":[{"name":"wp","href":"https:\/\/api.w.org\/{rel}","templated":true}]}}