{"id":2748,"date":"2021-10-26T20:47:12","date_gmt":"2021-10-26T20:47:12","guid":{"rendered":"https:\/\/cofestival.si\/2023\/?page_id=2748"},"modified":"2023-12-13T13:34:56","modified_gmt":"2023-12-13T13:34:56","slug":"podporniki","status":"publish","type":"page","link":"https:\/\/cofestival.si\/2023\/en\/podporniki\/","title":{"rendered":"Supporters"},"content":{"rendered":"<h3>Production:<br \/>\n<a href=\"http:\/\/kinosiska.si\" target=\"_blank\" rel=\"noopener\"><img decoding=\"async\" class=\"alignnone wp-image-2458 \" src=\"http:\/\/cofestival.si\/2023\/wp-content\/uploads\/sites\/18\/2021\/09\/CoF-KS-e1635893222300.jpeg\" alt=\"\" width=\"187\" height=\"176\" \/><\/a> <a href=\"https:\/\/nda.si\/\" target=\"_blank\" rel=\"noopener\"><img decoding=\"async\" class=\"alignnone wp-image-2459 \" src=\"http:\/\/cofestival.si\/2023\/wp-content\/uploads\/sites\/18\/2021\/09\/nda-slo-300x300-1-e1635893194594.jpeg\" alt=\"\" width=\"182\" height=\"171\" \/><\/a><\/h3>\n<p>&nbsp;<\/p>\n<h3><strong><br \/>\n<\/strong>With the support of:<strong><br \/>\n<\/strong><\/h3>\n<p><a href=\"https:\/\/www.ljubljana.si\/\" target=\"_blank\" rel=\"noopener\"><img decoding=\"async\" class=\"alignnone wp-image-3090\" src=\"http:\/\/cofestival.si\/2023\/wp-content\/uploads\/sites\/18\/2021\/11\/mol-e1635892541561-300x95.jpeg\" alt=\"\" width=\"237\" height=\"75\" srcset=\"https:\/\/cofestival.si\/2023\/wp-content\/uploads\/sites\/18\/2021\/11\/mol-e1635892541561-300x95.jpeg 300w, https:\/\/cofestival.si\/2023\/wp-content\/uploads\/sites\/18\/2021\/11\/mol-e1635892541561.jpeg 400w\" sizes=\"(max-width: 237px) 100vw, 237px\" \/><\/a> <img loading=\"lazy\" decoding=\"async\" class=\"alignnone wp-image-3091\" src=\"http:\/\/cofestival.si\/2023\/wp-content\/uploads\/sites\/18\/2021\/11\/ljubljana-zelena-e1635892520163-300x156.jpeg\" alt=\"\" width=\"137\" height=\"71\" srcset=\"https:\/\/cofestival.si\/2023\/wp-content\/uploads\/sites\/18\/2021\/11\/ljubljana-zelena-e1635892520163-300x156.jpeg 300w, https:\/\/cofestival.si\/2023\/wp-content\/uploads\/sites\/18\/2021\/11\/ljubljana-zelena-e1635892520163.jpeg 400w\" sizes=\"(max-width: 137px) 100vw, 137px\" \/><a href=\"https:\/\/en.unesco.org\/\" target=\"_blank\" rel=\"noopener\"><img loading=\"lazy\" decoding=\"async\" class=\"alignnone wp-image-3113 \" src=\"http:\/\/cofestival.si\/2023\/wp-content\/uploads\/sites\/18\/2021\/11\/unesco-300x300-1-e1635961071992.jpeg\" alt=\"\" width=\"149\" height=\"83\" \/><\/a><a href=\"https:\/\/www.gov.si\/drzavni-organi\/ministrstva\/ministrstvo-za-kulturo\/\" target=\"_blank\" rel=\"noopener\"><img loading=\"lazy\" decoding=\"async\" class=\"alignnone wp-image-3114 \" src=\"http:\/\/cofestival.si\/2023\/wp-content\/uploads\/sites\/18\/2021\/11\/rs-kultura-300x300-1-e1635961135575.jpeg\" alt=\"\" width=\"266\" height=\"85\" \/><\/a><\/p>\n<p><a href=\"https:\/\/www.gov.si\/drzavni-organi\/ministrstva\/ministrstvo-za-javno-upravo\/\" target=\"_blank\" rel=\"noopener\"><img loading=\"lazy\" decoding=\"async\" class=\"alignnone wp-image-3878\" src=\"http:\/\/cofestival.si\/2023\/wp-content\/uploads\/sites\/18\/2022\/11\/image-3-300x85.png\" alt=\"\" width=\"272\" height=\"77\" srcset=\"https:\/\/cofestival.si\/2023\/wp-content\/uploads\/sites\/18\/2022\/11\/image-3-300x85.png 300w, https:\/\/cofestival.si\/2023\/wp-content\/uploads\/sites\/18\/2022\/11\/image-3-768x218.png 768w, https:\/\/cofestival.si\/2023\/wp-content\/uploads\/sites\/18\/2022\/11\/image-3.png 877w\" sizes=\"(max-width: 272px) 100vw, 272px\" \/><\/a>\u00a0<a href=\"https:\/\/dopodo.eu\/\" target=\"_blank\" rel=\"noopener\"><img loading=\"lazy\" decoding=\"async\" class=\"alignnone wp-image-3086\" src=\"http:\/\/cofestival.si\/2023\/wp-content\/uploads\/sites\/18\/2021\/11\/dance-on-pass-on-300x300-1-e1635892317533.jpeg\" alt=\"\" width=\"125\" height=\"69\" \/><\/a><a href=\"https:\/\/www.onassis.org\/onassis-stegi\/\" target=\"_blank\" rel=\"noopener\"><img loading=\"lazy\" decoding=\"async\" class=\"alignnone wp-image-4112\" src=\"http:\/\/cofestival.si\/2023\/wp-content\/uploads\/sites\/18\/2023\/11\/Onassis-Stegi_white-background-300x150.png\" alt=\"\" width=\"162\" height=\"81\" srcset=\"https:\/\/cofestival.si\/2023\/wp-content\/uploads\/sites\/18\/2023\/11\/Onassis-Stegi_white-background-300x150.png 300w, https:\/\/cofestival.si\/2023\/wp-content\/uploads\/sites\/18\/2023\/11\/Onassis-Stegi_white-background-1024x512.png 1024w, https:\/\/cofestival.si\/2023\/wp-content\/uploads\/sites\/18\/2023\/11\/Onassis-Stegi_white-background-768x384.png 768w, https:\/\/cofestival.si\/2023\/wp-content\/uploads\/sites\/18\/2023\/11\/Onassis-Stegi_white-background.png 1120w\" sizes=\"(max-width: 162px) 100vw, 162px\" \/><\/a><a href=\"https:\/\/aerowaves.org\/\" target=\"_blank\" rel=\"noopener\"><img loading=\"lazy\" decoding=\"async\" class=\"alignnone size-medium wp-image-4113\" src=\"http:\/\/cofestival.si\/2023\/wp-content\/uploads\/sites\/18\/2023\/11\/aerowaves-e1698958702417-300x87.jpeg\" alt=\"\" width=\"300\" height=\"87\" srcset=\"https:\/\/cofestival.si\/2023\/wp-content\/uploads\/sites\/18\/2023\/11\/aerowaves-e1698958702417-300x87.jpeg 300w, https:\/\/cofestival.si\/2023\/wp-content\/uploads\/sites\/18\/2023\/11\/aerowaves-e1698958702417.jpeg 542w\" sizes=\"(max-width: 300px) 100vw, 300px\" \/><\/a><a href=\"https:\/\/dopodo.eu\/\" target=\"_blank\" rel=\"noopener\"><img loading=\"lazy\" decoding=\"async\" class=\"alignnone wp-image-4342\" src=\"http:\/\/cofestival.si\/2023\/wp-content\/uploads\/sites\/18\/2023\/11\/Screenshot-2023-11-09-133440-300x116.png\" alt=\"\" width=\"197\" height=\"76\" srcset=\"https:\/\/cofestival.si\/2023\/wp-content\/uploads\/sites\/18\/2023\/11\/Screenshot-2023-11-09-133440-300x116.png 300w, https:\/\/cofestival.si\/2023\/wp-content\/uploads\/sites\/18\/2023\/11\/Screenshot-2023-11-09-133440.png 478w\" sizes=\"(max-width: 197px) 100vw, 197px\" \/><\/a><img loading=\"lazy\" decoding=\"async\" class=\"alignnone wp-image-4155\" src=\"http:\/\/cofestival.si\/2023\/wp-content\/uploads\/sites\/18\/2023\/11\/image-6-300x95.png\" alt=\"\" width=\"186\" height=\"59\" srcset=\"https:\/\/cofestival.si\/2023\/wp-content\/uploads\/sites\/18\/2023\/11\/image-6-300x95.png 300w, https:\/\/cofestival.si\/2023\/wp-content\/uploads\/sites\/18\/2023\/11\/image-6.png 333w\" sizes=\"(max-width: 186px) 100vw, 186px\" \/><img loading=\"lazy\" decoding=\"async\" class=\"alignnone size-medium wp-image-4410\" src=\"http:\/\/cofestival.si\/2023\/wp-content\/uploads\/sites\/18\/2023\/11\/EN-Co-Funded-by-the-EU_POS-modified-300x63.png\" alt=\"\" width=\"300\" height=\"63\" srcset=\"https:\/\/cofestival.si\/2023\/wp-content\/uploads\/sites\/18\/2023\/11\/EN-Co-Funded-by-the-EU_POS-modified-300x63.png 300w, https:\/\/cofestival.si\/2023\/wp-content\/uploads\/sites\/18\/2023\/11\/EN-Co-Funded-by-the-EU_POS-modified.png 712w\" sizes=\"(max-width: 300px) 100vw, 300px\" \/><\/p>\n<p>&nbsp;<\/p>\n<h3>Partners:<\/h3>\n<p><a href=\"http:\/\/www.lgl.si\/\" target=\"_blank\" rel=\"noopener\"><img loading=\"lazy\" decoding=\"async\" class=\"alignnone wp-image-3119 \" src=\"http:\/\/cofestival.si\/2023\/wp-content\/uploads\/sites\/18\/2021\/11\/lgl-e1635961858930-300x245.jpg\" alt=\"\" width=\"89\" height=\"73\" srcset=\"https:\/\/cofestival.si\/2023\/wp-content\/uploads\/sites\/18\/2021\/11\/lgl-e1635961858930-300x245.jpg 300w, https:\/\/cofestival.si\/2023\/wp-content\/uploads\/sites\/18\/2021\/11\/lgl-e1635961858930.jpg 450w\" sizes=\"(max-width: 89px) 100vw, 89px\" \/><\/a><a href=\"https:\/\/www.lpp.si\/\" target=\"_blank\" rel=\"noopener\"><img loading=\"lazy\" decoding=\"async\" class=\"alignnone wp-image-3202\" src=\"http:\/\/cofestival.si\/2023\/wp-content\/uploads\/sites\/18\/2021\/11\/Lpp-300x139.jpg\" alt=\"\" width=\"194\" height=\"90\" srcset=\"https:\/\/cofestival.si\/2023\/wp-content\/uploads\/sites\/18\/2021\/11\/Lpp-300x139.jpg 300w, https:\/\/cofestival.si\/2023\/wp-content\/uploads\/sites\/18\/2021\/11\/Lpp-768x356.jpg 768w, https:\/\/cofestival.si\/2023\/wp-content\/uploads\/sites\/18\/2021\/11\/Lpp.jpg 858w\" sizes=\"(max-width: 194px) 100vw, 194px\" \/><\/a> <a href=\"http:\/\/ptl.si\" target=\"_blank\" rel=\"noopener\"><img loading=\"lazy\" decoding=\"async\" class=\"alignnone wp-image-4116 \" src=\"http:\/\/cofestival.si\/2023\/wp-content\/uploads\/sites\/18\/2023\/11\/05-LOGO-PLESNI-e1698958944623.png\" alt=\"\" width=\"97\" height=\"113\" \/><\/a> \u00a0<a href=\"http:\/\/www.cirkulacija2.org\/\" target=\"_blank\" rel=\"noopener\"><img loading=\"lazy\" decoding=\"async\" class=\"alignnone wp-image-4115\" src=\"http:\/\/cofestival.si\/2023\/wp-content\/uploads\/sites\/18\/2023\/11\/cirkulacija2-300x59.png\" alt=\"\" width=\"350\" height=\"69\" srcset=\"https:\/\/cofestival.si\/2023\/wp-content\/uploads\/sites\/18\/2023\/11\/cirkulacija2-300x59.png 300w, https:\/\/cofestival.si\/2023\/wp-content\/uploads\/sites\/18\/2023\/11\/cirkulacija2-1024x202.png 1024w, https:\/\/cofestival.si\/2023\/wp-content\/uploads\/sites\/18\/2023\/11\/cirkulacija2-768x152.png 768w, https:\/\/cofestival.si\/2023\/wp-content\/uploads\/sites\/18\/2023\/11\/cirkulacija2-1536x303.png 1536w, https:\/\/cofestival.si\/2023\/wp-content\/uploads\/sites\/18\/2023\/11\/cirkulacija2.png 2001w\" sizes=\"(max-width: 350px) 100vw, 350px\" \/><\/a><\/p>\n<p><a href=\"https:\/\/www.mg-lj.si\/\" target=\"_blank\" rel=\"noopener\"><img loading=\"lazy\" decoding=\"async\" class=\"alignnone size-medium wp-image-4117\" src=\"http:\/\/cofestival.si\/2023\/wp-content\/uploads\/sites\/18\/2023\/11\/Screenshot-2023-11-02-220331-300x72.png\" alt=\"\" width=\"300\" height=\"72\" srcset=\"https:\/\/cofestival.si\/2023\/wp-content\/uploads\/sites\/18\/2023\/11\/Screenshot-2023-11-02-220331-300x72.png 300w, https:\/\/cofestival.si\/2023\/wp-content\/uploads\/sites\/18\/2023\/11\/Screenshot-2023-11-02-220331.png 541w\" sizes=\"(max-width: 300px) 100vw, 300px\" \/><\/a><a href=\"https:\/\/www.en-knap.com\/\" target=\"_blank\" rel=\"noopener\"><img loading=\"lazy\" decoding=\"async\" class=\"alignnone wp-image-4118 \" src=\"http:\/\/cofestival.si\/2023\/wp-content\/uploads\/sites\/18\/2023\/11\/download-1-e1698959192192.png\" alt=\"\" width=\"142\" height=\"99\" \/><\/a><a href=\"http:\/\/www.spanskiborci.si\/\" target=\"_blank\" rel=\"noopener\"><img loading=\"lazy\" decoding=\"async\" class=\"alignnone wp-image-4119\" src=\"http:\/\/cofestival.si\/2023\/wp-content\/uploads\/sites\/18\/2023\/11\/576px-Spanski_borci_Culture_Centre_logo-189x300.png\" alt=\"\" width=\"64\" height=\"102\" srcset=\"https:\/\/cofestival.si\/2023\/wp-content\/uploads\/sites\/18\/2023\/11\/576px-Spanski_borci_Culture_Centre_logo-189x300.png 189w, https:\/\/cofestival.si\/2023\/wp-content\/uploads\/sites\/18\/2023\/11\/576px-Spanski_borci_Culture_Centre_logo.png 576w\" sizes=\"(max-width: 64px) 100vw, 64px\" \/><\/a>\u00a0 \u00a0<a href=\"https:\/\/mgml.si\/\" target=\"_blank\" rel=\"noopener\"><img loading=\"lazy\" decoding=\"async\" class=\"alignnone wp-image-4196\" src=\"http:\/\/cofestival.si\/2023\/wp-content\/uploads\/sites\/18\/2023\/11\/download-2.png\" alt=\"\" width=\"149\" height=\"99\" \/><\/a><a href=\"https:\/\/cukrarna.art\/\" target=\"_blank\" rel=\"noopener\"><img loading=\"lazy\" decoding=\"async\" class=\"alignnone wp-image-4120\" src=\"http:\/\/cofestival.si\/2023\/wp-content\/uploads\/sites\/18\/2023\/11\/Screenshot-2023-11-02-220840-300x50.png\" alt=\"\" width=\"324\" height=\"54\" srcset=\"https:\/\/cofestival.si\/2023\/wp-content\/uploads\/sites\/18\/2023\/11\/Screenshot-2023-11-02-220840-300x50.png 300w, https:\/\/cofestival.si\/2023\/wp-content\/uploads\/sites\/18\/2023\/11\/Screenshot-2023-11-02-220840.png 524w\" sizes=\"(max-width: 324px) 100vw, 324px\" \/><\/a><\/p>\n<p><a href=\"https:\/\/www.bunker.si\/o-stari-elektrarni\/\" target=\"_blank\" rel=\"noopener\"><img loading=\"lazy\" decoding=\"async\" class=\"alignnone wp-image-4218\" src=\"http:\/\/cofestival.si\/2023\/wp-content\/uploads\/sites\/18\/2023\/11\/image-2-300x151-1.png\" alt=\"\" width=\"185\" height=\"93\" \/><\/a><a href=\"https:\/\/www.bunker.si\/o-stari-elektrarni\/\" target=\"_blank\" rel=\"noopener\"><img loading=\"lazy\" decoding=\"async\" class=\"alignnone wp-image-4405\" src=\"http:\/\/cofestival.si\/2023\/wp-content\/uploads\/sites\/18\/2023\/11\/Slovenskigledalis\u030ckizaloz\u030cniki_logo-modified-e1700596072826-300x110.jpg\" alt=\"\" width=\"270\" height=\"99\" srcset=\"https:\/\/cofestival.si\/2023\/wp-content\/uploads\/sites\/18\/2023\/11\/Slovenskigledalis\u030ckizaloz\u030cniki_logo-modified-e1700596072826-300x110.jpg 300w, https:\/\/cofestival.si\/2023\/wp-content\/uploads\/sites\/18\/2023\/11\/Slovenskigledalis\u030ckizaloz\u030cniki_logo-modified-e1700596072826-1024x376.jpg 1024w, https:\/\/cofestival.si\/2023\/wp-content\/uploads\/sites\/18\/2023\/11\/Slovenskigledalis\u030ckizaloz\u030cniki_logo-modified-e1700596072826-768x282.jpg 768w, https:\/\/cofestival.si\/2023\/wp-content\/uploads\/sites\/18\/2023\/11\/Slovenskigledalis\u030ckizaloz\u030cniki_logo-modified-e1700596072826.jpg 1280w\" sizes=\"(max-width: 270px) 100vw, 270px\" \/><\/a><\/p>\n<p>&nbsp;<\/p>\n<h3>MAIN SPONSOR of Kina \u0160i\u0161ka:<\/h3>\n<p><a href=\"https:\/\/www.zav-sava.si\/\" target=\"_blank\" rel=\"noopener\"><img loading=\"lazy\" decoding=\"async\" class=\"alignnone wp-image-4122\" src=\"http:\/\/cofestival.si\/2023\/wp-content\/uploads\/sites\/18\/2023\/11\/zavarovalnica-sava-logo-modified.png\" alt=\"\" width=\"245\" height=\"163\" \/><\/a><\/p>\n<h3>Kino \u0160i\u0161ka is a member of the EDN network:<\/h3>\n<p><img loading=\"lazy\" decoding=\"async\" class=\"alignnone wp-image-4355\" src=\"http:\/\/cofestival.si\/2023\/wp-content\/uploads\/sites\/18\/2023\/11\/Screenshot-2023-11-09-203832-300x211.png\" alt=\"\" width=\"151\" height=\"106\" srcset=\"https:\/\/cofestival.si\/2023\/wp-content\/uploads\/sites\/18\/2023\/11\/Screenshot-2023-11-09-203832-300x211.png 300w, https:\/\/cofestival.si\/2023\/wp-content\/uploads\/sites\/18\/2023\/11\/Screenshot-2023-11-09-203832.png 571w\" sizes=\"(max-width: 151px) 100vw, 151px\" \/><\/p>\n<p>&nbsp;<\/p>\n<h3>NDA Slovenia is a member of network:<\/h3>\n<p><a href=\"https:\/\/dopodo.eu\/\" target=\"_blank\" rel=\"noopener\"><img loading=\"lazy\" decoding=\"async\" class=\"alignnone wp-image-4342\" src=\"http:\/\/cofestival.si\/2023\/wp-content\/uploads\/sites\/18\/2023\/11\/Screenshot-2023-11-09-133440-300x116.png\" alt=\"\" width=\"197\" height=\"76\" srcset=\"https:\/\/cofestival.si\/2023\/wp-content\/uploads\/sites\/18\/2023\/11\/Screenshot-2023-11-09-133440-300x116.png 300w, https:\/\/cofestival.si\/2023\/wp-content\/uploads\/sites\/18\/2023\/11\/Screenshot-2023-11-09-133440.png 478w\" sizes=\"(max-width: 197px) 100vw, 197px\" \/><img loading=\"lazy\" decoding=\"async\" class=\"alignnone wp-image-3086\" src=\"http:\/\/cofestival.si\/2023\/wp-content\/uploads\/sites\/18\/2021\/11\/dance-on-pass-on-300x300-1-e1635892317533.jpeg\" alt=\"\" width=\"154\" height=\"85\" \/><img loading=\"lazy\" decoding=\"async\" class=\"alignnone  wp-image-4413\" src=\"http:\/\/cofestival.si\/2023\/wp-content\/uploads\/sites\/18\/2023\/12\/download-300x92.jpg\" alt=\"\" width=\"241\" height=\"74\" srcset=\"https:\/\/cofestival.si\/2023\/wp-content\/uploads\/sites\/18\/2023\/12\/download-300x92.jpg 300w, https:\/\/cofestival.si\/2023\/wp-content\/uploads\/sites\/18\/2023\/12\/download.jpg 406w\" sizes=\"(max-width: 241px) 100vw, 241px\" \/><\/a><\/p>\n<h3>Media Sponsors:<\/h3>\n<p><a href=\"https:\/\/www.eventim.si\/\" target=\"_blank\" rel=\"noopener\"><img loading=\"lazy\" decoding=\"async\" class=\"alignnone wp-image-3093\" src=\"http:\/\/cofestival.si\/2023\/wp-content\/uploads\/sites\/18\/2021\/11\/CoF-eventim-300x197-1.jpeg\" alt=\"\" width=\"114\" height=\"75\" \/><\/a> <a href=\"https:\/\/tam-tam.si\/\" target=\"_blank\" rel=\"noopener\"><img loading=\"lazy\" decoding=\"async\" class=\"alignnone wp-image-3100 \" src=\"http:\/\/cofestival.si\/2023\/wp-content\/uploads\/sites\/18\/2021\/11\/21-10101-0225-OTC-Exchange-Confirmation-e1635933330912.jpeg\" alt=\"\" width=\"138\" height=\"95\" \/><\/a><a href=\"https:\/\/mladina.si\/\" target=\"_blank\" rel=\"noopener\"><img loading=\"lazy\" decoding=\"async\" class=\"alignnone wp-image-3094 \" src=\"http:\/\/cofestival.si\/2023\/wp-content\/uploads\/sites\/18\/2021\/11\/mladina-300x300-1-e1635892835307.jpeg\" alt=\"\" width=\"177\" height=\"87\" \/><\/a> <a href=\"https:\/\/val202.rtvslo.si\/\" target=\"_blank\" rel=\"noopener\"><img loading=\"lazy\" decoding=\"async\" class=\"alignnone wp-image-3888\" src=\"http:\/\/cofestival.si\/2023\/wp-content\/uploads\/sites\/18\/2022\/11\/Val202-ConvertImage-300x82.png\" alt=\"\" width=\"274\" height=\"75\" srcset=\"https:\/\/cofestival.si\/2023\/wp-content\/uploads\/sites\/18\/2022\/11\/Val202-ConvertImage-300x82.png 300w, https:\/\/cofestival.si\/2023\/wp-content\/uploads\/sites\/18\/2022\/11\/Val202-ConvertImage.png 544w\" sizes=\"(max-width: 274px) 100vw, 274px\" \/><\/a>\u00a0<a href=\"https:\/\/radiostudent.si\/\" target=\"_blank\" rel=\"noopener\"><img loading=\"lazy\" decoding=\"async\" class=\"alignnone wp-image-3095 \" src=\"http:\/\/cofestival.si\/2023\/wp-content\/uploads\/sites\/18\/2021\/11\/rs\u030c-300x300-1-e1635892975273.jpeg\" alt=\"\" width=\"110\" height=\"94\" \/><\/a><a href=\"https:\/\/zaslon.si\/\" target=\"_blank\" rel=\"noopener\"><img loading=\"lazy\" decoding=\"async\" class=\"alignnone wp-image-3101\" src=\"http:\/\/cofestival.si\/2023\/wp-content\/uploads\/sites\/18\/2021\/11\/imageedit_10_3682123388-300x251.png\" alt=\"\" width=\"98\" height=\"82\" srcset=\"https:\/\/cofestival.si\/2023\/wp-content\/uploads\/sites\/18\/2021\/11\/imageedit_10_3682123388-300x251.png 300w, https:\/\/cofestival.si\/2023\/wp-content\/uploads\/sites\/18\/2021\/11\/imageedit_10_3682123388-1024x855.png 1024w, https:\/\/cofestival.si\/2023\/wp-content\/uploads\/sites\/18\/2021\/11\/imageedit_10_3682123388-768x641.png 768w, https:\/\/cofestival.si\/2023\/wp-content\/uploads\/sites\/18\/2021\/11\/imageedit_10_3682123388.png 1195w\" sizes=\"(max-width: 98px) 100vw, 98px\" \/><\/a>","protected":false},"excerpt":{"rendered":"<p>Production: &nbsp; With the support of: \u00a0 &nbsp; Partners: \u00a0 \u00a0 \u00a0 &nbsp; MAIN SPONSOR of Kina \u0160i\u0161ka: Kino \u0160i\u0161ka is a member of the EDN network: &nbsp; NDA Slovenia is a member of network: Media Sponsors: \u00a0<\/p>\n","protected":false},"author":1,"featured_media":6,"parent":0,"menu_order":0,"comment_status":"closed","ping_status":"closed","template":"","meta":{"footnotes":""},"class_list":["post-2748","page","type-page","status-publish","format-standard","has-post-thumbnail","hentry"],"_links":{"self":[{"href":"https:\/\/cofestival.si\/2023\/en\/wp-json\/wp\/v2\/pages\/2748","targetHints":{"allow":["GET"]}}],"collection":[{"href":"https:\/\/cofestival.si\/2023\/en\/wp-json\/wp\/v2\/pages"}],"about":[{"href":"https:\/\/cofestival.si\/2023\/en\/wp-json\/wp\/v2\/types\/page"}],"author":[{"embeddable":true,"href":"https:\/\/cofestival.si\/2023\/en\/wp-json\/wp\/v2\/users\/1"}],"replies":[{"embeddable":true,"href":"https:\/\/cofestival.si\/2023\/en\/wp-json\/wp\/v2\/comments?post=2748"}],"version-history":[{"count":42,"href":"https:\/\/cofestival.si\/2023\/en\/wp-json\/wp\/v2\/pages\/2748\/revisions"}],"predecessor-version":[{"id":4414,"href":"https:\/\/cofestival.si\/2023\/en\/wp-json\/wp\/v2\/pages\/2748\/revisions\/4414"}],"wp:featuredmedia":[{"embeddable":true,"href":"https:\/\/cofestival.si\/2023\/en\/wp-json\/wp\/v2\/media\/6"}],"wp:attachment":[{"href":"https:\/\/cofestival.si\/2023\/en\/wp-json\/wp\/v2\/media?parent=2748"}],"curies":[{"name":"wp","href":"https:\/\/api.w.org\/{rel}","templated":true}]}}