{"id":4109,"date":"2025-10-13T18:45:05","date_gmt":"2025-10-13T18:45:05","guid":{"rendered":"https:\/\/cofestival.si\/2022\/?page_id=4109"},"modified":"2025-10-13T18:54:05","modified_gmt":"2025-10-13T18:54:05","slug":"legal","status":"publish","type":"page","link":"https:\/\/cofestival.si\/2022\/legal\/","title":{"rendered":"Politika pi\u0161kotkov in zasebnosti"},"content":{"rendered":"<!-- Cofestival \u2013 Politika zasebnosti in pi\u0161kotkov (GDPR) -->\r\n<div style=\"font-size: 14px; line-height: 1.6;\">\r\n\r\n<strong>Politika zasebnosti in Politika pi\u0161kotkov<\/strong>\r\n\r\n<p><strong>Uvod<\/strong><br>\r\nTa dokument zdru\u017euje Politiko zasebnosti in Politiko pi\u0161kotkov za spletno stran cofestival.si. Osebne podatke obdelujemo le v obsegu, ki je nujen za delovanje strani in skladno z GDPR ter zakonodajo RS.<\/p>\r\n\r\n<p><strong>Kateri podatki se zbirajo<\/strong><br>\r\nRegistracija, prijava in komentarji niso omogo\u010deni. Na strani se obdelujejo le tehni\u010dne informacije prek pi\u0161kotkov.<\/p>\r\n\r\n<p><strong>Vrste pi\u0161kotkov<\/strong><br>\r\n&#8211; <em>Nujni<\/em>: jezik, nastavitve, delovanje WordPressa.<br>\r\n&#8211; <em>Funkcionalni in varnostni<\/em>: prijava, za\u0161\u010dita, vdelani predvajalniki (Wordfence, Roundcube, YouTube).<br>\r\n&#8211; <em>Analiti\u010dni<\/em>: osnovna statistika (Google Analytics) samo s privolitvijo.<\/p>\r\n\r\n<p><strong>Seznam pi\u0161kotkov<\/strong><\/p>\r\n<table border=\"1\" cellspacing=\"0\" cellpadding=\"6\">\r\n  <thead>\r\n    <tr>\r\n      <th>Ime<\/th>\r\n      <th>Ponudnik<\/th>\r\n      <th>Namen<\/th>\r\n      <th>\u010cas do poteka<\/th>\r\n      <th>Vrsta<\/th>\r\n    <\/tr>\r\n  <\/thead>\r\n  <tbody>\r\n    <tr><td>HSID<\/td><td>youtube.com<\/td><td>Varnost za Google\/YouTube<\/td><td>1y 1m 4d 18h 9min<\/td><td>Varnostni (tretja oseba)<\/td><\/tr>\r\n    <tr><td>LOGIN_INFO<\/td><td>youtube.com<\/td><td>Nastavitve\/prijava YouTube<\/td><td>26d 12h 33min<\/td><td>Funkcionalni (tretja oseba)<\/td><\/tr>\r\n    <tr><td>PREF<\/td><td>youtube.com<\/td><td>Nastavitve YouTube<\/td><td>1y 1m 4d 18h 10min<\/td><td>Funkcionalni (tretja oseba)<\/td><\/tr>\r\n    <tr><td>SAPISID<\/td><td>youtube.com<\/td><td>Storitev YouTube<\/td><td>1y 1m 4d 18h 9min<\/td><td>Funkcionalni (tretja oseba)<\/td><\/tr>\r\n    <tr><td>SID<\/td><td>youtube.com<\/td><td>Varnost ra\u010duna\/seje<\/td><td>1y 1m 4d 18h 9min<\/td><td>Varnostni (tretja oseba)<\/td><\/tr>\r\n    <tr><td>SIDCC<\/td><td>youtube.com<\/td><td>Za\u0161\u010dita seje<\/td><td>1y 18h 39min<\/td><td>Varnostni (tretja oseba)<\/td><\/tr>\r\n    <tr><td>SSID<\/td><td>youtube.com<\/td><td>Varnost za Google\/YouTube<\/td><td>1y 1m 4d 18h 9min<\/td><td>Varnostni (tretja oseba)<\/td><\/tr>\r\n    <tr><td>VISITOR_INFO1_LIVE<\/td><td>youtube.com<\/td><td>Status\/nastavitve vdelav<\/td><td>5m 29d 18h 47min<\/td><td>Funkcionalni (tretja oseba)<\/td><\/tr>\r\n    <tr><td>VISITOR_PRIVACY_METADATA<\/td><td>youtube.com<\/td><td>Stanje zasebnosti vdelav<\/td><td>5m 29d 18h 47min<\/td><td>Funkcionalni (tretja oseba)<\/td><\/tr>\r\n    <tr><td>YSC<\/td><td>youtube.com<\/td><td>Sejni ID vdelav<\/td><td>Seja<\/td><td>Funkcionalni (tretja oseba)<\/td><\/tr>\r\n    <tr><td>__Secure-1PAPISID<\/td><td>youtube.com<\/td><td>Varne nastavitve<\/td><td>1y 1m 4d 18h 9min<\/td><td>Varnostni (tretja oseba)<\/td><\/tr>\r\n    <tr><td>__Secure-1PSID<\/td><td>youtube.com<\/td><td>Varna seja<\/td><td>1y 1m 4d 18h 9min<\/td><td>Varnostni (tretja oseba)<\/td><\/tr>\r\n    <tr><td>__Secure-1PSIDCC<\/td><td>youtube.com<\/td><td>Za\u0161\u010dita varne seje<\/td><td>1y 18h 39min<\/td><td>Varnostni (tretja oseba)<\/td><\/tr>\r\n    <tr><td>__Secure-1PSIDTS<\/td><td>youtube.com<\/td><td>\u010casovni \u017eig varne seje<\/td><td>1y 18h 39min<\/td><td>Varnostni (tretja oseba)<\/td><\/tr>\r\n    <tr><td>__Secure-3PAPISID<\/td><td>youtube.com<\/td><td>Varni med-spletni pi\u0161kotek<\/td><td>1y 1m 4d 18h 9min<\/td><td>Varnostni (tretja oseba)<\/td><\/tr>\r\n    <tr><td>__Secure-3PSID<\/td><td>youtube.com<\/td><td>Varna med-spletna seja<\/td><td>1y 1m 4d 18h 9min<\/td><td>Varnostni (tretja oseba)<\/td><\/tr>\r\n    <tr><td>__Secure-3PSIDCC<\/td><td>youtube.com<\/td><td>Za\u0161\u010dita med-spletne seje<\/td><td>1y 18h 47min<\/td><td>Varnostni (tretja oseba)<\/td><\/tr>\r\n    <tr><td>__Secure-3PSIDTS<\/td><td>youtube.com<\/td><td>\u010casovni \u017eig med-spletne seje<\/td><td>1y 18h 39min<\/td><td>Varnostni (tretja oseba)<\/td><\/tr>\r\n    <tr><td>__Secure-ROLLOUT_TOKEN<\/td><td>youtube.com<\/td><td>Stanje uvajanja funkcij<\/td><td>5m 28d 19h 4min<\/td><td>Funkcionalni (tretja oseba)<\/td><\/tr>\r\n    <tr><td>wide<\/td><td>youtube.com<\/td><td>Postavitev predvajalnika<\/td><td>Seja<\/td><td>Funkcionalni (tretja oseba)<\/td><\/tr>\r\n\r\n    <tr><td>_ga<\/td><td>.cofestival.si<\/td><td>Merjenje statistike<\/td><td>1y 1m 3d 21h 6min<\/td><td>Analiti\u010dni<\/td><\/tr>\r\n    <tr><td>_gid<\/td><td>.cofestival.si<\/td><td>Bele\u017eenje ogledov<\/td><td>21h 6min<\/td><td>Analiti\u010dni<\/td><\/tr>\r\n\r\n    <tr><td>cookie-notice-accepted<\/td><td>cofestival.si<\/td><td>Odlo\u010ditev o obvestilu<\/td><td>1y 1m 3d 19h 39min<\/td><td>Nujni<\/td><\/tr>\r\n    <tr><td>moove_gdpr_popup<\/td><td>cofestival.si<\/td><td>GDPR nastavitve<\/td><td>1y 17h 16min<\/td><td>Nujni<\/td><\/tr>\r\n    <tr><td>qtrans_admin_language<\/td><td>cofestival.si<\/td><td>Izbira jezika (qTranslate)<\/td><td>1y 18h 46min<\/td><td>Nujni<\/td><\/tr>\r\n    <tr><td>qtrans_front_language<\/td><td>cofestival.si<\/td><td>Izbira jezika (qTranslate)<\/td><td>1y 18h 47min<\/td><td>Nujni<\/td><\/tr>\r\n    <tr><td>roundcube_cookies<\/td><td>cofestival.si<\/td><td>Spletna po\u0161ta Roundcube<\/td><td>24d 15h 8min<\/td><td>Funkcionalni<\/td><\/tr>\r\n    <tr><td>ucp_tabs<\/td><td>cofestival.si<\/td><td>Nastavitve vmesnika<\/td><td>11m 28d 20h 27min<\/td><td>Nujni<\/td><\/tr>\r\n    <tr><td>wfwaf-authcookie-[hash]<\/td><td>cofestival.si<\/td><td>Varnost (Wordfence)<\/td><td>1d 5h 1min<\/td><td>Varnostni<\/td><\/tr>\r\n    <tr><td>wordpress_logged_in_[hash]<\/td><td>cofestival.si<\/td><td>Ohranja prijavo<\/td><td>Seja<\/td><td>Funkcionalni<\/td><\/tr>\r\n    <tr><td>wordpress_sec_[hash]<\/td><td>cofestival.si<\/td><td>Varnost prijave<\/td><td>Seja<\/td><td>Varnostni<\/td><\/tr>\r\n    <tr><td>wordpress_test_cookie<\/td><td>cofestival.si<\/td><td>Preveri podporo pi\u0161kotkov<\/td><td>Seja<\/td><td>Nujni<\/td><\/tr>\r\n    <tr><td>wp-settings-1<\/td><td>cofestival.si<\/td><td>Uporabni\u0161ke nastavitve WP<\/td><td>1y 18h 46min<\/td><td>Nujni<\/td><\/tr>\r\n    <tr><td>wp-settings-time-1<\/td><td>cofestival.si<\/td><td>\u010casovni \u017eig nastavitev<\/td><td>1y 18h 46min<\/td><td>Nujni<\/td><\/tr>\r\n    <tr><td>wp_lang<\/td><td>cofestival.si<\/td><td>Jezik vmesnika<\/td><td>Seja<\/td><td>Nujni<\/td><\/tr>\r\n  <\/tbody>\r\n<\/table>\r\n\r\n<p><strong>Pravna podlaga<\/strong><br>\r\nNujni\/funkcionalni\/varnostni: zakoniti interes (6(1)(f) GDPR). Analiti\u010dni (_ga, _gid): privolitev (6(1)(a) GDPR).<\/p>\r\n\r\n<p><strong>Tretje osebe<\/strong><br>\r\nGoogle Analytics in vdelani YouTube lahko prena\u0161ajo podatke v ZDA. Uporabljajo se standardne pogodbene klavzule EU. \r\n<a href=\"https:\/\/policies.google.com\/privacy\" target=\"_blank\" rel=\"noopener\">Google Privacy Policy<\/a>.<\/p>\r\n\r\n<p><strong>Hramba podatkov<\/strong><br>\r\nPi\u0161kotki se hranijo do poteka, kot je navedeno zgoraj (\u010das do poteka), oziroma do preklica privolitve za analitiko.<\/p>\r\n\r\n<p><strong>Kontakt<\/strong><br>\r\nUpravljavec: Cofestival \u2014 <a href=\"mailto:info@cofestival.si\">info@cofestival.si<\/a>.<\/p>\r\n\r\n<\/div>\r\n you have provided to us. You can also request that we erase any personal data we hold about you. This does not include any data we are obliged to keep for administrative, legal, or security purposes.<\/p>\r\n<!-- \/wp:post-content -->\r\n<p>&nbsp;<\/p>\r\n<!-- wp:heading -->\r\n<h2 class=\"wp-block-heading\">Where your data is sent<\/h2>\r\n<!-- \/wp:heading -->\r\n<p>&nbsp;<\/p>\r\n<!-- wp:paragraph -->\r\n<p><strong class=\"privacy-policy-tutorial\">Suggested text: <\/strong>Visitor comments may be checked through an automated spam detection service.<\/p>\r\n<!-- \/wp:paragraph -->","protected":false},"excerpt":{"rendered":"<p>Politika zasebnosti in Politika pi\u0161kotkov Uvod Ta dokument zdru\u017euje Politiko zasebnosti in Politiko pi\u0161kotkov za spletno stran cofestival.si. Osebne podatke obdelujemo le v obsegu, ki je nujen za delovanje strani in skladno z GDPR ter zakonodajo RS. Kateri podatki se zbirajo Registracija, prijava in komentarji niso omogo\u010deni. Na strani se obdelujejo le tehni\u010dne informacije prek [&hellip;]<\/p>\n","protected":false},"author":1,"featured_media":0,"parent":0,"menu_order":0,"comment_status":"closed","ping_status":"closed","template":"","meta":{"footnotes":""},"class_list":["post-4109","page","type-page","status-publish","format-standard","hentry"],"_links":{"self":[{"href":"https:\/\/cofestival.si\/2022\/wp-json\/wp\/v2\/pages\/4109","targetHints":{"allow":["GET"]}}],"collection":[{"href":"https:\/\/cofestival.si\/2022\/wp-json\/wp\/v2\/pages"}],"about":[{"href":"https:\/\/cofestival.si\/2022\/wp-json\/wp\/v2\/types\/page"}],"author":[{"embeddable":true,"href":"https:\/\/cofestival.si\/2022\/wp-json\/wp\/v2\/users\/1"}],"replies":[{"embeddable":true,"href":"https:\/\/cofestival.si\/2022\/wp-json\/wp\/v2\/comments?post=4109"}],"version-history":[{"count":2,"href":"https:\/\/cofestival.si\/2022\/wp-json\/wp\/v2\/pages\/4109\/revisions"}],"predecessor-version":[{"id":4111,"href":"https:\/\/cofestival.si\/2022\/wp-json\/wp\/v2\/pages\/4109\/revisions\/4111"}],"wp:attachment":[{"href":"https:\/\/cofestival.si\/2022\/wp-json\/wp\/v2\/media?parent=4109"}],"curies":[{"name":"wp","href":"https:\/\/api.w.org\/{rel}","templated":true}]}}