{"id":3047,"date":"2021-11-02T17:01:23","date_gmt":"2021-11-02T17:01:23","guid":{"rendered":"https:\/\/cofestival.si\/2022\/?page_id=3047"},"modified":"2022-11-02T20:55:15","modified_gmt":"2022-11-02T20:55:15","slug":"prizorisca","status":"publish","type":"page","link":"https:\/\/cofestival.si\/2022\/prizorisca\/","title":{"rendered":"Prizori\u0161\u010da"},"content":{"rendered":"<h3 style=\"text-align: center;\">Naslovi prizori\u0161\u010d CoFestivala 2o22<\/h3>\n<p>&nbsp;<\/p>\n<p style=\"text-align: center;\"><strong>Center urbane kulture Kino \u0160i\u0161ka\u00a0<\/strong><br \/>\nTrg prekomorskih brigad 3, Ljubljana<br \/>\n<iframe style=\"border: 0;\" src=\"https:\/\/www.google.com\/maps\/embed?pb=!1m18!1m12!1m3!1d2768.1071012817815!2d14.486903151156326!3d46.06890557901029!2m3!1f0!2f0!3f0!3m2!1i1024!2i768!4f13.1!3m3!1m2!1s0x476532b1175d80cf%3A0x2be428343fdb306!2sCenter%20urbane%20kulture%20kino%20%C5%A0i%C5%A1ka!5e0!3m2!1ssl!2ssi!4v1635872205297!5m2!1ssl!2ssi\" width=\"1000\" height=\"450\" allowfullscreen=\"allowfullscreen\"><\/iframe><\/p>\n<p>&nbsp;<\/p>\n<p>&nbsp;<\/p>\n<p style=\"text-align: center;\"><strong>Lutkovno gledali\u0161\u010de Ljubljana<\/strong><br \/>\nKrekov trg 2, Ljubljana<br \/>\n<iframe style=\"border: 0;\" src=\"https:\/\/www.google.com\/maps\/embed?pb=!1m18!1m12!1m3!1d2769.043454768666!2d14.507940151155621!3d46.05023147900968!2m3!1f0!2f0!3f0!3m2!1i1024!2i768!4f13.1!3m3!1m2!1s0x47652d7cd1270f0d%3A0x346a6d7cb0611f89!2sLutkovno%20gledali%C5%A1%C4%8De%20Ljubljana!5e0!3m2!1ssl!2ssi!4v1635872250104!5m2!1ssl!2ssi\" width=\"1000\" height=\"450\" allowfullscreen=\"allowfullscreen\"><\/iframe><\/p>\n<p>&nbsp;<\/p>\n<p>&nbsp;<\/p>\n<p style=\"text-align: center;\"><strong>Stara mestna elekrarna<\/strong><br \/>\nSlom\u0161kova 18, Ljubljana<br \/>\n<iframe style=\"border: 0;\" src=\"https:\/\/www.google.com\/maps\/embed?pb=!1m18!1m12!1m3!1d2768.786667625623!2d14.510560315372464!3d46.055353279112396!2m3!1f0!2f0!3f0!3m2!1i1024!2i768!4f13.1!3m3!1m2!1s0x476532832a8a8f7f%3A0xe1a620b3fa13b372!2sStara%20mestna%20elektrarna%20-%20Elektro%20Ljubljana!5e0!3m2!1ssl!2ssi!4v1667422011472!5m2!1ssl!2ssi\" width=\"1000\" height=\"450\" allowfullscreen=\"allowfullscreen\"><span data-mce-type=\"bookmark\" style=\"display: inline-block; width: 0px; overflow: hidden; line-height: 0;\" class=\"mce_SELRES_start\">\ufeff<\/span><\/iframe><\/p>\n<p>&nbsp;<\/p>\n<p>&nbsp;<\/p>\n<p style=\"text-align: center;\">","protected":false},"excerpt":{"rendered":"<p>Naslovi prizori\u0161\u010d CoFestivala 2o22 &nbsp; Center urbane kulture Kino \u0160i\u0161ka\u00a0 Trg prekomorskih brigad 3, Ljubljana &nbsp; &nbsp; Lutkovno gledali\u0161\u010de Ljubljana Krekov trg 2, Ljubljana &nbsp; &nbsp; Stara mestna elekrarna Slom\u0161kova 18, Ljubljana \ufeff &nbsp; &nbsp;<\/p>\n","protected":false},"author":1,"featured_media":2752,"parent":0,"menu_order":0,"comment_status":"closed","ping_status":"closed","template":"","meta":{"footnotes":""},"class_list":["post-3047","page","type-page","status-publish","format-standard","has-post-thumbnail","hentry"],"_links":{"self":[{"href":"https:\/\/cofestival.si\/2022\/wp-json\/wp\/v2\/pages\/3047","targetHints":{"allow":["GET"]}}],"collection":[{"href":"https:\/\/cofestival.si\/2022\/wp-json\/wp\/v2\/pages"}],"about":[{"href":"https:\/\/cofestival.si\/2022\/wp-json\/wp\/v2\/types\/page"}],"author":[{"embeddable":true,"href":"https:\/\/cofestival.si\/2022\/wp-json\/wp\/v2\/users\/1"}],"replies":[{"embeddable":true,"href":"https:\/\/cofestival.si\/2022\/wp-json\/wp\/v2\/comments?post=3047"}],"version-history":[{"count":14,"href":"https:\/\/cofestival.si\/2022\/wp-json\/wp\/v2\/pages\/3047\/revisions"}],"predecessor-version":[{"id":3787,"href":"https:\/\/cofestival.si\/2022\/wp-json\/wp\/v2\/pages\/3047\/revisions\/3787"}],"wp:featuredmedia":[{"embeddable":true,"href":"https:\/\/cofestival.si\/2022\/wp-json\/wp\/v2\/media\/2752"}],"wp:attachment":[{"href":"https:\/\/cofestival.si\/2022\/wp-json\/wp\/v2\/media?parent=3047"}],"curies":[{"name":"wp","href":"https:\/\/api.w.org\/{rel}","templated":true}]}}