{"id":2836,"date":"2021-10-29T16:23:46","date_gmt":"2021-10-29T16:23:46","guid":{"rendered":"https:\/\/cofestival.si\/2022\/?page_id=2836"},"modified":"2022-11-23T19:56:27","modified_gmt":"2022-11-23T19:56:27","slug":"vstopnice","status":"publish","type":"page","link":"https:\/\/cofestival.si\/2022\/vstopnice\/","title":{"rendered":"Vstopnice"},"content":{"rendered":"<strong>Nakup vstopnic:<\/strong><br \/>\n<a href=\"http:\/\/www.eventim.si\" target=\"_blank\" rel=\"noopener\">www.eventim.si<\/a> in <a href=\"http:\/\/www.kinosiska.si\" target=\"_blank\" rel=\"noopener\">www.kinosiska.si<\/a><\/p>\n<p><a href=\"https:\/\/www.eventim.si\/si\/vstopnice\/cofestival-2022-ljubljana-kino-siska-595250\/event.html\" target=\"_blank\" rel=\"noopener\"><strong>Festivalska vstopnica:<\/strong> 30 eur<\/a><\/p>\n<p><strong>Vstopnice za posamezne dogodke:<\/strong> 7 eur (predprodaja), 9 eur (prodaja)<\/p>\n<p><a href=\"https:\/\/www.eventim.si\/si\/vstopnice\/moritz-ostruschnjak-plesne-instrukcije-ljubljana-kino-siska-596085\/event.html\" target=\"_blank\" rel=\"noopener\">Moritz Ostruschnjak: Plesne in\u0161trukcije (Ne bo ve\u010dno tako) (2020) <\/a><br \/>\n<a href=\"https:\/\/www.eventim.si\/si\/vstopnice\/b-matijevic-g-chico-zaslonajstniki-ii-ljubljana-lgl-oder-pod-zvezdami-596114\/event.html\" target=\"_blank\" rel=\"noopener\">Barbara Matijevi\u0107 in Giuseppe Chico: Zaslonajstniki II.(2022)<\/a><br \/>\n<a href=\"https:\/\/www.eventim.si\/si\/vstopnice\/yuske-taninaka-galop-ljubljana-stara-mestna-elektrarna-596129\/event.html\" target=\"_blank\" rel=\"noopener\">Yuske Taninaka: Galop (2022)<\/a><br \/>\n<a href=\"https:\/\/cofestival.si\/2022\/en\/michiel-vandevelde-goldbergove-variacije-2020\/\">The Goldberg Variations Platform-K\/Michiel Vandevelde\/Philippe Thuriot<\/a><br \/>\n<a href=\"https:\/\/www.eventim.si\/si\/vstopnice\/aleksandar-georgiev-skrinsejver-ljubljana-kino-siska-596143\/event.html\" target=\"_blank\" rel=\"noopener\">Aleksandar Georgiev: Skrinsejver (2020)<\/a><br \/>\n<a href=\"https:\/\/www.eventim.si\/si\/vstopnice\/vera-ondrasikova-in-kolektiv-prica-ljubljana-stara-mestna-elektrarna-596163\/event.html\" target=\"_blank\" rel=\"noopener\">V\u011bra Ondra\u0161\u00edkov\u00e1 in Kolektiv: Pri\u010da (2021)<\/a><br \/>\n<a href=\"https:\/\/www.eventim.si\/si\/vstopnice\/m-reiter-in-ma-rebolj-preludiji-fuge-ljubljana-stara-mestna-elektrarna-596167\/event.html\" target=\"_blank\" rel=\"noopener\">Magdalena Reiter in Mateja Rebolj: Preludiji in fuge (2022) <\/a><br \/>\nMala Kline: Venera: med ujetostjo in letenjem (2022) &#8211; ODPOVEDANO<br \/>\n<a href=\"https:\/\/www.eventim.si\/si\/vstopnice\/vstajenje-2-0-ljubljana-kino-siska-597514\/event.html\" target=\"_blank\" rel=\"noopener\">Beno Novak, Elvis Homan in Bo\u0161tjan Simon: Vstajenje 2.0 (2021)<\/a><br \/>\n<a href=\"https:\/\/www.eventim.si\/si\/vstopnice\/alma-soederberg-cullberg-noche-ljubljana-kino-siska-596176\/\" target=\"_blank\" rel=\"noopener\">Alma S\u00f6derberg s Cullberg: Noche (2022)<\/a><\/p>\n<p>Blagajna Kina \u0160i\u0161ka je odprta od ponedeljka do petka od 15. do 20. ure ali med vikendom uro pred dogodkom.<\/p>\n<p>Blagajna na drugih prizori\u0161\u010dih je odprta uro pred predstavo. Popusti: Dijaki, \u0161tudentje, upokojenci, registrirane brezposelne osebe, registrirane samozaposlene osebe na podro\u010dju kulture in medijev z veljavnim dokazilom o statusu ter skupine nad 5 oseb imajo 20 % popust pri nakupu vstopnic v predprodaji (ne na dan dogodka) v Kinu \u0160i\u0161ka. Morebitni popusti se ne se\u0161tevajo. Otroci do 6. leta imajo vstop prost. Za gibalno in senzorno ovirane osebe je vstopnica brezpla\u010dna. Prost vstop pripada tudi enemu (1) spremljevalcu.<\/p>\n<p><strong>Informacije:<\/strong><br \/>\n<a href=\"mailto:info@cofestival.si\">info@cofestival.si<\/a><\/p>\n<p><strong>Dodatne informacije: <\/strong><br \/>\n<a href=\"http:\/\/www.kinosiska.si\" target=\"_blank\" rel=\"noopener\">www.kinosiska.si<\/a><br \/>\n<a href=\"http:\/\/www.nda.si\" target=\"_blank\" rel=\"noopener\">www.nda.si<\/a>","protected":false},"excerpt":{"rendered":"<p>Nakup vstopnic: www.eventim.si in www.kinosiska.si Festivalska vstopnica: 30 eur Vstopnice za posamezne dogodke: 7 eur (predprodaja), 9 eur (prodaja) Moritz Ostruschnjak: Plesne in\u0161trukcije (Ne bo ve\u010dno tako) (2020) Barbara Matijevi\u0107 in Giuseppe Chico: Zaslonajstniki II.(2022) Yuske Taninaka: Galop (2022) The Goldberg Variations Platform-K\/Michiel Vandevelde\/Philippe Thuriot Aleksandar Georgiev: Skrinsejver (2020) V\u011bra Ondra\u0161\u00edkov\u00e1 in Kolektiv: Pri\u010da (2021) [&hellip;]<\/p>\n","protected":false},"author":1,"featured_media":2754,"parent":0,"menu_order":0,"comment_status":"closed","ping_status":"closed","template":"","meta":{"footnotes":""},"class_list":["post-2836","page","type-page","status-publish","format-standard","has-post-thumbnail","hentry"],"_links":{"self":[{"href":"https:\/\/cofestival.si\/2022\/wp-json\/wp\/v2\/pages\/2836","targetHints":{"allow":["GET"]}}],"collection":[{"href":"https:\/\/cofestival.si\/2022\/wp-json\/wp\/v2\/pages"}],"about":[{"href":"https:\/\/cofestival.si\/2022\/wp-json\/wp\/v2\/types\/page"}],"author":[{"embeddable":true,"href":"https:\/\/cofestival.si\/2022\/wp-json\/wp\/v2\/users\/1"}],"replies":[{"embeddable":true,"href":"https:\/\/cofestival.si\/2022\/wp-json\/wp\/v2\/comments?post=2836"}],"version-history":[{"count":32,"href":"https:\/\/cofestival.si\/2022\/wp-json\/wp\/v2\/pages\/2836\/revisions"}],"predecessor-version":[{"id":4040,"href":"https:\/\/cofestival.si\/2022\/wp-json\/wp\/v2\/pages\/2836\/revisions\/4040"}],"wp:featuredmedia":[{"embeddable":true,"href":"https:\/\/cofestival.si\/2022\/wp-json\/wp\/v2\/media\/2754"}],"wp:attachment":[{"href":"https:\/\/cofestival.si\/2022\/wp-json\/wp\/v2\/media?parent=2836"}],"curies":[{"name":"wp","href":"https:\/\/api.w.org\/{rel}","templated":true}]}}