{"id":2711,"date":"2021-10-25T22:05:30","date_gmt":"2021-10-25T22:05:30","guid":{"rendered":"https:\/\/cofestival.si\/2022\/?page_id=2711"},"modified":"2022-11-08T12:59:58","modified_gmt":"2022-11-08T12:59:58","slug":"cofestival","status":"publish","type":"page","link":"https:\/\/cofestival.si\/2022\/cofestival\/","title":{"rendered":"Cofestival"},"content":{"rendered":"Leto\u0161nji CoFestival 2022 lahko razdelimo na tri tematske sklope. Prvi koreografsko snov obravnava skozi kolektiven ali subjektiven \u010das (Moritz Ostruschnjak, Michiel Vandevelde, Mateja Rebolj in Magdalena Reiter, Alma S\u00f6derberg in Cullberg), drugi telo in \u017eivljenje motri skozi prizmo virtualne in digitalne krajine (Yuske Taninaka, Aleksander Georgijevski z ekipo, Barbara Matijevi\u0107 in Giuseppe Chico), tretji pa sodobni trenutek pretvarja v poeti\u010dno podobo, ki se neizogibno izteka v naravo (V\u011bra Ondra\u0161\u00edkov\u00e1 s kolektivom, Mala Kline).<\/p>\n<p>CoFestival 2022 bo odprl udaren plesni solo Moritza Ostruschnjaka Plesne in\u0161trukcije (Ne bo ve\u010dno tako), v katerem se zabavna enciklopedija plesnega vitalizma soo\u010di z vpra\u0161anji kontekstualnih smislov. Barbara Matijevi\u0107 in Giuseppe Chico, ki se k nam vra\u010data po petih letih, se v predstavi Zaslonajstniki II ukvarjata s sedimenti na\u0161ih digitalnih krajin in navad. Mladi japonski umetnik Yuske Taninaka v solu Galop z biometri\u010dnimi metodami, ki jih v forenzi\u010dnih raziskavah uporabljajo kriminalisti, problematizira identificirano telesno gradivo. Aleksandar Georgiev z ekipo si za koreografsko partituro jemlje meditativne in ornamentalne digitalne krajine Skrinsejver. V\u011bra Ondra\u0161\u00edkov\u00e1 se s svojim kolektivom v predstavi Pri\u010da ukvarja s potmi in stranpotmi na\u0161ih sodobnih zagat s spreminjajo\u010do se naravo. Mala Kline v multidisciplinarni predstavi Venera, med ujetostjo in letenjem med podobo, telesom in sanjami razprostira vidike Botticellijeve renesan\u010dne slikovne krajine in njene mitologije. Na\u0161 znanec Michiel Vandevelde v izjemni predstavi Goldbergove variacije, s katerimi je emblemati\u010dni sodobnoplesni solo neko\u010d ustvaril Steve Paxton, Bachovo partituro izpostavlja mikroskopiji sodobnega plesnega trenutka, vpra\u0161anjem normativnih in singularnih teles. V Bachovo glasbeno krajino svoji plesni sedanjost in preteklost ume\u0161\u010data tudi Magdalena Reiter in Mateja Rebolj, ki po dveh desetletjih po Formi Interrogativi spet sodelujeta v predstavi Preludiji in fuge. Leto\u0161nji CoFestival bo sklenila<br \/>\npredstava Noche Alme S\u00f6derberg, ki skupaj z znamenitim ansamblom Cullberg svoje koreovokalno delo umesti v odprt trenutek ranljive sinkope. CoFestival bo spremljal diskurzivni program, sestavljen iz pogovorov, predstavitev knjig, filmskega programa ter predstavitve sve\u017ee publikacije ob desetletnici festivala.<\/p>\n<p>Organizacija: Kino \u0160i\u0161ka in NDA Slovenija v sodelovanju s Staro mestno elektrarno in LGL","protected":false},"excerpt":{"rendered":"<p>Leto\u0161nji CoFestival 2022 lahko razdelimo na tri tematske sklope. Prvi koreografsko snov obravnava skozi kolektiven ali subjektiven \u010das (Moritz Ostruschnjak, Michiel Vandevelde, Mateja Rebolj in Magdalena Reiter, Alma S\u00f6derberg in Cullberg), drugi telo in \u017eivljenje motri skozi prizmo virtualne in digitalne krajine (Yuske Taninaka, Aleksander Georgijevski z ekipo, Barbara Matijevi\u0107 in Giuseppe Chico), tretji pa [&hellip;]<\/p>\n","protected":false},"author":1,"featured_media":3764,"parent":0,"menu_order":0,"comment_status":"closed","ping_status":"closed","template":"","meta":{"footnotes":""},"class_list":["post-2711","page","type-page","status-publish","format-standard","has-post-thumbnail","hentry"],"_links":{"self":[{"href":"https:\/\/cofestival.si\/2022\/wp-json\/wp\/v2\/pages\/2711","targetHints":{"allow":["GET"]}}],"collection":[{"href":"https:\/\/cofestival.si\/2022\/wp-json\/wp\/v2\/pages"}],"about":[{"href":"https:\/\/cofestival.si\/2022\/wp-json\/wp\/v2\/types\/page"}],"author":[{"embeddable":true,"href":"https:\/\/cofestival.si\/2022\/wp-json\/wp\/v2\/users\/1"}],"replies":[{"embeddable":true,"href":"https:\/\/cofestival.si\/2022\/wp-json\/wp\/v2\/comments?post=2711"}],"version-history":[{"count":10,"href":"https:\/\/cofestival.si\/2022\/wp-json\/wp\/v2\/pages\/2711\/revisions"}],"predecessor-version":[{"id":3943,"href":"https:\/\/cofestival.si\/2022\/wp-json\/wp\/v2\/pages\/2711\/revisions\/3943"}],"wp:featuredmedia":[{"embeddable":true,"href":"https:\/\/cofestival.si\/2022\/wp-json\/wp\/v2\/media\/3764"}],"wp:attachment":[{"href":"https:\/\/cofestival.si\/2022\/wp-json\/wp\/v2\/media?parent=2711"}],"curies":[{"name":"wp","href":"https:\/\/api.w.org\/{rel}","templated":true}]}}