{"id":2508,"date":"2021-09-25T21:17:41","date_gmt":"2021-09-25T21:17:41","guid":{"rendered":"https:\/\/cofestival.si\/2022\/?page_id=2508"},"modified":"2022-11-23T19:55:02","modified_gmt":"2022-11-23T19:55:02","slug":"program","status":"publish","type":"page","link":"https:\/\/cofestival.si\/2022\/program\/","title":{"rendered":"Program"},"content":{"rendered":"_______________________________________________________________________<\/p>\n<p>Ponedeljek, 21.11. &#8211; Petek, 25.11.<\/p>\n<p><a href=\"https:\/\/cofestival.si\/2022\/glas-ki-ga-besedilo-ne-more-slisati-adam-kinner\/\">Glas, ki ga besedilo ne more sli\u0161ati \u2013 Adam Kinner<\/a><br \/>\n-delavnica<\/p>\n<p>Cepetka, Moj korak<\/p>\n<p>_______________________________________________________________________<\/p>\n<p>23. november ob 15.00, zbirali\u0161\u010de pred Moderno Galerijo,<br \/>\n24. november ob 16.00, zbirali\u0161\u010de pred Moderno Galerijo<\/p>\n<p><a href=\"https:\/\/cofestival.si\/2022\/rok-vevar-po-urbanih-poteh-zgodovine-slovenskega-sodobnega-plesa-in-gledalisca-2022\/\">Rok Vevar: Po urbanih poteh zgodovine slovenskega sodobnega plesa in gledali\u0161\u010da (2022)<\/a><br \/>\n&#8211; voden ogled<br \/>\n*v primeru de\u017eja se dogodek prestavi<\/p>\n<p>Brezpla\u010dna udele\u017eba!<\/p>\n<p>_______________________________________________________________________<\/p>\n<p>Petek in sobota, 25. in 26. november, od 17.00 do 22.00<\/p>\n<p><a href=\"https:\/\/cofestival.si\/2022\/slovenski-gledaliski-zalozniki-na-cofestivalu\/\">Slovenski gledali\u0161ki zalo\u017eniki na CoFestivalu<\/a><br \/>\n&#8211; predstavitev<\/p>\n<p>Kino \u0160i\u0161ka, zgornje preddverje<br \/>\nVstop prost!<\/p>\n<p>_______________________________________________________________________<\/p>\n<p>Petek, 25. november 2022, ob 19.00 \u2013 otvoritev instalacije<br \/>\n* ponedeljek, 28. november 2022, ob 18.00 \u2012 vodstvo kuratorjev po instalaciji<\/p>\n<p><a href=\"https:\/\/cofestival.si\/2022\/grand-re-union-povezovanje-2022\/\">Grand re Union: Povezovanje (2022)<\/a><\/p>\n<p><strong>Kuratorja\/iniciatorja:<\/strong> Joanna Le\u015bnierowska in Peter Pleyer<\/p>\n<p>Kino \u0160i\u0161ka, zgornje preddverje<br \/>\nVstop prost!<br \/>\n&#8211; na ogled do 1. decembra<\/p>\n<p>_______________________________________________________________________<\/p>\n<p>Petek, 25. november 2022, ob 20.00<\/p>\n<p><a href=\"https:\/\/cofestival.si\/2022\/moritz-ostruschnjak-plesne-instrukcije-ne-bo-vecno-tako-2020\/\">Moritz Ostruschnjak: Plesne in\u0161trukcije (Ne bo ve\u010dno tako) (2020)<\/a><br \/>\n&#8211; plesna predstava \u2013 otvoritev festivala<\/p>\n<p>Kino \u0160i\u0161ka, Katedrala<br \/>\n<a href=\"https:\/\/www.eventim.si\/si\/vstopnice\/moritz-ostruschnjak-plesne-instrukcije-ljubljana-kino-siska-596085\/event.html\" target=\"_blank\" rel=\"noopener\">Vstopnina: 7\/9 EUR<\/a><\/p>\n<p>_______________________________________________________________________<\/p>\n<p>Petek, 25. november 2022, od 21.00 dalje<\/p>\n<p><a href=\"https:\/\/cofestival.si\/2022\/en\/vazz-dj-set-dj-puno-kosta\/\">VAZZ DJ set<br \/>\nDJ Puno Ko\u0161ta<\/a><\/p>\n<p>Kino Siska, preddverje<br \/>\nVstop prost!<\/p>\n<p>_______________________________________________________________________<\/p>\n<p>Sobota, 26. november 2022, ob 17.00<\/p>\n<p><a href=\"https:\/\/cofestival.si\/2022\/feministicne-poti-plesa-participatorna-igra\/\">Feministi\u010dne poti plesa (2022)<br \/>\n<\/a>\u2013 participatorni dogodek<\/p>\n<p>Kino \u0160i\u0161ka, zgornje preddverje<br \/>\nVstop prost!<\/p>\n<p>_______________________________________________________________________<\/p>\n<p>Sobota, 26. november 2022, ob 19.30 \u2013 otvoritev &#8211; na ogled do 4. decembra 2022<\/p>\n<p><a href=\"https:\/\/cofestival.si\/2022\/skart-dorde-balmazovic-odprta-beleznica-2022\/\">\u0160kart (\u0110or\u0111e Balmazovi\u0107): Odprta bele\u017enica (2022)<br \/>\n<\/a>&#8211; razstava risb<\/p>\n<p><strong>Kuratorka:<\/strong> Bojana Pi\u0161kur<\/p>\n<p>Kino \u0160i\u0161ka, Kamera<br \/>\nVstop prost!<\/p>\n<p>_______________________________________________________________________<\/p>\n<p>Sobota, 26. november 2022, ob 20.30<\/p>\n<p><a href=\"https:\/\/cofestival.si\/2022\/adam-kinner-izbrani-nacini-govora-2022\/\">Adam Kinner: Izbrani na\u010dini govora (2022)<br \/>\n<\/a>&#8211; predavanje in nastop<\/p>\n<p>Kino \u0160i\u0161ka, zgornje preddverje<br \/>\nVstop prost!<\/p>\n<p>_______________________________________________________________________<\/p>\n<p>Nedelja, 27. november 2022, ob 18.00<\/p>\n<p><a href=\"https:\/\/cofestival.si\/2022\/barbara-matijevic-in-giuseppe-chico-zaslonajstniki-ii-2022\/\">Barbara Matijevi\u0107 in Giuseppe Chico: Zaslonajstniki II. (2022)<br \/>\n<\/a>&#8211; intermedijska predstava<\/p>\n<p>LGL, Oder pod zvezdami<br \/>\n<a href=\"https:\/\/www.eventim.si\/si\/vstopnice\/b-matijevic-g-chico-zaslonajstniki-ii-ljubljana-lgl-oder-pod-zvezdami-596114\/event.html\" target=\"_blank\" rel=\"noopener\">Vstopnina: 7\/9 EUR<\/a><\/p>\n<p>_______________________________________________________________________<\/p>\n<p>Nedelja, 27. november 2022, ob 20.00<\/p>\n<p><a href=\"https:\/\/cofestival.si\/2022\/yuske-taninaka-galop-2022\/\">Yuske Taninaka: Galop (2022)\u00a0<\/a><a href=\"https:\/\/cofestival.si\/2022\/yuske-taninaka-galop-2022\/\"><br \/>\n<\/a>&#8211; plesna predstava<\/p>\n<p>Stara mestna elektrarna<br \/>\n<a href=\"https:\/\/www.eventim.si\/si\/vstopnice\/yuske-taninaka-galop-ljubljana-stara-mestna-elektrarna-596129\/event.html\" target=\"_blank\" rel=\"noopener\">Vstopnina: 7\/9 EUR<\/a><\/p>\n<p>_______________________________________________________________________<\/p>\n<p>Ponedeljek, 28. november 2022, ob 20.00<\/p>\n<p><a href=\"https:\/\/cofestival.si\/2022\/en\/michiel-vandevelde-goldbergove-variacije-2020\/\">Michiel Vandevelde\/Philippe Thuriot\/Platform-K: Goldbergove variacije (2020)<\/a><br \/>\n&#8211; plesna predstava<\/p>\n<p>Kino \u0160i\u0161ka, Katedrala<br \/>\n<a href=\"https:\/\/www.eventim.si\/si\/vstopnice\/michiel-vandevelde-golbergove-variacije-ljubljana-kino-siska-596133\/event.html\" target=\"_blank\" rel=\"noopener\">Vstopnina: 7\/9 EUR<\/a><\/p>\n<p>_______________________________________________________________________<\/p>\n<p>Torek, 29. november 2022, ob 19.00<\/p>\n<p><a href=\"https:\/\/cofestival.si\/2022\/aleksandar-georgiev-skrinsejver-2020\/\">Aleksandar Georgiev: Skrinsejver (2020)<br \/>\n<\/a>&#8211; plesna predstava<\/p>\n<p>Kino \u0160i\u0161ka, Katedrala<br \/>\n<a href=\"https:\/\/www.eventim.si\/si\/vstopnice\/aleksandar-georgiev-skrinsejver-ljubljana-kino-siska-596143\/event.html\" target=\"_blank\" rel=\"noopener\">Vstopnina: 7\/9 EUR<\/a><\/p>\n<p>_______________________________________________________________________<\/p>\n<p>Torek, 29. november 2022, ob 21.00<\/p>\n<p><a href=\"https:\/\/cofestival.si\/2022\/vera-ondrasikova-in-kolektiv-prica-2021\/\">V\u011bra Ondra\u0161\u00edkov\u00e1 in Kolektiv: Pri\u010da (2021)<br \/>\n<\/a>&#8211; plesna predstava<\/p>\n<p>Stara mestna elektrarna<br \/>\n<a href=\"https:\/\/www.eventim.si\/si\/vstopnice\/vera-ondrasikova-in-kolektiv-prica-ljubljana-stara-mestna-elektrarna-596163\/event.html\" target=\"_blank\" rel=\"noopener\">Vstopnina: 7\/9 EUR<\/a><\/p>\n<p>_______________________________________________________________________<\/p>\n<p>Sreda, 30. november 2022, ob 19.00<\/p>\n<p><a href=\"https:\/\/cofestival.si\/2022\/magdalena-reiter-in-mateja-rebolj-preludiji-in-fuge-2022\">Magdalena Reiter in Mateja Rebolj: Preludiji in fuge (2022)<br \/>\n<\/a>&#8211; plesna predstava<\/p>\n<p>Stara mestna elektrarna<br \/>\n<a href=\"https:\/\/www.eventim.si\/si\/vstopnice\/m-reiter-in-ma-rebolj-preludiji-fuge-ljubljana-stara-mestna-elektrarna-596167\/event.html\" target=\"_blank\" rel=\"noopener\">Vstopnina: 7\/9 EUR<\/a><\/p>\n<p>_______________________________________________________________________<\/p>\n<p>Sreda, 30. november 2022, ob 21.00<\/p>\n<p><a href=\"https:\/\/cofestival.si\/2022\/mala-kline-venera-med-ujetostjo-in-letenjem-2022\/\">Mala Kline: Venera: med ujetostjo in letenjem (2022)<br \/>\n<\/a>&#8211; plesna predstava<\/p>\n<p>ODPOVEDANO<\/p>\n<p>_______________________________________________________________________<\/p>\n<p>Sreda, 30. november 2022, ob 21.00<\/p>\n<p><a href=\"https:\/\/cofestival.si\/2022\/beno-novak-elvis-homan-in-bostjan-simon-vstajenje-2-0-2021\/\">Beno Novak, Elvis Homan in Bo\u0161tjan Simon: Vstajenje 2.0 (2021)<\/a><\/p>\n<p>Katedrala, Kino \u0160i\u0161ka<br \/>\n<a href=\"https:\/\/www.eventim.si\/si\/vstopnice\/vstajenje-2-0-ljubljana-kino-siska-597514\/event.html\" target=\"_blank\" rel=\"noopener\">Vstopnina: 7\/9 EUR<\/a><\/p>\n<p>_______________________________________________________________________<\/p>\n<p>\u010cetrtek, 1. december 2022, ob 20.00<\/p>\n<p><a href=\"https:\/\/cofestival.si\/2022\/alma-soderberg-s-cullberg-noche-2022\/\">Alma S\u00f6derberg s Cullberg: Noche (2022)<br \/>\n<\/a>&#8211; plesna predstava<\/p>\n<p>Kino \u0160i\u0161ka, Katedrala<br \/>\n<a href=\"https:\/\/www.eventim.si\/si\/vstopnice\/alma-soederberg-cullberg-noche-ljubljana-kino-siska-596176\/event.html?lang=en&amp;searchText=e\" target=\"_blank\" rel=\"noopener\">Vstopnina: 7\/9 EUR<\/a><\/p>\n<p>_______________________________________________________________________<\/p>\n<p>&nbsp;<\/p>\n<p>*Pridru\u017eujemo si pravico do spremembe programa!<br \/>\nProdukcija: Center urbane kulture Kino \u0160i\u0161ka in Nomad Dance Academy Slovenija<\/p>\n<p>&nbsp;","protected":false},"excerpt":{"rendered":"<p>_______________________________________________________________________ Ponedeljek, 21.11. &#8211; Petek, 25.11. Glas, ki ga besedilo ne more sli\u0161ati \u2013 Adam Kinner -delavnica Cepetka, Moj korak _______________________________________________________________________ 23. november ob 15.00, zbirali\u0161\u010de pred Moderno Galerijo, 24. november ob 16.00, zbirali\u0161\u010de pred Moderno Galerijo Rok Vevar: Po urbanih poteh zgodovine slovenskega sodobnega plesa in gledali\u0161\u010da (2022) &#8211; voden ogled *v primeru de\u017eja [&hellip;]<\/p>\n","protected":false},"author":1,"featured_media":3848,"parent":0,"menu_order":0,"comment_status":"closed","ping_status":"closed","template":"","meta":{"footnotes":""},"class_list":["post-2508","page","type-page","status-publish","format-standard","has-post-thumbnail","hentry"],"_links":{"self":[{"href":"https:\/\/cofestival.si\/2022\/wp-json\/wp\/v2\/pages\/2508","targetHints":{"allow":["GET"]}}],"collection":[{"href":"https:\/\/cofestival.si\/2022\/wp-json\/wp\/v2\/pages"}],"about":[{"href":"https:\/\/cofestival.si\/2022\/wp-json\/wp\/v2\/types\/page"}],"author":[{"embeddable":true,"href":"https:\/\/cofestival.si\/2022\/wp-json\/wp\/v2\/users\/1"}],"replies":[{"embeddable":true,"href":"https:\/\/cofestival.si\/2022\/wp-json\/wp\/v2\/comments?post=2508"}],"version-history":[{"count":77,"href":"https:\/\/cofestival.si\/2022\/wp-json\/wp\/v2\/pages\/2508\/revisions"}],"predecessor-version":[{"id":4039,"href":"https:\/\/cofestival.si\/2022\/wp-json\/wp\/v2\/pages\/2508\/revisions\/4039"}],"wp:featuredmedia":[{"embeddable":true,"href":"https:\/\/cofestival.si\/2022\/wp-json\/wp\/v2\/media\/3848"}],"wp:attachment":[{"href":"https:\/\/cofestival.si\/2022\/wp-json\/wp\/v2\/media?parent=2508"}],"curies":[{"name":"wp","href":"https:\/\/api.w.org\/{rel}","templated":true}]}}