{"id":2502,"date":"2021-09-25T21:12:08","date_gmt":"2021-09-25T21:12:08","guid":{"rendered":"https:\/\/cofestival.si\/2022\/?page_id=2502"},"modified":"2022-11-14T19:22:06","modified_gmt":"2022-11-14T19:22:06","slug":"kolofon","status":"publish","type":"page","link":"https:\/\/cofestival.si\/2022\/en\/kolofon\/","title":{"rendered":"Credits"},"content":{"rendered":"<strong>Artistic board:<\/strong> Dragana Alfirevi\u0107, Mitja Bravhar, Rok Vevar, Jasmina Zalo\u017enik<br \/>\n<strong>Production:<\/strong> Dragana Alfirevi\u0107, Mitja Bravhar, Jasmina Zalo\u017enik<br \/>\n<strong>Organisation:<\/strong> Dragana Alfirevi\u0107, Mitja Bravhar, Andreja Bol\u010dina, Jasmina Zalo\u017enik<br \/>\n<strong>Public relations:<\/strong> Anja Pia Bi\u0161\u010dak, Ur\u0161ka Comino<br \/>\n<strong>Audience relations:<\/strong> Ur\u0161ka Comino<br \/>\n<strong>Technical director:<\/strong> Matej Bobi\u010d<br \/>\n<strong>Executive production assistance:<\/strong> Almedina Me\u0161trovac<\/p>\n<p><strong>Editors and texts:<\/strong> Jasmina Zalo\u017enik and Rok Vevar<br \/>\n<strong>Translation of materials:<\/strong> Urban Belina<br \/>\n<strong>Proofreading of materials in Slovene:<\/strong> Iztok Ilc<br \/>\n<strong>Proofreading of materials in English:<\/strong> Jana Jevtovi\u0107<br \/>\n<strong>Design:<\/strong> Lealudvik<br \/>\n<strong>Social media:<\/strong> Dominika Ma\u0161a Kozar<br \/>\n<strong>Photo documentation:<\/strong> Ur\u0161ka Boljkovac<br \/>\n<strong>Video documentation:<\/strong> Mato Marin\u010dek<br \/>\n<strong>Web coding and editing:<\/strong> Matic Lov\u0161in","protected":false},"excerpt":{"rendered":"<p>Artistic board: Dragana Alfirevi\u0107, Mitja Bravhar, Rok Vevar, Jasmina Zalo\u017enik Production: Dragana Alfirevi\u0107, Mitja Bravhar, Jasmina Zalo\u017enik Organisation: Dragana Alfirevi\u0107, Mitja Bravhar, Andreja Bol\u010dina, Jasmina Zalo\u017enik Public relations: Anja Pia Bi\u0161\u010dak, Ur\u0161ka Comino Audience relations: Ur\u0161ka Comino Technical director: Matej Bobi\u010d Executive production assistance: Almedina Me\u0161trovac Editors and texts: Jasmina Zalo\u017enik and Rok Vevar Translation [&hellip;]<\/p>\n","protected":false},"author":1,"featured_media":2448,"parent":0,"menu_order":0,"comment_status":"closed","ping_status":"closed","template":"","meta":{"footnotes":""},"class_list":["post-2502","page","type-page","status-publish","format-standard","has-post-thumbnail","hentry"],"_links":{"self":[{"href":"https:\/\/cofestival.si\/2022\/en\/wp-json\/wp\/v2\/pages\/2502","targetHints":{"allow":["GET"]}}],"collection":[{"href":"https:\/\/cofestival.si\/2022\/en\/wp-json\/wp\/v2\/pages"}],"about":[{"href":"https:\/\/cofestival.si\/2022\/en\/wp-json\/wp\/v2\/types\/page"}],"author":[{"embeddable":true,"href":"https:\/\/cofestival.si\/2022\/en\/wp-json\/wp\/v2\/users\/1"}],"replies":[{"embeddable":true,"href":"https:\/\/cofestival.si\/2022\/en\/wp-json\/wp\/v2\/comments?post=2502"}],"version-history":[{"count":12,"href":"https:\/\/cofestival.si\/2022\/en\/wp-json\/wp\/v2\/pages\/2502\/revisions"}],"predecessor-version":[{"id":3992,"href":"https:\/\/cofestival.si\/2022\/en\/wp-json\/wp\/v2\/pages\/2502\/revisions\/3992"}],"wp:featuredmedia":[{"embeddable":true,"href":"https:\/\/cofestival.si\/2022\/en\/wp-json\/wp\/v2\/media\/2448"}],"wp:attachment":[{"href":"https:\/\/cofestival.si\/2022\/en\/wp-json\/wp\/v2\/media?parent=2502"}],"curies":[{"name":"wp","href":"https:\/\/api.w.org\/{rel}","templated":true}]}}