{"id":23,"date":"2013-06-03T16:56:44","date_gmt":"2013-06-03T16:56:44","guid":{"rendered":"http:\/\/cofestival.si\/cofestival-2\/?page_id=23"},"modified":"2019-10-29T15:04:51","modified_gmt":"2019-10-29T15:04:51","slug":"prizorisca","status":"publish","type":"page","link":"https:\/\/cofestival.si\/2019\/en\/prizorisca\/","title":{"rendered":"Naslovi prizori\u0161\u010d CoFestivala"},"content":{"rendered":"<strong>Ljubljana:<\/strong><\/p>\n<ul>\n<li><a href=\"https:\/\/www.google.com\/maps\/place\/Kino+%C5%A0i%C5%A1ka\/@46.0689316,14.4869246,17z\/data=!3m1!4b1!4m5!3m4!1s0x476532b1175d80cf:0x2be428343fdb306!8m2!3d46.0689316!4d14.4891133\">Center urbane kulture Kino \u0160i\u0161ka, Trg prekomorskih brigad 3<\/a><\/li>\n<li><a href=\"https:\/\/www.google.com\/maps\/place\/Stara+mestna+elektrarna+-+Elektro+Ljubljana\/@46.0553533,14.5105603,17z\/data=!3m1!4b1!4m5!3m4!1s0x476532832a8a8f7f:0xe1a620b3fa13b372!8m2!3d46.0553533!4d14.512749\">Stara mestna elektrarna \u2013 Elektro Ljubljana, Slom\u0161kova 18<\/a><\/li>\n<li><a href=\"https:\/\/www.google.com\/maps\/place\/The+Mladinsko+Theatre\/@46.0610872,14.50774,17z\/data=!3m1!4b1!4m5!3m4!1s0x4765329bdb4b00ff:0xb87436aaae8e106f!8m2!3d46.0610872!4d14.5099287\">Slovensko mladinsko gledali\u0161\u010de (Nova Po\u0161ta), Vilharjeva 11<\/a><\/li>\n<li><a href=\"https:\/\/www.google.si\/maps\/place\/Plesni+studio+Moj+Korak\/@46.0599479,14.5065879,17z\/data=!3m1!4b1!4m5!3m4!1s0x4765329bd8a2a203:0xc7ebd15cfde18a8d!8m2!3d46.0599442!4d14.5087766\">Plesni studio Moj Korak, Vilharjeva 3<\/a><\/li>\n<\/ul>\n<p>&nbsp;","protected":false},"excerpt":{"rendered":"<p>Ljubljana: Center urbane kulture Kino \u0160i\u0161ka, Trg prekomorskih brigad 3 Stara mestna elektrarna \u2013 Elektro Ljubljana, Slom\u0161kova 18 Slovensko mladinsko gledali\u0161\u010de (Nova Po\u0161ta), Vilharjeva 11 Plesni studio Moj Korak, Vilharjeva 3 &nbsp;<\/p>\n","protected":false},"author":1,"featured_media":0,"parent":0,"menu_order":5,"comment_status":"open","ping_status":"open","template":"","meta":{"footnotes":""},"class_list":["post-23","page","type-page","status-publish","hentry"],"_links":{"self":[{"href":"https:\/\/cofestival.si\/2019\/en\/wp-json\/wp\/v2\/pages\/23","targetHints":{"allow":["GET"]}}],"collection":[{"href":"https:\/\/cofestival.si\/2019\/en\/wp-json\/wp\/v2\/pages"}],"about":[{"href":"https:\/\/cofestival.si\/2019\/en\/wp-json\/wp\/v2\/types\/page"}],"author":[{"embeddable":true,"href":"https:\/\/cofestival.si\/2019\/en\/wp-json\/wp\/v2\/users\/1"}],"replies":[{"embeddable":true,"href":"https:\/\/cofestival.si\/2019\/en\/wp-json\/wp\/v2\/comments?post=23"}],"version-history":[{"count":0,"href":"https:\/\/cofestival.si\/2019\/en\/wp-json\/wp\/v2\/pages\/23\/revisions"}],"wp:attachment":[{"href":"https:\/\/cofestival.si\/2019\/en\/wp-json\/wp\/v2\/media?parent=23"}],"curies":[{"name":"wp","href":"https:\/\/api.w.org\/{rel}","templated":true}]}}