{"id":1071,"date":"2015-08-24T18:43:43","date_gmt":"2015-08-24T18:43:43","guid":{"rendered":"http:\/\/www.cofestival.si\/cofestival-2\/?page_id=1071"},"modified":"2020-04-14T07:58:41","modified_gmt":"2020-04-14T07:58:41","slug":"test","status":"publish","type":"page","link":"https:\/\/cofestival.si\/2019\/en\/test\/","title":{"rendered":"Credits"},"content":{"rendered":"<strong>CoFestival \u00a0CREDITS<\/strong><\/p>\n<p>&nbsp;<\/p>\n<p><strong>Artistic Board<\/strong>: Dragana Alfirevi\u0107, Mitja Bravhar, Dejan Srhoj, Rok Vevar, Jasmina Zalo\u017enik<br \/>\n<strong>Production<\/strong>: Dragana Alfirevi\u0107, Mitja Bravhar, Jasmina Zalo\u017enik<br \/>\n<strong>Organization<\/strong>: Dragana Alfirevi\u0107, Mitja Bravhar in Andreja Bol\u010dina<br \/>\n<strong>Public Relations:\u00a0<\/strong>Rok Avbar<br \/>\n<strong>Technical Director<\/strong>: Matej Bobi\u010d<br \/>\n<strong>Translation of Materials<\/strong>: Urban Belina<br \/>\n<strong>Catalogue Editors<\/strong>: Jasmina Zalo\u017enik in Rok Vevar<br \/>\n<strong>Slovenian Profreading of Materials: <\/strong>Iztok Ilc<strong><br \/>\nWeb Editor and Social Media<\/strong>: Dominika Ma\u0161a Kozar<br \/>\n<strong>Fotodocumentation<\/strong>: Ur\u0161ka Boljkovac<br \/>\n<strong>Videodocumentation: <\/strong>Mato Marin\u010dek<br \/>\n<strong>Design<\/strong>:\u00a0Lealudvik<br \/>\n<strong>Web-programming<\/strong>: Seolution.net<br \/>\n<strong>Volunteers:<\/strong>\u00a0Katja Poga\u010dar in Zoja Etja Pavlovski<\/p>\n<p><em>Kino \u0160i\u0161ka is a member of EDN network.<\/em><\/p>\n<p>We reserve the right to change the programe.<\/p>\n<p>For the visual identity, we used photo from the performance Glitch\u00a9Laetitia Bica.","protected":false},"excerpt":{"rendered":"<p>CoFestival \u00a0CREDITS &nbsp; Artistic Board: Dragana Alfirevi\u0107, Mitja Bravhar, Dejan Srhoj, Rok Vevar, Jasmina Zalo\u017enik Production: Dragana Alfirevi\u0107, Mitja Bravhar, Jasmina Zalo\u017enik Organization: Dragana Alfirevi\u0107, Mitja Bravhar in Andreja Bol\u010dina Public Relations:\u00a0Rok Avbar Technical Director: Matej Bobi\u010d Translation of Materials: Urban Belina Catalogue Editors: Jasmina Zalo\u017enik in Rok Vevar Slovenian Profreading of Materials: Iztok Ilc [&hellip;]<\/p>\n","protected":false},"author":1,"featured_media":0,"parent":0,"menu_order":7,"comment_status":"closed","ping_status":"closed","template":"","meta":{"footnotes":""},"class_list":["post-1071","page","type-page","status-publish","hentry"],"_links":{"self":[{"href":"https:\/\/cofestival.si\/2019\/en\/wp-json\/wp\/v2\/pages\/1071","targetHints":{"allow":["GET"]}}],"collection":[{"href":"https:\/\/cofestival.si\/2019\/en\/wp-json\/wp\/v2\/pages"}],"about":[{"href":"https:\/\/cofestival.si\/2019\/en\/wp-json\/wp\/v2\/types\/page"}],"author":[{"embeddable":true,"href":"https:\/\/cofestival.si\/2019\/en\/wp-json\/wp\/v2\/users\/1"}],"replies":[{"embeddable":true,"href":"https:\/\/cofestival.si\/2019\/en\/wp-json\/wp\/v2\/comments?post=1071"}],"version-history":[{"count":0,"href":"https:\/\/cofestival.si\/2019\/en\/wp-json\/wp\/v2\/pages\/1071\/revisions"}],"wp:attachment":[{"href":"https:\/\/cofestival.si\/2019\/en\/wp-json\/wp\/v2\/media?parent=1071"}],"curies":[{"name":"wp","href":"https:\/\/api.w.org\/{rel}","templated":true}]}}